{"id":4859,"date":"2024-05-13T14:35:53","date_gmt":"2024-05-13T14:35:53","guid":{"rendered":"https:\/\/sterimaxinc.com\/?page_id=4859"},"modified":"2024-05-13T19:41:42","modified_gmt":"2024-05-13T19:41:42","slug":"quality-products","status":"publish","type":"page","link":"https:\/\/sterimaxinc.com\/fr\/quality-products\/","title":{"rendered":"Produits de qualit\u00e9"},"content":{"rendered":"\n  <div class=\"banner has-hover\" id=\"banner-486564866\">\n          <div class=\"banner-inner fill\">\n        <div class=\"banner-bg fill\" >\n            <div class=\"bg fill bg-fill \"><\/div>\n                                    \n                    <\/div>\n        <div class=\"banner-layers container\">\n            <div class=\"fill banner-link\"><\/div>            \n   <div id=\"text-box-1330339751\" class=\"text-box banner-layer x50 md-x50 lg-x50 y50 md-y50 lg-y50 res-text\">\n                                <div class=\"text-box-content text dark\">\n              \n              <div class=\"text-inner text-center\">\n                  \n\t<div id=\"text-3008028861\" class=\"text\">\n\t\t\n<h1><strong>La qualit\u00e9 des produits est notre priorit\u00e9<\/strong><\/h1>\n\t\t\n<style>\n#text-3008028861 {\n  text-align: center;\n}\n<\/style>\n\t<\/div>\n\t\n              <\/div>\n           <\/div>\n                            \n<style>\n#text-box-1330339751 {\n  width: 60%;\n}\n#text-box-1330339751 .text-box-content {\n  font-size: 100%;\n}\n<\/style>\n    <\/div>\n \n        <\/div>\n      <\/div>\n\n            \n<style>\n#banner-486564866 {\n  padding-top: 400px;\n  background-color: rgb(255,255,255);\n}\n#banner-486564866 .bg.bg-loaded {\n  background-image: url(https:\/\/sterimaxinc.com\/wp-content\/uploads\/2024\/05\/SteriMax-Vials-1024x328.jpg);\n}\n<\/style>\n  <\/div>\n\n\n<section class=\"bg-white--continue\">\n<div class=\"row align-equal\"  id=\"row-136951112\">\n\n\t<div id=\"col-57835449\" class=\"col medium-12 small-12 large-12\"  >\n\t\t\t\t<div class=\"col-inner text-center\"  >\n\t\t\t\n\t\t\t\n<h2 class=\"r h2\">La qualit\u00e9 des produits va au-del\u00e0 du contenu des flacons<\/h2>\n<p>Chez SteriMax, la qualit\u00e9 des produits est cruciale pour s\u2019assurer que chaque exp\u00e9rience avec l\u2019un de nos produits r\u00e9pond aux attentes des clients ou les d\u00e9passe. La qualit\u00e9 signifie un emballage convivial qui permet d\u2019identifier facilement les produits, et ce, en vue d\u2019une administration pr\u00e9cise et pratique.<\/p>\n\t\t<\/div>\n\t\t\t\t\t<\/div>\n\n\t\n<\/div>\n<\/section>\n<section class=\"bg-pat\">\n<div class=\"row align-equal\"  id=\"row-2084271300\">\n\n\t<div id=\"col-1434403015\" class=\"col medium-4 small-12 large-4\"  >\n\t\t\t\t<div class=\"col-inner text-left\"  >\n\t\t\t\n\t\t\t\n<h4 class=\"h4--icon\">Des produits de haute qualit\u00e9<\/h4>\n<p>Nos produits sont fabriqu\u00e9s et test\u00e9s dans des installations approuv\u00e9es par Sant\u00e9 Canada, la FDA ou l\u2019EMEA, et maintenus selon les standards d\u2019excellence les plus \u00e9lev\u00e9s.<\/p>\n\t\t<\/div>\n\t\t\t\t\t<\/div>\n\n\t\n\n\t<div id=\"col-1758049199\" class=\"col medium-4 small-12 large-4\"  >\n\t\t\t\t<div class=\"col-inner text-left\"  >\n\t\t\t\n\t\t\t\n<h4 class=\"h4--icon\">Des fournisseurs fiables<\/h4>\n<p>Nous travaillons avec des fournisseurs que nous avons soigneusement choisis et que nous surveillons constamment afin d\u2019offrir des produits constants et fiables.<\/p>\n\t\t<\/div>\n\t\t\t\t\t<\/div>\n\n\t\n\n\t<div id=\"col-324367506\" class=\"col medium-4 small-12 large-4\"  >\n\t\t\t\t<div class=\"col-inner text-left\"  >\n\t\t\t\n\t\t\t\n<h4 class=\"h4--icon\">Notre \u00e9quipe<\/h4>\n<p>SteriMax dispose d\u2019une \u00e9quipe interne pour examiner les produits aux fins de conformit\u00e9 avant leur mise en en march\u00e9.<\/p>\n\t\t<\/div>\n\t\t\t\t\t<\/div>\n\n\t\n<\/div>\n<\/section>\n<section class=\"bg-white--continue\">\n<div class=\"row align-middle\"  id=\"row-663045166\">\n\n\t<div id=\"col-590790152\" class=\"col medium-8 small-12 large-8\"  >\n\t\t\t\t<div class=\"col-inner text-left\"  >\n\t\t\t\n\t\t\t\n<img decoding=\"async\" src=\"\/wp-content\/uploads\/2024\/05\/quality-pharmaceutical-products.jpg\" width=\"100%\" \/><br \/>\n\t\t<\/div>\n\t\t\t\t\t<\/div>\n\n\t\n\n\t<div id=\"col-1024359657\" class=\"col medium-4 small-12 large-4\"  >\n\t\t\t\t<div class=\"col-inner text-center\"  >\n\t\t\t\n\t\t\t\n<h2 class='r'>Un emballage convivial<\/h2>\n\t<div id=\"gap-648830961\" class=\"gap-element clearfix\" style=\"display:block; height:auto;\">\n\t\t\n<style>\n#gap-648830961 {\n  padding-top: 1rem;\n}\n<\/style>\n\t<\/div>\n\t\n<p>Chez SteriMax, nous sommes tr\u00e8s vigilants lorsque nous concevons l\u2019emballage de nos produits afin de r\u00e9duire les erreurs de m\u00e9dication. Dans notre industrie, des emballages clairs, concis et identifiables sont essentiels. Notre emballage est ainsi soigneusement con\u00e7u pour assurer la distinction entre les produits dot\u00e9s d\u2019un nom similaire et mettre en \u00e9vidence les avis importants, tels qu\u2019une teneur en latex et des renseignements sur la reconstitution, et est codifi\u00e9 par couleur afin de faciliter la s\u00e9lection et la visibilit\u00e9 du dosage.<\/p>\n\t\t<\/div>\n\t\t\t\t\t<\/div>\n\n\t\n<\/div>\n<\/section>\n<section class=\"bg-white--continue\">\n\n  <div class=\"banner has-hover\" id=\"banner-1069085859\">\n          <div class=\"banner-inner fill\">\n        <div class=\"banner-bg fill\" >\n            <div class=\"bg fill bg-fill \"><\/div>\n                                    \n                    <\/div>\n        <div class=\"banner-layers container\">\n            <div class=\"fill banner-link\"><\/div>            \n   <div id=\"text-box-1160338115\" class=\"text-box banner-layer x0 md-x0 lg-x0 y50 md-y50 lg-y50 res-text\">\n                                <div class=\"text-box-content text dark\">\n              \n              <div class=\"text-inner text-left\">\n                  \n<div class=\"row row-large align-center\"  id=\"row-1846148657\">\n\n\t<div id=\"col-154045540\" class=\"col medium-8 small-12 large-8\"  >\n\t\t\t\t<div class=\"col-inner\" style=\"background-color:rgba(0, 0, 0, 0.5);\" >\n\t\t\t\n\t\t\t\n<p class=\"big\" style=\"margin-bottom:0;\">Nous portons une \u00e9coute attentive aux besoins de nos clients. SteriMax investit dans des produits novateurs afin de r\u00e9pondre aux pratiques exemplaires des pharmacies en mati\u00e8re d\u2019\u00e9tiquetage et d\u2019emballage et contribuer \u00e0 la r\u00e9duction d\u2019erreurs de <\/p>\n<p style=\"font-size:1.8rem; text-align:right; margin-top:0;\">-Samir Acharya, VPE<\/p>\n\t\t<\/div>\n\t\t\t\t\n<style>\n#col-154045540 > .col-inner {\n  padding: 1em 2em 2em 2em;\n}\n<\/style>\n\t<\/div>\n\n\t\n<\/div>\n              <\/div>\n           <\/div>\n                            \n<style>\n#text-box-1160338115 {\n  width: 100%;\n}\n#text-box-1160338115 .text-box-content {\n  font-size: 100%;\n}\n<\/style>\n    <\/div>\n \n        <\/div>\n      <\/div>\n\n            \n<style>\n#banner-1069085859 {\n  padding-top: 500px;\n  background-color: rgb(255,255,255);\n}\n#banner-1069085859 .bg.bg-loaded {\n  background-image: url(https:\/\/sterimaxinc.com\/wp-content\/uploads\/2024\/05\/SteriMax-Quality.jpg);\n}\n<\/style>\n  <\/div>\n\n\n<\/section>\n<section class=\"bg-white--continue\">\n<div class=\"row align-middle\"  id=\"row-1212758628\">\n\n\t<div id=\"col-1217818214\" class=\"col medium-10 small-12 large-10\"  >\n\t\t\t\t<div class=\"col-inner text-top\"  >\n\t\t\t\n\t\t\t\n<h2 class=\"r\">Nous \u00e9coutons, apprenons et am\u00e9liorons nos produits<\/h2>\n<p>\u00c9tablir des partenariats prosp\u00e8res commence avec le d\u00e9sir d\u2019\u00e9couter et d\u2019apprendre. Lorsque SteriMax a ajout\u00e9 Cloxacillin \u00e0 son portefeuille, nos clients nous ont appris que les pharmacies utilisaient un nombre consid\u00e9rable de flacons de 2 g (le plus gros volume disponible) pour r\u00e9pondre \u00e0 leurs besoins, ce qui n\u00e9cessitait plus de temps pour pr\u00e9parer le produit et plus de d\u00e9chets m\u00e9dicaux.<\/p>\n<p>SteriMax a relev\u00e9 le d\u00e9fi en d\u00e9veloppant un format de flacon de 10 g pour Cloxacillin, une premi\u00e8re au Canada, afin de simplifier le processus d\u2019administration et r\u00e9duire la probabilit\u00e9 d\u2019erreurs m\u00e9dicales.<\/p>\n\t<div id=\"gap-1436831835\" class=\"gap-element clearfix\" style=\"display:block; height:auto;\">\n\t\t\n<style>\n#gap-1436831835 {\n  padding-top: 1rem;\n}\n<\/style>\n\t<\/div>\n\t\n<div class=\"row row-large align-center\"  id=\"row-1530765226\">\n\n\t<div id=\"col-2080576244\" class=\"col medium-4 small-12 large-4\"  >\n\t\t\t\t<div class=\"col-inner\"  >\n\t\t\t\n\t\t\t\n<a href=\"\/our-story\/\" target=\"_self\" class=\"button secondary\"  style=\"padding:18px 40px 18px 40px;\">\n    <span>NOTRE PROMESSE<\/span>\n  <\/a>\n\n\t\t<\/div>\n\t\t\t\t\t<\/div>\n\n\t\n\n\t<div id=\"col-992398048\" class=\"col medium-4 small-12 large-4\"  >\n\t\t\t\t<div class=\"col-inner\"  >\n\t\t\t\n\t\t\t\n<a href=\"\/our-mission\/\" target=\"_self\" class=\"button secondary\"  style=\"padding:18px 40px 18px 40px;\">\n    <span>NOTRE PRODUITS<\/span>\n  <\/a>\n\n\t\t<\/div>\n\t\t\t\t\t<\/div>\n\n\t\n\n\t<div id=\"col-121466328\" class=\"col medium-4 small-12 large-4\"  >\n\t\t\t\t<div class=\"col-inner\"  >\n\t\t\t\n\t\t\t\n<a href=\"\/partnerships\/\" target=\"_self\" class=\"button secondary line--two\"  >\n    <span>SERVICE &Agrave; LA CLIENT&Eacute;LE<br \/>PARTENAIRE<\/span>\n  <\/a>\n\n\t\t<\/div>\n\t\t\t\t\t<\/div>\n\n\t\n<\/div>\n\t\t<\/div>\n\t\t\t\t\t<\/div>\n\n\t\n\n\t<div id=\"col-174362930\" class=\"col medium-2 small-12 large-2\"  >\n\t\t\t\t<div class=\"col-inner text-left\"  >\n\t\t\t\n\t\t\t\n<img decoding=\"async\" src=\"\/wp-content\/uploads\/2024\/05\/cloxacillin-10g2.jpg\" width=\"100%\" \/><br \/>\n\t\t<\/div>\n\t\t\t\t\t<\/div>\n\n\t\n<\/div>\n<\/section>\n","protected":false},"excerpt":{"rendered":"La qualit\u00e9 des produits est notre priorit\u00e9 La qualit\u00e9 des produits va au-del\u00e0 du contenu des flacons Chez SteriMax, la qualit\u00e9 des produits est cruciale pour s\u2019assurer que chaque exp\u00e9rience avec l\u2019un de nos produits r\u00e9pond aux attentes des clients ou les d\u00e9passe. La qualit\u00e9 signifie un emballage convivial qui permet d\u2019identifier facilement les produits, [...]","protected":false},"author":2,"featured_media":0,"parent":0,"menu_order":0,"comment_status":"closed","ping_status":"closed","template":"page-blank.php","meta":{"footnotes":""},"class_list":["post-4859","page","type-page","status-publish","hentry"],"_links":{"self":[{"href":"https:\/\/sterimaxinc.com\/fr\/wp-json\/wp\/v2\/pages\/4859","targetHints":{"allow":["GET"]}}],"collection":[{"href":"https:\/\/sterimaxinc.com\/fr\/wp-json\/wp\/v2\/pages"}],"about":[{"href":"https:\/\/sterimaxinc.com\/fr\/wp-json\/wp\/v2\/types\/page"}],"author":[{"embeddable":true,"href":"https:\/\/sterimaxinc.com\/fr\/wp-json\/wp\/v2\/users\/2"}],"replies":[{"embeddable":true,"href":"https:\/\/sterimaxinc.com\/fr\/wp-json\/wp\/v2\/comments?post=4859"}],"version-history":[{"count":0,"href":"https:\/\/sterimaxinc.com\/fr\/wp-json\/wp\/v2\/pages\/4859\/revisions"}],"wp:attachment":[{"href":"https:\/\/sterimaxinc.com\/fr\/wp-json\/wp\/v2\/media?parent=4859"}],"curies":[{"name":"wp","href":"https:\/\/api.w.org\/{rel}","templated":true}]}}