{"id":4822,"date":"2024-05-13T13:55:41","date_gmt":"2024-05-13T13:55:41","guid":{"rendered":"https:\/\/sterimaxinc.com\/?page_id=4822"},"modified":"2024-05-13T14:33:02","modified_gmt":"2024-05-13T14:33:02","slug":"reliable-supply-chain","status":"publish","type":"page","link":"https:\/\/sterimaxinc.com\/fr\/reliable-supply-chain\/","title":{"rendered":"Cha\u00eene d\u2019approvisionnement fiable"},"content":{"rendered":"\n  <div class=\"banner has-hover\" id=\"banner-1676291989\">\n          <div class=\"banner-inner fill\">\n        <div class=\"banner-bg fill\" >\n            <div class=\"bg fill bg-fill \"><\/div>\n                                    \n                    <\/div>\n        <div class=\"banner-layers container\">\n            <div class=\"fill banner-link\"><\/div>            \n   <div id=\"text-box-681219942\" class=\"text-box banner-layer x50 md-x50 lg-x50 y50 md-y50 lg-y50 res-text\">\n                                <div class=\"text-box-content text dark\">\n              \n              <div class=\"text-inner text-center\">\n                  \n\t<div id=\"text-110093947\" class=\"text\">\n\t\t\n<h1><strong>Planification, agilit\u00e9 et collaboration riment avec approvisionnement fiable<\/strong><\/h1>\n\t\t\n<style>\n#text-110093947 {\n  text-align: center;\n}\n<\/style>\n\t<\/div>\n\t\n              <\/div>\n           <\/div>\n                            \n<style>\n#text-box-681219942 {\n  width: 90%;\n}\n#text-box-681219942 .text-box-content {\n  font-size: 100%;\n}\n<\/style>\n    <\/div>\n \n        <\/div>\n      <\/div>\n\n            \n<style>\n#banner-1676291989 {\n  padding-top: 250px;\n  background-color: rgb(255,255,255);\n}\n#banner-1676291989 .bg.bg-loaded {\n  background-image: url(https:\/\/sterimaxinc.com\/wp-content\/uploads\/2024\/05\/xSteriMax-Supplychain-1024x205.jpg);\n}\n<\/style>\n  <\/div>\n\n\n<section class=\"bg-white--continue\">\n<div class=\"row align-top\"  id=\"row-280550852\">\n\n\t<div id=\"col-677058199\" class=\"col medium-12 small-12 large-12\"  >\n\t\t\t\t<div class=\"col-inner text-center\"  >\n\t\t\t\n\t\t\t\n<h2 class=\"r h2\"><strong>Comment nous travaillons pour maintenir un approvisionnement constant<\/strong><\/h2>\n\t\t<\/div>\n\t\t\t\t\t<\/div>\n\n\t\n\n\t<div id=\"col-63486958\" class=\"col medium-4 small-12 large-4\"  >\n\t\t\t\t<div class=\"col-inner text-center\"  >\n\t\t\t\n\t\t\t\n<img decoding=\"async\" style=\"margin:0 auto\" src=\"\/wp-content\/uploads\/2024\/04\/download.webp\" width=\"20%\" \/><\/p>\n<h3 class=\"r\">Le Canada est notre priorit\u00e9.<\/h3>\n<p>Nous d\u00e9dions la majorit\u00e9 de nos ressources aux activit\u00e9s dans notre pays.<\/p>\n\t\t<\/div>\n\t\t\t\t\t<\/div>\n\n\t\n\n\t<div id=\"col-1623140792\" class=\"col medium-4 small-12 large-4\"  >\n\t\t\t\t<div class=\"col-inner text-center\"  >\n\t\t\t\n\t\t\t\n<img decoding=\"async\" style=\"margin:0 auto\" src=\"\/wp-content\/uploads\/2024\/04\/download.webp\" width=\"20%\" \/><\/p>\n<h3 class=\"r\">Nous travaillons avec des fournisseurs d\u00e9vou\u00e9s.<\/h3>\n<p>Nous avons \u00e9tabli un processus rigoureux de s\u00e9lection de fournisseurs \u00e9prouv\u00e9s qui fournissent une ligne de produits de qualit\u00e9.<\/p>\n\t\t<\/div>\n\t\t\t\t\t<\/div>\n\n\t\n\n\t<div id=\"col-68568701\" class=\"col medium-4 small-12 large-4\"  >\n\t\t\t\t<div class=\"col-inner text-center\"  >\n\t\t\t\n\t\t\t\n<img decoding=\"async\" style=\"margin:0 auto\" src=\"\/wp-content\/uploads\/2024\/04\/download.webp\" width=\"20%\" \/><\/p>\n<h3 class=\"r\">Nous surveillons constamment l\u2019approvisionnement.<\/h3>\n<p>Nous surveillons sans rel\u00e2che le march\u00e9 pour maintenir des niveaux appropri\u00e9s d\u2019approvisionnement avec des garanties ad\u00e9quates pour faire face aux fluctuations du march\u00e9.<\/p>\n\t\t<\/div>\n\t\t\t\t\t<\/div>\n\n\t\n<\/div>\n<\/section>\n<section class=\"bg-white--continue\">\n\n  <div class=\"banner has-hover\" id=\"banner-1291763680\">\n          <div class=\"banner-inner fill\">\n        <div class=\"banner-bg fill\" >\n            <div class=\"bg fill bg-fill \"><\/div>\n                                    \n                    <\/div>\n        <div class=\"banner-layers container\">\n            <div class=\"fill banner-link\"><\/div>            \n   <div id=\"text-box-903164516\" class=\"text-box banner-layer x0 md-x0 lg-x0 y50 md-y50 lg-y50 res-text\">\n                                <div class=\"text-box-content text dark\">\n              \n              <div class=\"text-inner text-center\">\n                  \n<div class=\"row align-center\"  id=\"row-745535381\">\n\t<div id=\"gap-89352063\" class=\"gap-element clearfix\" style=\"display:block; height:auto;\">\n\t\t\n<style>\n#gap-89352063 {\n  padding-top: 2rem;\n}\n<\/style>\n\t<\/div>\n\t\n\n\t<div id=\"col-728602027\" class=\"col rev small-12 large-12\"  >\n\t\t\t\t<div class=\"col-inner\"  >\n\t\t\t\n\t\t\t\n<h2><strong class=\"rev--a\">En savoir plus sur notre gestion de la cha\u00eene d\u2019approvisionnement<\/strong><\/h2>\n\t\t<\/div>\n\t\t\t\t\t<\/div>\n\n\t\n<\/div>\n<div class=\"row row-small\"  id=\"row-1998621220\">\n\n\t<div id=\"col-691330585\" class=\"col small-12 large-12\"  >\n\t\t\t\t<div class=\"col-inner\" style=\"background-color:rgba(0, 0, 0, 0.5);\" >\n\t\t\t\n\t\t\t\n<div class=\"row align-equal\"  id=\"row-572678166\">\n\n\t<div id=\"col-296464653\" class=\"col medium-4 small-6 large-4\"  >\n\t\t\t\t<div class=\"col-inner text-left\"  >\n\t\t\t\n\t\t\t\n<h3 class=\"b_box big\">Proactifs et<br \/>pr\u00e9dicatifs<\/h3>\n<p>Avec plus de 100 ans d\u2019exp\u00e9rience cumul\u00e9e au sein de notre \u00e9quipe de direction seulement, nous avons les connaissances et l\u2019expertise n\u00e9cessaires pour analyser le march\u00e9, identifier les enjeux potentiels et entreprendre les <\/p>\n<section style=\"text-align:center\">\n<a href=\"#\" target=\"_self\" class=\"button secondary line--two\"  >\n    <span>Our Executive<br \/>Team<\/span>\n  <\/a>\n\n<\/section>\n\t\t<\/div>\n\t\t\t\t\n<style>\n#col-296464653 > .col-inner {\n  padding: 20px 20px 0px 20px;\n}\n<\/style>\n\t<\/div>\n\n\t\n\n\t<div id=\"col-1862673820\" class=\"col medium-4 small-6 large-4\"  >\n\t\t\t\t<div class=\"col-inner text-left\"  >\n\t\t\t\n\t\t\t\n<h3 class=\"b_box big\">Une feuille de<br \/>route \u00e9prouv\u00e9e<\/h3>\n<p>SteriMax a fait ses preuves en mati\u00e8re d\u2019approvisionnement constant. Avec des milliers de clients satisfaits dans les secteurs hospitaliers et de d\u00e9tail, nous continuons d\u2019\u00e9tablir de solides relations en \u00e9tant un partenaire fiable.<\/p>\n<section style=\"text-align:center\">\n<a href=\"\/products\/\" target=\"_self\" class=\"button secondary\"  style=\"padding:15px 20px 15px 20px;\">\n    <span>Our Products<\/span>\n  <\/a>\n\n<\/section>\n\t\t<\/div>\n\t\t\t\t\n<style>\n#col-1862673820 > .col-inner {\n  padding: 20px 20px 0px 20px;\n}\n<\/style>\n\t<\/div>\n\n\t\n\n\t<div id=\"col-169939409\" class=\"col medium-4 small-6 large-4\"  >\n\t\t\t\t<div class=\"col-inner text-left\"  >\n\t\t\t\n\t\t\t\n<h3 class=\"b_box big\">Une communication claire<\/h3>\n<p>Chez SteriMax, nous sommes fiers de notre accessibilit\u00e9 et de notre communication transparente qui, de mani\u00e8re opportune, offrent aux clients et aux partenaires de la cha\u00eene d\u2019approvisionnement tous les renseignements dont ils ont <\/p>\n<section style=\"text-align:center\">\n<a href=\"#\" target=\"_self\" class=\"button secondary\"  style=\"padding:15px 20px 15px 20px;\">\n    <span>Learn More<\/span>\n  <\/a>\n\n<\/section>\n\t\t<\/div>\n\t\t\t\t\n<style>\n#col-169939409 > .col-inner {\n  padding: 20px 20px 0px 20px;\n}\n<\/style>\n\t<\/div>\n\n\t\n<\/div>\n\t\t<\/div>\n\t\t\t\t\t<\/div>\n\n\t\n<\/div>\n              <\/div>\n           <\/div>\n                            \n<style>\n#text-box-903164516 {\n  width: 100%;\n}\n#text-box-903164516 .text-box-content {\n  font-size: 100%;\n}\n<\/style>\n    <\/div>\n \n        <\/div>\n      <\/div>\n\n            \n<style>\n#banner-1291763680 {\n  padding-top: 500px;\n  background-color: rgb(255,255,255);\n}\n#banner-1291763680 .bg.bg-loaded {\n  background-image: url(https:\/\/sterimaxinc.com\/wp-content\/uploads\/2024\/05\/xreliable-supply-chain1.jpg);\n}\n<\/style>\n  <\/div>\n\n\n<\/section>\n","protected":false},"excerpt":{"rendered":"Planification, agilit\u00e9 et collaboration riment avec approvisionnement fiable Comment nous travaillons pour maintenir un approvisionnement constant Le Canada est notre priorit\u00e9. Nous d\u00e9dions la majorit\u00e9 de nos ressources aux activit\u00e9s dans notre pays. Nous travaillons avec des fournisseurs d\u00e9vou\u00e9s. Nous avons \u00e9tabli un processus rigoureux de s\u00e9lection de fournisseurs \u00e9prouv\u00e9s qui fournissent une ligne de [...]","protected":false},"author":2,"featured_media":0,"parent":0,"menu_order":0,"comment_status":"closed","ping_status":"closed","template":"page-blank.php","meta":{"footnotes":""},"class_list":["post-4822","page","type-page","status-publish","hentry"],"_links":{"self":[{"href":"https:\/\/sterimaxinc.com\/fr\/wp-json\/wp\/v2\/pages\/4822","targetHints":{"allow":["GET"]}}],"collection":[{"href":"https:\/\/sterimaxinc.com\/fr\/wp-json\/wp\/v2\/pages"}],"about":[{"href":"https:\/\/sterimaxinc.com\/fr\/wp-json\/wp\/v2\/types\/page"}],"author":[{"embeddable":true,"href":"https:\/\/sterimaxinc.com\/fr\/wp-json\/wp\/v2\/users\/2"}],"replies":[{"embeddable":true,"href":"https:\/\/sterimaxinc.com\/fr\/wp-json\/wp\/v2\/comments?post=4822"}],"version-history":[{"count":0,"href":"https:\/\/sterimaxinc.com\/fr\/wp-json\/wp\/v2\/pages\/4822\/revisions"}],"wp:attachment":[{"href":"https:\/\/sterimaxinc.com\/fr\/wp-json\/wp\/v2\/media?parent=4822"}],"curies":[{"name":"wp","href":"https:\/\/api.w.org\/{rel}","templated":true}]}}