{"id":4802,"date":"2024-05-13T13:24:42","date_gmt":"2024-05-13T13:24:42","guid":{"rendered":"https:\/\/sterimaxinc.com\/?page_id=4802"},"modified":"2024-05-13T13:51:51","modified_gmt":"2024-05-13T13:51:51","slug":"customer-service","status":"publish","type":"page","link":"https:\/\/sterimaxinc.com\/fr\/customer-service\/","title":{"rendered":"Service \u00e0 la client\u00e8le"},"content":{"rendered":"\n  <div class=\"banner has-hover\" id=\"banner-1827653071\">\n          <div class=\"banner-inner fill\">\n        <div class=\"banner-bg fill\" >\n            <div class=\"bg fill bg-fill \"><\/div>\n                                    \n                    <\/div>\n        <div class=\"banner-layers container\">\n            <div class=\"fill banner-link\"><\/div>            \n   <div id=\"text-box-554825685\" class=\"text-box banner-layer x50 md-x50 lg-x50 y50 md-y50 lg-y50 res-text\">\n                                <div class=\"text-box-content text dark\">\n              \n              <div class=\"text-inner text-center\">\n                  \n\t<div id=\"text-3982280389\" class=\"text\">\n\t\t\n<h1><strong>Un service de grande qualit\u00e9 favorise des partenariats solides<\/strong><\/h1>\n\t\t\n<style>\n#text-3982280389 {\n  text-align: center;\n}\n<\/style>\n\t<\/div>\n\t\n              <\/div>\n           <\/div>\n                            \n<style>\n#text-box-554825685 {\n  width: 100%;\n}\n#text-box-554825685 .text-box-content {\n  font-size: 100%;\n}\n<\/style>\n    <\/div>\n \n        <\/div>\n      <\/div>\n\n            \n<style>\n#banner-1827653071 {\n  padding-top: 200px;\n  background-color: rgb(255,255,255);\n}\n#banner-1827653071 .bg.bg-loaded {\n  background-image: url(https:\/\/sterimaxinc.com\/wp-content\/uploads\/2024\/05\/xsterimax-customer-service-header-1024x164.jpg);\n}\n<\/style>\n  <\/div>\n\n\n<section class=\"bg-white--continue\">\n<div class=\"row\"  id=\"row-1563030152\">\n\n\t<div id=\"col-1168350696\" class=\"col small-12 large-12\"  >\n\t\t\t\t<div class=\"col-inner text-center\"  >\n\t\t\t\n\t\t\t\n<h2 class=\"r h2\">En quoi consiste notre service \u00e0 la client\u00e8le<\/h2>\n\t\t<\/div>\n\t\t\t\t\t<\/div>\n\n\t\n\n\t<div id=\"col-1099994161\" class=\"col medium-4 small-12 large-4\"  >\n\t\t\t\t<div class=\"col-inner text-left\"  >\n\t\t\t\n\t\t\t\n<div class=\"row row-small align-top\"  id=\"row-1087139567\">\n\n\t<div id=\"col-1296406935\" class=\"col medium-3 small-12 large-3\"  >\n\t\t\t\t<div class=\"col-inner text-center\"  >\n\t\t\t\n\t\t\t<img decoding=\"async\" src=\"\/wp-content\/uploads\/2024\/04\/download.webp\" width=\"100%\" \/>\t\t<\/div>\n\t\t\t\t\t<\/div>\n\n\t\n\n\t<div id=\"col-511951369\" class=\"col medium-9 small-12 large-9\"  >\n\t\t\t\t<div class=\"col-inner text-left\"  >\n\t\t\t\n\t\t\t\n<h3 class=\"sml\">Nous sommes une organisation entrepreneuriale qui se soucie de ses clients<\/h3>\n\t\t<\/div>\n\t\t\t\t\t<\/div>\n\n\t\n\n\t<div id=\"col-817670803\" class=\"col medium-12 small-12 large-12\"  >\n\t\t\t\t<div class=\"col-inner text-left\"  >\n\t\t\t\n\t\t\t\n<p>Chaque client est important pour nous. En tant qu\u2019organisation qui a rapidement pris de l\u2019expansion, nous \u00e9tablissons des relations solides en aidant nos clients \u00e0 atteindre leurs objectifs<\/p>\n\t\t<\/div>\n\t\t\t\t\t<\/div>\n\n\t\n<\/div>\n\t\t<\/div>\n\t\t\t\t\t<\/div>\n\n\t\n\n\t<div id=\"col-2122666612\" class=\"col medium-4 small-12 large-4\"  >\n\t\t\t\t<div class=\"col-inner text-left\"  >\n\t\t\t\n\t\t\t\n<div class=\"row row-small align-top\"  id=\"row-120247805\">\n\n\t<div id=\"col-308579395\" class=\"col medium-3 small-12 large-3\"  >\n\t\t\t\t<div class=\"col-inner text-center\"  >\n\t\t\t\n\t\t\t<img decoding=\"async\" src=\"\/wp-content\/uploads\/2024\/04\/download.webp\" width=\"100%\" \/>\t\t<\/div>\n\t\t\t\t\t<\/div>\n\n\t\n\n\t<div id=\"col-731854878\" class=\"col medium-9 small-12 large-9\"  >\n\t\t\t\t<div class=\"col-inner text-left\"  >\n\t\t\t\n\t\t\t\n<h3 class=\"sml\">Des personnes comp\u00e9tentes qui \u00e9coutent nos clients<\/h3>\n\t\t<\/div>\n\t\t\t\t\t<\/div>\n\n\t\n\n\t<div id=\"col-1799477826\" class=\"col medium-12 small-12 large-12\"  >\n\t\t\t\t<div class=\"col-inner text-left\"  >\n\t\t\t\n\t\t\t\n<p>Lorsque nos clients nous transmettent leurs commentaires, non seulement ils trouveront une personne \u00e0 leur \u00e9coute, mais qui d\u00e9tient les connaissances requises pour faire une diff\u00e9rence.<\/p>\n\t\t<\/div>\n\t\t\t\t\t<\/div>\n\n\t\n<\/div>\n\t\t<\/div>\n\t\t\t\t\t<\/div>\n\n\t\n\n\t<div id=\"col-269988892\" class=\"col medium-4 small-12 large-4\"  >\n\t\t\t\t<div class=\"col-inner text-left\"  >\n\t\t\t\n\t\t\t\n<div class=\"row row-small align-top\"  id=\"row-781387414\">\n\n\t<div id=\"col-669031230\" class=\"col medium-3 small-12 large-3\"  >\n\t\t\t\t<div class=\"col-inner text-center\"  >\n\t\t\t\n\t\t\t<img decoding=\"async\" src=\"\/wp-content\/uploads\/2024\/04\/download.webp\" width=\"100%\" \/>\t\t<\/div>\n\t\t\t\t\t<\/div>\n\n\t\n\n\t<div id=\"col-1311426400\" class=\"col medium-9 small-12 large-9\"  >\n\t\t\t\t<div class=\"col-inner text-left\"  >\n\t\t\t\n\t\t\t\n<h3 class=\"sml\" style=\"letter-spacing: -0.012em;\">Nous offrons des communications claires, concises et transparentes<\/h3>\n\t\t<\/div>\n\t\t\t\t\t<\/div>\n\n\t\n\n\t<div id=\"col-1936406692\" class=\"col medium-12 small-12 large-12\"  >\n\t\t\t\t<div class=\"col-inner text-left\"  >\n\t\t\t\n\t\t\t\n<p>Quelle que soit votre pr\u00e9occupation, notre service \u00e0 la client\u00e8le offre une communication efficace et opportune.<\/p>\n\t\t<\/div>\n\t\t\t\t\t<\/div>\n\n\t\n<\/div>\n\t\t<\/div>\n\t\t\t\t\t<\/div>\n\n\t\n<\/div>\n<\/section>\n<section class=\"bg-pat\">\n<div class=\"row align-equal align-middle\"  id=\"row-1035043578\">\n\n\t<div id=\"col-956944217\" class=\"col medium-12 small-12 large-12\"  >\n\t\t\t\t<div class=\"col-inner text-center\"  >\n\t\t\t\n\t\t\t\n<h3>Vous avez des questions ou des commentaires?<\/h3>\n<a href=\"\/contact-us\/\" target=\"_self\" class=\"button secondary line--two\"  >\n    <span>Contactez-nous<br \/>aujourd'hui<\/span>\n  <\/a>\n\n\t\t<\/div>\n\t\t\t\t\t<\/div>\n\n\t\n<\/div>\n<\/section>\n","protected":false},"excerpt":{"rendered":"Un service de grande qualit\u00e9 favorise des partenariats solides En quoi consiste notre service \u00e0 la client\u00e8le Nous sommes une organisation entrepreneuriale qui se soucie de ses clients Chaque client est important pour nous. En tant qu\u2019organisation qui a rapidement pris de l\u2019expansion, nous \u00e9tablissons des relations solides en aidant nos clients \u00e0 atteindre leurs [...]","protected":false},"author":2,"featured_media":0,"parent":0,"menu_order":0,"comment_status":"closed","ping_status":"closed","template":"page-blank.php","meta":{"footnotes":""},"class_list":["post-4802","page","type-page","status-publish","hentry"],"_links":{"self":[{"href":"https:\/\/sterimaxinc.com\/fr\/wp-json\/wp\/v2\/pages\/4802","targetHints":{"allow":["GET"]}}],"collection":[{"href":"https:\/\/sterimaxinc.com\/fr\/wp-json\/wp\/v2\/pages"}],"about":[{"href":"https:\/\/sterimaxinc.com\/fr\/wp-json\/wp\/v2\/types\/page"}],"author":[{"embeddable":true,"href":"https:\/\/sterimaxinc.com\/fr\/wp-json\/wp\/v2\/users\/2"}],"replies":[{"embeddable":true,"href":"https:\/\/sterimaxinc.com\/fr\/wp-json\/wp\/v2\/comments?post=4802"}],"version-history":[{"count":0,"href":"https:\/\/sterimaxinc.com\/fr\/wp-json\/wp\/v2\/pages\/4802\/revisions"}],"wp:attachment":[{"href":"https:\/\/sterimaxinc.com\/fr\/wp-json\/wp\/v2\/media?parent=4802"}],"curies":[{"name":"wp","href":"https:\/\/api.w.org\/{rel}","templated":true}]}}