{"id":4779,"date":"2024-05-13T12:47:28","date_gmt":"2024-05-13T12:47:28","guid":{"rendered":"https:\/\/sterimaxinc.com\/?page_id=4779"},"modified":"2024-05-13T13:18:51","modified_gmt":"2024-05-13T13:18:51","slug":"partneriats","status":"publish","type":"page","link":"https:\/\/sterimaxinc.com\/fr\/partneriats\/","title":{"rendered":"Partenariats"},"content":{"rendered":"\n  <div class=\"banner has-hover\" id=\"banner-142662973\">\n          <div class=\"banner-inner fill\">\n        <div class=\"banner-bg fill\" >\n            <div class=\"bg fill bg-fill \"><\/div>\n                                    \n                    <\/div>\n        <div class=\"banner-layers container\">\n            <div class=\"fill banner-link\"><\/div>            \n   <div id=\"text-box-635062016\" class=\"text-box banner-layer x50 md-x50 lg-x50 y50 md-y50 lg-y50 res-text\">\n                                <div class=\"text-box-content text dark\">\n              \n              <div class=\"text-inner text-center\">\n                  \n\t<div id=\"text-1023637232\" class=\"text\">\n\t\t\n<h1><strong>\u00c9tablir des relations \u00e0 long terme<\/strong><\/h1>\n\t\t\n<style>\n#text-1023637232 {\n  text-align: center;\n}\n<\/style>\n\t<\/div>\n\t\n              <\/div>\n           <\/div>\n                            \n<style>\n#text-box-635062016 {\n  width: 100%;\n}\n#text-box-635062016 .text-box-content {\n  font-size: 100%;\n}\n<\/style>\n    <\/div>\n \n        <\/div>\n      <\/div>\n\n            \n<style>\n#banner-142662973 {\n  padding-top: 250px;\n  background-color: rgb(255,255,255);\n}\n#banner-142662973 .bg.bg-loaded {\n  background-image: url(https:\/\/sterimaxinc.com\/wp-content\/uploads\/2024\/05\/SteriMax-Partnership-1024x205.jpg);\n}\n<\/style>\n  <\/div>\n\n\n<section class=\"bg-white--continue\">\n<div class=\"row\"  id=\"row-1594482032\">\n\n\t<div id=\"col-415243722\" class=\"col small-12 large-12\"  >\n\t\t\t\t<div class=\"col-inner text-center\"  >\n\t\t\t\n\t\t\t\n<h2 class=\"r h2\"><strong>Une autre forme de partenariat<\/strong><\/h2>\n\t\t<\/div>\n\t\t\t\t\t<\/div>\n\n\t\n\n\t<div id=\"col-1635266613\" class=\"col medium-4 small-12 large-4\"  >\n\t\t\t\t<div class=\"col-inner text-left\"  >\n\t\t\t\n\t\t\t\n<div class=\"row row-small align-top\"  id=\"row-1428083332\">\n\n\t<div id=\"col-1072645037\" class=\"col medium-3 small-12 large-3\"  >\n\t\t\t\t<div class=\"col-inner text-center\"  >\n\t\t\t\n\t\t\t<img decoding=\"async\" src=\"\/wp-content\/uploads\/2024\/04\/download.webp\" width=\"100%\" \/>\t\t<\/div>\n\t\t\t\t\t<\/div>\n\n\t\n\n\t<div id=\"col-36690482\" class=\"col medium-9 small-12 large-9\"  >\n\t\t\t\t<div class=\"col-inner text-left\"  >\n\t\t\t\n\t\t\t\n<h4>Nous pouvons agir rapidement<\/h4>\n<p>Notre infrastructure et notre expertise nous permettent de commercialiser des produits sur le march\u00e9 rapidement et efficacement, et ce, avec des contraintes limit\u00e9es.<\/p>\n\t\t<\/div>\n\t\t\t\t\t<\/div>\n\n\t\n<\/div>\n\t\t<\/div>\n\t\t\t\t\t<\/div>\n\n\t\n\n\t<div id=\"col-1075622900\" class=\"col medium-4 small-12 large-4\"  >\n\t\t\t\t<div class=\"col-inner text-top\"  >\n\t\t\t\n\t\t\t\n<div class=\"row row-small align-top\"  id=\"row-1091836865\">\n\n\t<div id=\"col-1087699980\" class=\"col medium-3 small-12 large-3\"  >\n\t\t\t\t<div class=\"col-inner text-center\"  >\n\t\t\t\n\t\t\t<img decoding=\"async\" src=\"\/wp-content\/uploads\/2024\/04\/download.webp\" width=\"100%\" \/>\t\t<\/div>\n\t\t\t\t\t<\/div>\n\n\t\n\n\t<div id=\"col-836541440\" class=\"col medium-9 small-12 large-9\"  >\n\t\t\t\t<div class=\"col-inner text-left\"  >\n\t\t\t\n\t\t\t\n<h4>Nous sommes ind\u00e9pendants<\/h4>\n<p>Notre financement provient du secteur priv\u00e9 et nous pouvons donc prendre des d\u00e9cisions strat\u00e9giques ind\u00e9pendamment d\u2019influences contr\u00f4lantes ext\u00e9rieures.<\/p>\n\t\t<\/div>\n\t\t\t\t\t<\/div>\n\n\t\n<\/div>\n\t\t<\/div>\n\t\t\t\t\t<\/div>\n\n\t\n\n\t<div id=\"col-850307070\" class=\"col medium-4 small-12 large-4\"  >\n\t\t\t\t<div class=\"col-inner text-left\"  >\n\t\t\t\n\t\t\t\n<div class=\"row row-small align-top\"  id=\"row-327240916\">\n\n\t<div id=\"col-279595596\" class=\"col medium-3 small-12 large-3\"  >\n\t\t\t\t<div class=\"col-inner text-center\"  >\n\t\t\t\n\t\t\t<img decoding=\"async\" src=\"\/wp-content\/uploads\/2024\/04\/download.webp\" width=\"100%\" \/>\t\t<\/div>\n\t\t\t\t\t<\/div>\n\n\t\n\n\t<div id=\"col-418999434\" class=\"col medium-9 small-12 large-9\"  >\n\t\t\t\t<div class=\"col-inner text-left\"  >\n\t\t\t\n\t\t\t\n<h4>Nous nous adaptons aux besoins du march\u00e9<\/h4>\n<p>Nous sommes une organisation flexible, r\u00e9ceptive et accessible qui comprend le march\u00e9 et qui s\u2019y adapte.<\/p>\n\t\t<\/div>\n\t\t\t\t\t<\/div>\n\n\t\n<\/div>\n\t\t<\/div>\n\t\t\t\t\t<\/div>\n\n\t\n<\/div>\n<\/section>\n<section class=\"bg-white--continue\">\n\n  <div class=\"banner has-hover\" id=\"banner-69879491\">\n          <div class=\"banner-inner fill\">\n        <div class=\"banner-bg fill\" >\n            <div class=\"bg fill bg-fill \"><\/div>\n                                    \n                    <\/div>\n        <div class=\"banner-layers container\">\n            <div class=\"fill banner-link\"><\/div>            \n   <div id=\"text-box-339016836\" class=\"text-box banner-layer x0 md-x0 lg-x0 y50 md-y50 lg-y50 res-text\">\n                                <div class=\"text-box-content text dark\">\n              \n              <div class=\"text-inner text-center\">\n                  \n<div class=\"row align-center\"  id=\"row-187604988\">\n\n\t<div id=\"col-1955829454\" class=\"col rev small-12 large-12\"  >\n\t\t\t\t<div class=\"col-inner\"  >\n\t\t\t\n\t\t\t\n<h2><strong class=\"rev--a\">Encore plus de raisons de devenir notre partenaire:<\/strong><\/h2>\n\t\t<\/div>\n\t\t\t\t\t<\/div>\n\n\t\n<\/div>\n<div class=\"row row-small\"  id=\"row-181865784\">\n\n\t<div id=\"col-469882773\" class=\"col small-12 large-12\"  >\n\t\t\t\t<div class=\"col-inner\" style=\"background-color:rgba(0, 0, 0, 0.5);\" >\n\t\t\t\n\t\t\t\n<div class=\"row align-equal\"  id=\"row-367921260\">\n\n\t<div id=\"col-1560039760\" class=\"col medium-3 small-6 large-3\"  >\n\t\t\t\t<div class=\"col-inner text-left\"  >\n\t\t\t\n\t\t\t\n<h3 class=\"b_box\"><b>Expertise<br \/> r\u00e9glementaire<\/b><\/h3>\n<p>Notre propre expertise r\u00e9glementaire, clinique et d\u2019assurance qualit\u00e9 permet d\u2019obtenir les approbations requises en temps opportun.<\/p>\n\t\t<\/div>\n\t\t\t\t\n<style>\n#col-1560039760 > .col-inner {\n  padding: 40px 20px 20px 20px;\n}\n<\/style>\n\t<\/div>\n\n\t\n\n\t<div id=\"col-107652415\" class=\"col medium-3 small-6 large-3\"  >\n\t\t\t\t<div class=\"col-inner text-left\"  >\n\t\t\t\n\t\t\t\n<h3 class=\"b_box\"><b>Gestion de la cha\u00eene d\u2019approvisionnement<\/b><\/h3>\n<p> Nous g\u00e9rons tous les aspects de la cha\u00eene d\u2019approvisionnement, y compris<br \/> l\u2019approvisionnement, la fabrication, les essais de produits et la distribution.<\/p>\n\t\t<\/div>\n\t\t\t\t\n<style>\n#col-107652415 > .col-inner {\n  padding: 40px 20px 20px 20px;\n}\n<\/style>\n\t<\/div>\n\n\t\n\n\t<div id=\"col-1580133235\" class=\"col medium-3 small-6 large-3\"  >\n\t\t\t\t<div class=\"col-inner text-left\"  >\n\t\t\t\n\t\t\t\n<h3 class=\"b_box\"><b>Lancements efficaces<\/b><\/h3>\n<p>Gr\u00e2ce \u00e0 un portefeuille qui se d\u00e9veloppe rapidement, nous continuons de lancer des lignes de produits diversifi\u00e9es de fa\u00e7on efficace et efficiente.<\/p>\n\t\t<\/div>\n\t\t\t\t\n<style>\n#col-1580133235 > .col-inner {\n  padding: 40px 20px 20px 20px;\n}\n<\/style>\n\t<\/div>\n\n\t\n\n\t<div id=\"col-1544404293\" class=\"col medium-3 small-6 large-3\"  >\n\t\t\t\t<div class=\"col-inner text-left\"  >\n\t\t\t\n\t\t\t\n<h3 class=\"b_box\"><b>Relations solides<\/b><\/h3>\n<p>Nous avons une feuille de route \u00e9prouv\u00e9e en mati\u00e8re de partenariats r\u00e9ussis avec des entreprises mondiales. Nous valorisons et entretenons nos partenariats strat\u00e9giques.<\/p>\n\t\t<\/div>\n\t\t\t\t\n<style>\n#col-1544404293 > .col-inner {\n  padding: 40px 20px 20px 20px;\n}\n<\/style>\n\t<\/div>\n\n\t\n<\/div>\n\t\t<\/div>\n\t\t\t\t\t<\/div>\n\n\t\n<\/div>\n              <\/div>\n           <\/div>\n                            \n<style>\n#text-box-339016836 {\n  width: 100%;\n}\n#text-box-339016836 .text-box-content {\n  font-size: 100%;\n}\n<\/style>\n    <\/div>\n \n        <\/div>\n      <\/div>\n\n            \n<style>\n#banner-69879491 {\n  padding-top: 450px;\n  background-color: rgb(255,255,255);\n}\n#banner-69879491 .bg.bg-loaded {\n  background-image: url(https:\/\/sterimaxinc.com\/wp-content\/uploads\/2024\/05\/Warehouse-1.jpg);\n}\n<\/style>\n  <\/div>\n\n\n<\/section>\n<section class=\"bg-white\" style=\"padding-top:2%\">\r\n<div class=\"row\"  id=\"row-2016121355\">\r\n\n\t<div id=\"col-1819385223\" class=\"col medium-12 small-12 large-12\"  >\n\t\t\t\t<div class=\"col-inner text-center\"  >\n\t\t\t\n\t\t\t<h3>Vous souhaiteriez faire affaire avec nous ou en apprendre plus?<\/h3>\t\t<\/div>\n\t\t\t\t\t<\/div>\n\n\t\r\n\n\t<div id=\"col-1973903592\" class=\"col medium-4 small-12 large-4\"  >\n\t\t\t\t<div class=\"col-inner text-center\"  >\n\t\t\t\n\t\t\t\r\n<a href=\"\/our-story\/\" target=\"_self\" class=\"button secondary\"  style=\"padding:15px 20px 15px 20px;\">\n    <span>NOTRE ENTREPRISE<\/span>\n  <\/a>\n\r\n\t\t<\/div>\n\t\t\t\t\t<\/div>\n\n\t\r\n\n\t<div id=\"col-181136888\" class=\"col medium-4 small-12 large-4\"  >\n\t\t\t\t<div class=\"col-inner text-center\"  >\n\t\t\t\n\t\t\t\r\n<a href=\"\/our-mission\/\" target=\"_self\" class=\"button secondary\"  style=\"padding:15px 20px 15px 20px;\">\n    <span>NOTRE PROMESSE<\/span>\n  <\/a>\n\r\n\t\t<\/div>\n\t\t\t\t\t<\/div>\n\n\t\r\n\n\t<div id=\"col-884416978\" class=\"col medium-4 small-12 large-4\"  >\n\t\t\t\t<div class=\"col-inner text-center\"  >\n\t\t\t\n\t\t\t\r\n<a href=\"\/partnerships\/\" target=\"_self\" class=\"button secondary line--two\"  >\n    <span>DEVENIR NOTRE<br \/>PARTENAIRE<\/span>\n  <\/a>\n\r\n\t\t<\/div>\n\t\t\t\t\t<\/div>\n\n\t\r\n<\/div>\r\n<\/section>\n","protected":false},"excerpt":{"rendered":"\u00c9tablir des relations \u00e0 long terme Une autre forme de partenariat Nous pouvons agir rapidement Notre infrastructure et notre expertise nous permettent de commercialiser des produits sur le march\u00e9 rapidement et efficacement, et ce, avec des contraintes limit\u00e9es. Nous sommes ind\u00e9pendants Notre financement provient du secteur priv\u00e9 et nous pouvons donc prendre des d\u00e9cisions strat\u00e9giques [...]","protected":false},"author":2,"featured_media":0,"parent":0,"menu_order":0,"comment_status":"closed","ping_status":"closed","template":"page-blank.php","meta":{"footnotes":""},"class_list":["post-4779","page","type-page","status-publish","hentry"],"_links":{"self":[{"href":"https:\/\/sterimaxinc.com\/fr\/wp-json\/wp\/v2\/pages\/4779","targetHints":{"allow":["GET"]}}],"collection":[{"href":"https:\/\/sterimaxinc.com\/fr\/wp-json\/wp\/v2\/pages"}],"about":[{"href":"https:\/\/sterimaxinc.com\/fr\/wp-json\/wp\/v2\/types\/page"}],"author":[{"embeddable":true,"href":"https:\/\/sterimaxinc.com\/fr\/wp-json\/wp\/v2\/users\/2"}],"replies":[{"embeddable":true,"href":"https:\/\/sterimaxinc.com\/fr\/wp-json\/wp\/v2\/comments?post=4779"}],"version-history":[{"count":0,"href":"https:\/\/sterimaxinc.com\/fr\/wp-json\/wp\/v2\/pages\/4779\/revisions"}],"wp:attachment":[{"href":"https:\/\/sterimaxinc.com\/fr\/wp-json\/wp\/v2\/media?parent=4779"}],"curies":[{"name":"wp","href":"https:\/\/api.w.org\/{rel}","templated":true}]}}