{"id":4756,"date":"2024-05-13T12:03:59","date_gmt":"2024-05-13T12:03:59","guid":{"rendered":"https:\/\/sterimaxinc.com\/?page_id=4756"},"modified":"2024-05-13T12:19:23","modified_gmt":"2024-05-13T12:19:23","slug":"exporting","status":"publish","type":"page","link":"https:\/\/sterimaxinc.com\/fr\/exporting\/","title":{"rendered":"Exportation"},"content":{"rendered":"\n  <div class=\"banner has-hover\" id=\"banner-306280642\">\n          <div class=\"banner-inner fill\">\n        <div class=\"banner-bg fill\" >\n            <div class=\"bg fill bg-fill \"><\/div>\n                                    \n                    <\/div>\n        <div class=\"banner-layers container\">\n            <div class=\"fill banner-link\"><\/div>            \n   <div id=\"text-box-824515768\" class=\"text-box banner-layer x50 md-x50 lg-x50 y50 md-y50 lg-y50 res-text\">\n                                <div class=\"text-box-content text dark\">\n              \n              <div class=\"text-inner text-center\">\n                  \n\t<div id=\"text-645247551\" class=\"text\">\n\t\t\n<h1><strong>Une entreprise canadienne avec un grand rayonnement<\/strong><\/h1>\n\t\t\n<style>\n#text-645247551 {\n  text-align: center;\n}\n<\/style>\n\t<\/div>\n\t\n              <\/div>\n           <\/div>\n                            \n<style>\n#text-box-824515768 {\n  width: 80%;\n}\n#text-box-824515768 .text-box-content {\n  font-size: 100%;\n}\n<\/style>\n    <\/div>\n \n        <\/div>\n      <\/div>\n\n            \n<style>\n#banner-306280642 {\n  padding-top: 400px;\n  background-color: rgb(255,255,255);\n}\n#banner-306280642 .bg.bg-loaded {\n  background-image: url(https:\/\/sterimaxinc.com\/wp-content\/uploads\/2024\/05\/SteriMax-Export-1024x328.jpg);\n}\n<\/style>\n  <\/div>\n\n\n<section class=\"bg-white--continue\">\n<div class=\"row align-equal\"  id=\"row-248990628\">\n\n\t<div id=\"col-1182530867\" class=\"col medium-12 small-12 large-12\"  >\n\t\t\t\t<div class=\"col-inner text-center\"  >\n\t\t\t\n\t\t\t\n<h2 class=\"r h2\"><strong>Offrir nos produits au monde entier<\/strong><\/h2>\n<p>Bien que nous nous concentrions principalement sur le march\u00e9 canadien, nous sommes convaincus que nous pouvons contribuer \u00e0 maximiser le bien-\u00eatre des gens de partout dans le monde. Voil\u00e0 pourquoi SteriMax commercialise un portefeuille de produits diversifi\u00e9 et en constante expansion \u00e0 travers les Am\u00e9riques, l\u2019Europe et l\u2019Asie. Nos produits sont tous fabriqu\u00e9s dans des installations approuv\u00e9es par Sant\u00e9 Canada, la FDA ou l\u2019EMEA. Nous sommes activement \u00e0 la recherche de partenaires \u00e9tablis et accr\u00e9dit\u00e9s qui seront en mesure de g\u00e9rer l\u2019enregistrement et la distribution de produits s\u00e9lectionn\u00e9s sur des march\u00e9s mondiaux cibl\u00e9s.<\/p>\n\t\t<\/div>\n\t\t\t\t\t<\/div>\n\n\t\n<\/div>\n<\/section>\n<section class=\"bg-white\">\n<div class=\"row row-small align-middle\"  id=\"row-119176483\">\n\n\t<div id=\"col-280181921\" class=\"col medium-12 small-12 large-12\"  >\n\t\t\t\t<div class=\"col-inner text-left\"  >\n\t\t\t\n\t\t\t\n<h2 class=\"r\">Vous souhaitez en apprendre plus sur nos activit\u00e9s d\u2019exportation? Contactez-nous d\u00e8s maintenant!<\/h2>\n\t\t<\/div>\n\t\t\t\t\t<\/div>\n\n\t\n\n\t<div id=\"col-943471728\" class=\"col medium-9 small-12 large-9\"  >\n\t\t\t\t<div class=\"col-inner\"  >\n\t\t\t\n\t\t\t\n\n<div class=\"wpcf7 no-js\" id=\"wpcf7-f4735-o1\" lang=\"en-US\" dir=\"ltr\" data-wpcf7-id=\"4735\">\n<div class=\"screen-reader-response\"><p role=\"status\" aria-live=\"polite\" aria-atomic=\"true\"><\/p> <ul><\/ul><\/div>\n<form action=\"\/fr\/wp-json\/wp\/v2\/pages\/4756#wpcf7-f4735-o1\" method=\"post\" class=\"wpcf7-form init\" aria-label=\"Contact form\" novalidate=\"novalidate\" data-status=\"init\">\n<fieldset class=\"hidden-fields-container\"><input type=\"hidden\" name=\"_wpcf7\" value=\"4735\" \/><input type=\"hidden\" name=\"_wpcf7_version\" value=\"6.1.4\" \/><input type=\"hidden\" name=\"_wpcf7_locale\" value=\"en_US\" \/><input type=\"hidden\" name=\"_wpcf7_unit_tag\" value=\"wpcf7-f4735-o1\" \/><input type=\"hidden\" name=\"_wpcf7_container_post\" value=\"0\" \/><input type=\"hidden\" name=\"_wpcf7_posted_data_hash\" value=\"\" \/>\n<\/fieldset>\n<p><label> Votre Nom (obligatoire)<br \/>\n<span class=\"wpcf7-form-control-wrap\" data-name=\"your-name\"><input size=\"40\" maxlength=\"400\" class=\"wpcf7-form-control wpcf7-text wpcf7-validates-as-required\" autocomplete=\"name\" aria-required=\"true\" aria-invalid=\"false\" value=\"\" type=\"text\" name=\"your-name\" \/><\/span> <\/label>\n<\/p>\n<p><label> Votre adresse \u00e9lectronique (obligatoire)<br \/>\n<span class=\"wpcf7-form-control-wrap\" data-name=\"your-email\"><input size=\"40\" maxlength=\"400\" class=\"wpcf7-form-control wpcf7-email wpcf7-validates-as-required wpcf7-text wpcf7-validates-as-email\" autocomplete=\"email\" aria-required=\"true\" aria-invalid=\"false\" value=\"\" type=\"email\" name=\"your-email\" \/><\/span> <\/label>\n<\/p>\n<p><label> Votre sujet (obligatoire)<br \/>\n<span class=\"wpcf7-form-control-wrap\" data-name=\"your-subject\"><input size=\"40\" maxlength=\"400\" class=\"wpcf7-form-control wpcf7-text wpcf7-validates-as-required\" aria-required=\"true\" aria-invalid=\"false\" value=\"\" type=\"text\" name=\"your-subject\" \/><\/span> <\/label>\n<\/p>\n<p><label> Votre message<br \/>\n<span class=\"wpcf7-form-control-wrap\" data-name=\"your-message\"><textarea cols=\"40\" rows=\"10\" maxlength=\"2000\" class=\"wpcf7-form-control wpcf7-textarea\" aria-invalid=\"false\" name=\"your-message\"><\/textarea><\/span> <\/label><br \/>\n<div id=\"cf7sr-69e6f0cfadd43\" class=\"cf7sr-g-recaptcha\" data-theme=\"light\" data-type=\"image\" data-size=\"normal\" data-sitekey=\"6Le3pwcqAAAAALdTZIFciy9_QclaRkY6gqBbuCqc\"><\/div><span class=\"wpcf7-form-control-wrap cf7sr-recaptcha\" data-name=\"cf7sr-recaptcha\"><input type=\"hidden\" name=\"cf7sr-recaptcha\" value=\"\" class=\"wpcf7-form-control\"><\/span><br \/>\n<input class=\"wpcf7-form-control wpcf7-submit has-spinner\" type=\"submit\" value=\"ENVOYER\" \/>\n<\/p><div class=\"wpcf7-response-output\" aria-hidden=\"true\"><\/div>\n<\/form>\n<\/div>\n\n\t\t<\/div>\n\t\t\t\t\t<\/div>\n\n\t\n\n\t<div id=\"col-1356579746\" class=\"col medium-3 small-12 large-3\"  >\n\t\t\t\t<div class=\"col-inner text-center\"  >\n\t\t\t\n\t\t\t\n<a href=\"\/products\/\" target=\"_self\" class=\"button secondary nmr\"  style=\"padding:22px 38px 22px 38px;\">\n    <span>NOS PRODUITS<\/span>\n  <\/a>\n\n\t<div id=\"gap-77162463\" class=\"gap-element clearfix\" style=\"display:block; height:auto;\">\n\t\t\n<style>\n#gap-77162463 {\n  padding-top: 2rem;\n}\n<\/style>\n\t<\/div>\n\t\n<a href=\"\/quality-product\/\" target=\"_self\" class=\"button secondary line--two nmr\"  style=\"padding:5px 40px 5px 40px;\">\n    <span>QUALIT&Eacute; DES<br \/>PRODUITS<\/span>\n  <\/a>\n\n\t<div id=\"gap-2027464907\" class=\"gap-element clearfix\" style=\"display:block; height:auto;\">\n\t\t\n<style>\n#gap-2027464907 {\n  padding-top: 2rem;\n}\n<\/style>\n\t<\/div>\n\t\n<a href=\"\/reliable-supply-chain\/\" target=\"_self\" class=\"button secondary line--two\"  style=\"padding:5px 10px 5px 10px;\">\n    <span>APPROVISIONNEMENT<br \/>FIABLE<\/span>\n  <\/a>\n\n\t\t<\/div>\n\t\t\t\t\t<\/div>\n\n\t\n<\/div>\n<\/section>\n","protected":false},"excerpt":{"rendered":"Une entreprise canadienne avec un grand rayonnement Offrir nos produits au monde entier Bien que nous nous concentrions principalement sur le march\u00e9 canadien, nous sommes convaincus que nous pouvons contribuer \u00e0 maximiser le bien-\u00eatre des gens de partout dans le monde. Voil\u00e0 pourquoi SteriMax commercialise un portefeuille de produits diversifi\u00e9 et en constante expansion \u00e0 [...]","protected":false},"author":2,"featured_media":0,"parent":0,"menu_order":0,"comment_status":"closed","ping_status":"closed","template":"page-blank.php","meta":{"footnotes":""},"class_list":["post-4756","page","type-page","status-publish","hentry"],"_links":{"self":[{"href":"https:\/\/sterimaxinc.com\/fr\/wp-json\/wp\/v2\/pages\/4756","targetHints":{"allow":["GET"]}}],"collection":[{"href":"https:\/\/sterimaxinc.com\/fr\/wp-json\/wp\/v2\/pages"}],"about":[{"href":"https:\/\/sterimaxinc.com\/fr\/wp-json\/wp\/v2\/types\/page"}],"author":[{"embeddable":true,"href":"https:\/\/sterimaxinc.com\/fr\/wp-json\/wp\/v2\/users\/2"}],"replies":[{"embeddable":true,"href":"https:\/\/sterimaxinc.com\/fr\/wp-json\/wp\/v2\/comments?post=4756"}],"version-history":[{"count":0,"href":"https:\/\/sterimaxinc.com\/fr\/wp-json\/wp\/v2\/pages\/4756\/revisions"}],"wp:attachment":[{"href":"https:\/\/sterimaxinc.com\/fr\/wp-json\/wp\/v2\/media?parent=4756"}],"curies":[{"name":"wp","href":"https:\/\/api.w.org\/{rel}","templated":true}]}}