{"id":4748,"date":"2024-05-13T10:30:08","date_gmt":"2024-05-13T10:30:08","guid":{"rendered":"https:\/\/sterimaxinc.com\/?page_id=4748"},"modified":"2024-05-13T11:55:45","modified_gmt":"2024-05-13T11:55:45","slug":"contact-us","status":"publish","type":"page","link":"https:\/\/sterimaxinc.com\/fr\/contact-us\/","title":{"rendered":"Nous contacter"},"content":{"rendered":"<p><iframe src=\"https:\/\/www.google.com\/maps\/embed?pb=!1m18!1m12!1m3!1d2893.490558008087!2d-79.68690608760696!3d43.51296207098863!2m3!1f0!2f0!3f0!3m2!1i1024!2i768!4f13.1!3m3!1m2!1s0x882b4307d35a9cbb%3A0xabc374ae56f0f73!2s2770%20Portland%20Dr%2C%20Oakville%2C%20ON%20L6H%206R4!5e0!3m2!1sen!2sca!4v1714569217775!5m2!1sen!2sca\" width=\"100%\" height=\"450\" style=\"border:0;\" allowfullscreen=\"\" loading=\"lazy\" referrerpolicy=\"no-referrer-when-downgrade\"><\/iframe><\/p>\n<div class=\"row\"  id=\"row-129477930\">\n\t<div id=\"gap-1908888913\" class=\"gap-element clearfix\" style=\"display:block; height:auto;\">\n\t\t\n<style>\n#gap-1908888913 {\n  padding-top: 2rem;\n}\n<\/style>\n\t<\/div>\n\t\n\n\t<div id=\"col-581422709\" class=\"col medium-4 small-12 large-4\"  >\n\t\t\t\t<div class=\"col-inner text-left\"  >\n\t\t\t\n\t\t\t\n<h3 class=\"r\">Pour obtenir une assistance directe:<\/h3>\n<p>Tel: 905-890-0661<br \/>\nToll Free: 1-800-881-3550<br \/>\nFax: 905-890-0508<br \/>\nToll Free: 1-877-546-7667<\/p>\n<h3 class=\"r\">Nous sommes situ\u00e9s au :<\/h3>\n<p>2770 Portland Drive<br \/>\nOakville, Ontario<br \/>\nL6H 6R4<br \/>\n\t\t<\/div>\n\t\t\t\t\t<\/div>\n\n\t\n\n\t<div id=\"col-262352747\" class=\"col medium-8 small-12 large-8\"  >\n\t\t\t\t<div class=\"col-inner\"  >\n\t\t\t\n\t\t\t\n<p class=\"r\"><strong>Pour \u00e9changer avec nous ou nous poser des questions, veuillez utiliser le formulaire ci-dessous. Si vous ne parvenez pas \u00e0 trouver ce que vous cherchez, veuillez nous contacter en utilisant le num\u00e9ro de t\u00e9l\u00e9phone \u00e0 la gauche de votre \u00e9cran.<\/strong><\/p>\n<p>Chez SteriMax, nous encourageons le dialogue ouvert et continu. Nous ferons de notre mieux pour r\u00e9pondre \u00e0 vos demandes dans un d\u00e9lai raisonnable.<\/p>\n<p>Veuillez visiter notre page Renseignements sur les commandes pour obtenir plus d\u2019informations sur les tailles minimales de commande, les calendriers de commande et plus.<\/p>\n\n<div class=\"wpcf7 no-js\" id=\"wpcf7-f4735-o1\" lang=\"en-US\" dir=\"ltr\" data-wpcf7-id=\"4735\">\n<div class=\"screen-reader-response\"><p role=\"status\" aria-live=\"polite\" aria-atomic=\"true\"><\/p> <ul><\/ul><\/div>\n<form action=\"\/fr\/wp-json\/wp\/v2\/pages\/4748#wpcf7-f4735-o1\" method=\"post\" class=\"wpcf7-form init\" aria-label=\"Contact form\" novalidate=\"novalidate\" data-status=\"init\">\n<fieldset class=\"hidden-fields-container\"><input type=\"hidden\" name=\"_wpcf7\" value=\"4735\" \/><input type=\"hidden\" name=\"_wpcf7_version\" value=\"6.1.4\" \/><input type=\"hidden\" name=\"_wpcf7_locale\" value=\"en_US\" \/><input type=\"hidden\" name=\"_wpcf7_unit_tag\" value=\"wpcf7-f4735-o1\" \/><input type=\"hidden\" name=\"_wpcf7_container_post\" value=\"0\" \/><input type=\"hidden\" name=\"_wpcf7_posted_data_hash\" value=\"\" \/>\n<\/fieldset>\n<p><label> Votre Nom (obligatoire)<br \/>\n<span class=\"wpcf7-form-control-wrap\" data-name=\"your-name\"><input size=\"40\" maxlength=\"400\" class=\"wpcf7-form-control wpcf7-text wpcf7-validates-as-required\" autocomplete=\"name\" aria-required=\"true\" aria-invalid=\"false\" value=\"\" type=\"text\" name=\"your-name\" \/><\/span> <\/label>\n<\/p>\n<p><label> Votre adresse \u00e9lectronique (obligatoire)<br \/>\n<span class=\"wpcf7-form-control-wrap\" data-name=\"your-email\"><input size=\"40\" maxlength=\"400\" class=\"wpcf7-form-control wpcf7-email wpcf7-validates-as-required wpcf7-text wpcf7-validates-as-email\" autocomplete=\"email\" aria-required=\"true\" aria-invalid=\"false\" value=\"\" type=\"email\" name=\"your-email\" \/><\/span> <\/label>\n<\/p>\n<p><label> Votre sujet (obligatoire)<br \/>\n<span class=\"wpcf7-form-control-wrap\" data-name=\"your-subject\"><input size=\"40\" maxlength=\"400\" class=\"wpcf7-form-control wpcf7-text wpcf7-validates-as-required\" aria-required=\"true\" aria-invalid=\"false\" value=\"\" type=\"text\" name=\"your-subject\" \/><\/span> <\/label>\n<\/p>\n<p><label> Votre message<br \/>\n<span class=\"wpcf7-form-control-wrap\" data-name=\"your-message\"><textarea cols=\"40\" rows=\"10\" maxlength=\"2000\" class=\"wpcf7-form-control wpcf7-textarea\" aria-invalid=\"false\" name=\"your-message\"><\/textarea><\/span> <\/label><br \/>\n<div id=\"cf7sr-69d4299a78c9a\" class=\"cf7sr-g-recaptcha\" data-theme=\"light\" data-type=\"image\" data-size=\"normal\" data-sitekey=\"6Le3pwcqAAAAALdTZIFciy9_QclaRkY6gqBbuCqc\"><\/div><span class=\"wpcf7-form-control-wrap cf7sr-recaptcha\" data-name=\"cf7sr-recaptcha\"><input type=\"hidden\" name=\"cf7sr-recaptcha\" value=\"\" class=\"wpcf7-form-control\"><\/span><br \/>\n<input class=\"wpcf7-form-control wpcf7-submit has-spinner\" type=\"submit\" value=\"ENVOYER\" \/>\n<\/p><div class=\"wpcf7-response-output\" aria-hidden=\"true\"><\/div>\n<\/form>\n<\/div>\n\n\t\t<\/div>\n\t\t\t\t\t<\/div>\n\n\t\n<\/div>\n","protected":false},"excerpt":{"rendered":"Pour obtenir une assistance directe: Tel: 905-890-0661 Toll Free: 1-800-881-3550 Fax: 905-890-0508 Toll Free: 1-877-546-7667 Nous sommes situ\u00e9s au : 2770 Portland Drive Oakville, Ontario L6H 6R4 Pour \u00e9changer avec nous ou nous poser des questions, veuillez utiliser le formulaire ci-dessous. Si vous ne parvenez pas \u00e0 trouver ce que vous cherchez, veuillez nous contacter [...]","protected":false},"author":2,"featured_media":0,"parent":0,"menu_order":0,"comment_status":"closed","ping_status":"closed","template":"page-blank.php","meta":{"footnotes":""},"class_list":["post-4748","page","type-page","status-publish","hentry"],"_links":{"self":[{"href":"https:\/\/sterimaxinc.com\/fr\/wp-json\/wp\/v2\/pages\/4748","targetHints":{"allow":["GET"]}}],"collection":[{"href":"https:\/\/sterimaxinc.com\/fr\/wp-json\/wp\/v2\/pages"}],"about":[{"href":"https:\/\/sterimaxinc.com\/fr\/wp-json\/wp\/v2\/types\/page"}],"author":[{"embeddable":true,"href":"https:\/\/sterimaxinc.com\/fr\/wp-json\/wp\/v2\/users\/2"}],"replies":[{"embeddable":true,"href":"https:\/\/sterimaxinc.com\/fr\/wp-json\/wp\/v2\/comments?post=4748"}],"version-history":[{"count":0,"href":"https:\/\/sterimaxinc.com\/fr\/wp-json\/wp\/v2\/pages\/4748\/revisions"}],"wp:attachment":[{"href":"https:\/\/sterimaxinc.com\/fr\/wp-json\/wp\/v2\/media?parent=4748"}],"curies":[{"name":"wp","href":"https:\/\/api.w.org\/{rel}","templated":true}]}}