{"id":4708,"date":"2024-05-13T00:47:15","date_gmt":"2024-05-13T00:47:15","guid":{"rendered":"https:\/\/sterimaxinc.com\/?page_id=4708"},"modified":"2024-05-13T00:58:00","modified_gmt":"2024-05-13T00:58:00","slug":"values","status":"publish","type":"page","link":"https:\/\/sterimaxinc.com\/fr\/values\/","title":{"rendered":"Notre diff\u00e9rence"},"content":{"rendered":"\n  <div class=\"banner has-hover\" id=\"banner-767840661\">\n          <div class=\"banner-inner fill\">\n        <div class=\"banner-bg fill\" >\n            <div class=\"bg fill bg-fill \"><\/div>\n                                    \n                    <\/div>\n        <div class=\"banner-layers container\">\n            <div class=\"fill banner-link\"><\/div>            \n   <div id=\"text-box-1846187179\" class=\"text-box banner-layer x50 md-x50 lg-x50 y50 md-y50 lg-y50 res-text\">\n                                <div class=\"text-box-content text dark\">\n              \n              <div class=\"text-inner text-center\">\n                  \n\t<div id=\"text-644059481\" class=\"text\">\n\t\t\n<h1><strong><\/strong><\/h1>\n\t\t\n<style>\n#text-644059481 {\n  text-align: center;\n}\n<\/style>\n\t<\/div>\n\t\n              <\/div>\n           <\/div>\n                            \n<style>\n#text-box-1846187179 {\n  width: 100%;\n}\n#text-box-1846187179 .text-box-content {\n  font-size: 100%;\n}\n<\/style>\n    <\/div>\n \n        <\/div>\n      <\/div>\n\n            \n<style>\n#banner-767840661 {\n  padding-top: 250px;\n  background-color: rgb(255,255,255);\n}\n#banner-767840661 .bg.bg-loaded {\n  background-image: url(https:\/\/sterimaxinc.com\/wp-content\/uploads\/2024\/05\/xvalues-2-1.jpg.pagespeed.ic_.OFRuHwfk7y-1-1024x190.jpg);\n}\n<\/style>\n  <\/div>\n\n\n<section class=\"bg-white\">\n<div class=\"row align-equal\"  id=\"row-1178606997\">\n\n\t<div id=\"col-1256702375\" class=\"col medium-4 small-12 large-4\"  >\n\t\t\t\t<div class=\"col-inner text-center\"  >\n\t\t\t\n\t\t\t\n<h2 class=\"h2--rg\">Des produits<br \/>de qualit\u00e9<\/h2>\n<p>D\u00e9couvrez la ligne de produits conviviale de SteriMax et de quelle fa\u00e7on des produits de haute qualit\u00e9, des fournisseurs fiables et des processus d\u2019assurance qualit\u00e9 contribuent \u00e0 la constance des produits.<\/p>\n<a href=\"\/product-innovation\/\" target=\"_self\" class=\"button secondary\"  style=\"padding:15px 20px 15px 20px;\">\n    <span>QUALIT&Eacute; DES<br \/>PRODUITS<\/span>\n  <\/a>\n\n\t\t<\/div>\n\t\t\t\t\t<\/div>\n\n\t\n\n\t<div id=\"col-769500587\" class=\"col medium-4 small-12 large-4\"  >\n\t\t\t\t<div class=\"col-inner text-center\"  >\n\t\t\t\n\t\t\t\n<h2 class=\"h2--rg\">Cha\u00eene d\u2019approvisionnement fiable<\/h2>\n<p>Notre \u00e9quipe d\u2019experts d\u00e9vou\u00e9s surveille constamment les mesures cl\u00e9s de rendement et modifie nos pratiques afin d\u2019assurer la fiabilit\u00e9 de la ligne d\u2019approvisionnement en produits.<\/p>\n<a href=\"\/quality-product\/\" target=\"_self\" class=\"button secondary\"  style=\"padding:15px 20px 15px 20px;\">\n    <span>EN APPRENDRE<br \/>PLUS<\/span>\n  <\/a>\n\n\t\t<\/div>\n\t\t\t\t\t<\/div>\n\n\t\n\n\t<div id=\"col-1744741501\" class=\"col medium-4 small-12 large-4\"  >\n\t\t\t\t<div class=\"col-inner text-center\"  >\n\t\t\t\n\t\t\t\n<h2 class=\"h2--rg\">Service<br \/>\u00e0 la client\u00e8le<\/h2>\n<p>D\u00e9couvrez comment notre \u00e9quipe du service \u00e0 la client\u00e8le comp\u00e9tente fournit des communications pr\u00e9cises en temps opportun, tout en \u00e9tant sensible aux besoins uniques de chaque client<\/p>\n<a href=\"\/reliable-supply-chain\/\" target=\"_self\" class=\"button secondary\"  style=\"padding:15px 20px 15px 20px;\">\n    <span>SERVICE &Acirc;<br \/>LA CLIENT&Eacute;LE<\/span>\n  <\/a>\n\n\t\t<\/div>\n\t\t\t\t\t<\/div>\n\n\t\n<\/div>\n<\/section>\n","protected":false},"excerpt":{"rendered":"Des produitsde qualit\u00e9 D\u00e9couvrez la ligne de produits conviviale de SteriMax et de quelle fa\u00e7on des produits de haute qualit\u00e9, des fournisseurs fiables et des processus d\u2019assurance qualit\u00e9 contribuent \u00e0 la constance des produits. QUALIT&Eacute; DESPRODUITS Cha\u00eene d\u2019approvisionnement fiable Notre \u00e9quipe d\u2019experts d\u00e9vou\u00e9s surveille constamment les mesures cl\u00e9s de rendement et modifie nos pratiques afin [...]","protected":false},"author":2,"featured_media":0,"parent":0,"menu_order":0,"comment_status":"closed","ping_status":"closed","template":"page-blank.php","meta":{"footnotes":""},"class_list":["post-4708","page","type-page","status-publish","hentry"],"_links":{"self":[{"href":"https:\/\/sterimaxinc.com\/fr\/wp-json\/wp\/v2\/pages\/4708","targetHints":{"allow":["GET"]}}],"collection":[{"href":"https:\/\/sterimaxinc.com\/fr\/wp-json\/wp\/v2\/pages"}],"about":[{"href":"https:\/\/sterimaxinc.com\/fr\/wp-json\/wp\/v2\/types\/page"}],"author":[{"embeddable":true,"href":"https:\/\/sterimaxinc.com\/fr\/wp-json\/wp\/v2\/users\/2"}],"replies":[{"embeddable":true,"href":"https:\/\/sterimaxinc.com\/fr\/wp-json\/wp\/v2\/comments?post=4708"}],"version-history":[{"count":0,"href":"https:\/\/sterimaxinc.com\/fr\/wp-json\/wp\/v2\/pages\/4708\/revisions"}],"wp:attachment":[{"href":"https:\/\/sterimaxinc.com\/fr\/wp-json\/wp\/v2\/media?parent=4708"}],"curies":[{"name":"wp","href":"https:\/\/api.w.org\/{rel}","templated":true}]}}