{"id":4696,"date":"2024-05-13T00:36:54","date_gmt":"2024-05-13T00:36:54","guid":{"rendered":"https:\/\/sterimaxinc.com\/?page_id=4696"},"modified":"2024-05-13T00:44:46","modified_gmt":"2024-05-13T00:44:46","slug":"business-development","status":"publish","type":"page","link":"https:\/\/sterimaxinc.com\/fr\/business-development\/","title":{"rendered":"D\u00e9veloppement commercial"},"content":{"rendered":"\n  <div class=\"banner has-hover\" id=\"banner-1713880282\">\n          <div class=\"banner-inner fill\">\n        <div class=\"banner-bg fill\" >\n            <div class=\"bg fill bg-fill \"><\/div>\n                                    \n                    <\/div>\n        <div class=\"banner-layers container\">\n            <div class=\"fill banner-link\"><\/div>            \n   <div id=\"text-box-1920978226\" class=\"text-box banner-layer x50 md-x50 lg-x50 y50 md-y50 lg-y50 res-text\">\n                                <div class=\"text-box-content text dark\">\n              \n              <div class=\"text-inner text-center\">\n                  \n\t<div id=\"text-948094038\" class=\"text\">\n\t\t\n\t\t\n<style>\n#text-948094038 {\n  text-align: center;\n}\n<\/style>\n\t<\/div>\n\t\n              <\/div>\n           <\/div>\n                            \n<style>\n#text-box-1920978226 {\n  width: 60%;\n}\n#text-box-1920978226 .text-box-content {\n  font-size: 100%;\n}\n<\/style>\n    <\/div>\n \n        <\/div>\n      <\/div>\n\n            \n<style>\n#banner-1713880282 {\n  padding-top: 250px;\n  background-color: rgb(255,255,255);\n}\n#banner-1713880282 .bg.bg-loaded {\n  background-image: url(https:\/\/sterimaxinc.com\/wp-content\/uploads\/2024\/05\/xvalues-1-1024x190.webp);\n}\n<\/style>\n  <\/div>\n\n\n<section class=\"bg-white\">\n<div class=\"row align-equal\"  id=\"row-1048325853\">\n\n\t<div id=\"col-776808964\" class=\"col medium-6 small-12 large-6\"  >\n\t\t\t\t<div class=\"col-inner text-center\"  >\n\t\t\t\n\t\t\t\n<h3 class=\"r h2--rg\">Exportation<\/h3>\n<p>D\u00e9couvrez de quelle fa\u00e7on SteriMax offre ses produits au monde entier. Nous commercialisons un portefeuille de produits diversifi\u00e9 et nous sommes \u00e0 la recherche de partenaires \u00e9tablis et accr\u00e9dit\u00e9s dans des march\u00e9s mondiaux cibl\u00e9s qui seront en mesure de g\u00e9rer l\u2019enregistrement et la distribution de produits.<\/p>\n<a href=\"\/exporting\/\" target=\"_self\" class=\"button secondary line--two\"  >\n    <span>EN APPRENDRE PLUS SUR<br \/>LES ACTIVIT&Eacute;S D'EXPORTATION<\/span>\n  <\/a>\n\n\t\t<\/div>\n\t\t\t\t\t<\/div>\n\n\t\n\n\t<div id=\"col-2105451950\" class=\"col medium-6 small-12 large-6\"  >\n\t\t\t\t<div class=\"col-inner text-center\"  >\n\t\t\t\n\t\t\t\n<h3 class=\"r h2--rg\">Partneriat<\/h3>\n<p>D\u00e9couvrez de quelle fa\u00e7on SteriMax offre une solution cl\u00e9 en main de services complets aux entreprises internationales \u0153uvrant sur le march\u00e9 pharmaceutique canadien. Nous cherchons activement \u00e0 d\u00e9velopper notre portefeuille avec des produits pharmaceutiques qui seront b\u00e9n\u00e9fiques pour les Canadiens.<\/p>\n<a href=\"\/exporting\/\" target=\"_self\" class=\"button secondary line--two\"  >\n    <span>DEVENIRE NOTRE<br \/>PARTENAIRE<\/span>\n  <\/a>\n\n\t\t<\/div>\n\t\t\t\t\t<\/div>\n\n\t\n<\/div>\n<\/section>\n","protected":false},"excerpt":{"rendered":"Exportation D\u00e9couvrez de quelle fa\u00e7on SteriMax offre ses produits au monde entier. Nous commercialisons un portefeuille de produits diversifi\u00e9 et nous sommes \u00e0 la recherche de partenaires \u00e9tablis et accr\u00e9dit\u00e9s dans des march\u00e9s mondiaux cibl\u00e9s qui seront en mesure de g\u00e9rer l\u2019enregistrement et la distribution de produits. EN APPRENDRE PLUS SURLES ACTIVIT&Eacute;S D'EXPORTATION Partneriat D\u00e9couvrez [...]","protected":false},"author":2,"featured_media":0,"parent":0,"menu_order":0,"comment_status":"closed","ping_status":"closed","template":"page-blank.php","meta":{"footnotes":""},"class_list":["post-4696","page","type-page","status-publish","hentry"],"_links":{"self":[{"href":"https:\/\/sterimaxinc.com\/fr\/wp-json\/wp\/v2\/pages\/4696","targetHints":{"allow":["GET"]}}],"collection":[{"href":"https:\/\/sterimaxinc.com\/fr\/wp-json\/wp\/v2\/pages"}],"about":[{"href":"https:\/\/sterimaxinc.com\/fr\/wp-json\/wp\/v2\/types\/page"}],"author":[{"embeddable":true,"href":"https:\/\/sterimaxinc.com\/fr\/wp-json\/wp\/v2\/users\/2"}],"replies":[{"embeddable":true,"href":"https:\/\/sterimaxinc.com\/fr\/wp-json\/wp\/v2\/comments?post=4696"}],"version-history":[{"count":0,"href":"https:\/\/sterimaxinc.com\/fr\/wp-json\/wp\/v2\/pages\/4696\/revisions"}],"wp:attachment":[{"href":"https:\/\/sterimaxinc.com\/fr\/wp-json\/wp\/v2\/media?parent=4696"}],"curies":[{"name":"wp","href":"https:\/\/api.w.org\/{rel}","templated":true}]}}