{"id":4685,"date":"2024-05-13T00:12:43","date_gmt":"2024-05-13T00:12:43","guid":{"rendered":"https:\/\/sterimaxinc.com\/?page_id=4685"},"modified":"2025-11-10T21:47:07","modified_gmt":"2025-11-10T21:47:07","slug":"our-executive-team","status":"publish","type":"page","link":"https:\/\/sterimaxinc.com\/fr\/our-executive-team\/","title":{"rendered":"\u00c9quipe de direction"},"content":{"rendered":"<section class=\"bg-white\">\n<div class=\"row\"  id=\"row-1949083688\">\n\n\t<div id=\"col-2089887084\" class=\"col medium-8 small-12 large-8\"  >\n\t\t\t\t<div class=\"col-inner text-left\"  >\n\t\t\t\n\t\t\t\n<h2 class=\"rr\">Samir Acharya<\/h2>\n<h3>Pr\u00e9sident et chef de la direction<\/h3>\n<p>Samir est un cadre de soci\u00e9t\u00e9 pharmaceutique accompli avec une exp\u00e9rience de travail de plus d\u2019une dizaine d\u2019ann\u00e9es dans divers domaines de l\u2019industrie pharmaceutique. Samir a commenc\u00e9 sa carri\u00e8re dans le domaine pharmaceutique chez Trent Drugs (Wholesale) Ltd en apprenant les bases du commerce de distribution de produits pharmaceutiques en travaillant dans un entrep\u00f4t.<\/p>\n<p>D\u00e8s l\u2019obtention de son dipl\u00f4me de l\u2019Universit\u00e9 Queen\u2019s en 2001, il quitte le Canada pour Basel, en Suisse, dans le but d\u2019effectuer de la recherche sur le cancer au si\u00e8ge social d\u2019Hoffman La-Roche. Son travail a donn\u00e9 lieu \u00e0 la publication d\u2019un article dans le journal Archives of Biochemistry and Biophysics.<\/p>\n<p>Au retour de son p\u00e9riple en Suisse, il retourne chez Trent Drugs en occupant des r\u00f4les li\u00e9s aux ventes et aux activit\u00e9s de l\u2019entreprise. Au fil des ans, il obtint des promotions et occupa des postes de plus en plus importants, dont celui de directeur du d\u00e9veloppement des affaires. Lors de l\u2019achat de Tent Drugs par AmerisourceBergen, il est promeut au poste de vice-pr\u00e9sident du syst\u00e8me de soins de sant\u00e9. Au cours de son mandat au sein de Trent\/AmerisourceBergen, il ouvra la voie aux activit\u00e9s de distribution de la compagnie sur le march\u00e9 hospitalier, n\u00e9gocia des ententes avec des fabricants et des organismes de groupement d\u2019achat de premier ordre dans le domaine hospitalier et fit cro\u00eetre les revenus de plus de 30 millions de dollars li\u00e9s aux h\u00f4pitaux. La formation en sciences de Samir lui permis aussi d\u2019assumer la responsabilit\u00e9 du service de qualit\u00e9 des sept centres de distribution de Trent, o\u00f9 il g\u00e9ra avec succ\u00e8s plusieurs BPF de Sant\u00e9 Canada et inspections des narcotiques.<\/p>\n<p>Samir a rejoint SteriMax Inc. en 2006 en tant que vice-pr\u00e9sident ex\u00e9cutif, supervisant le d\u00e9veloppement des affaires et les activit\u00e9s de vente \/ marketing, y compris les licences d\u2019entr\u00e9es \/ sorties, les acquisitions, les lancements de produits, ainsi que la gestion des principales parties prenantes. Depuis, la soci\u00e9t\u00e9 est pass\u00e9e de 4 personnes et 12 produits \u00e0 100 personnes et plus de 90 produits et est maintenant l\u2019une des meilleures soci\u00e9t\u00e9s d\u2019injectables st\u00e9riles au Canada. En 2020, il a assum\u00e9 le r\u00f4le de pr\u00e9sident.<\/p>\n<p>Samir est titulaire d\u2019un baccalaur\u00e9at en sciences (avec distinction) en biochimie de l\u2019Universit\u00e9 Queen\u2019s.<\/p>\n\t\t<\/div>\n\t\t\t\t\t<\/div>\n\n\t\n\n\t<div id=\"col-455054300\" class=\"col medium-4 small-12 large-4\"  >\n\t\t\t\t<div class=\"col-inner text-center\"  >\n\t\t\t\n\t\t\t<img decoding=\"async\" src=\"\/wp-content\/uploads\/2024\/04\/exec-3.png\" \/>\t\t<\/div>\n\t\t\t\t\t<\/div>\n\n\t\n<\/div>\n<\/section>\n<section class=\"bg-gray\">\n<div class=\"row\"  id=\"row-1352401419\">\n\n\t<div id=\"col-2134374094\" class=\"col medium-4 small-12 large-4\"  >\n\t\t\t\t<div class=\"col-inner text-center\"  >\n\t\t\t\n\t\t\t<img decoding=\"async\" src=\"\/wp-content\/uploads\/2024\/04\/Edward.png\" \/>\t\t<\/div>\n\t\t\t\t\t<\/div>\n\n\t\n\n\t<div id=\"col-868724361\" class=\"col medium-8 small-12 large-8\"  >\n\t\t\t\t<div class=\"col-inner text-left\"  >\n\t\t\t\n\t\t\t\n<h2 class=\"rr\">Edward Rajasingham<\/h2>\n<h3>Directeur commercial<\/h3>\n<p>Edward est un cadre chevronn\u00e9 qui poss\u00e8de une solide connaissance de l\u2019industrie pharmaceutique am\u00e9ricaine et canadienne. Il a occup\u00e9 un certain nombre de r\u00f4les progressifs dans les domaines de la vente, du marketing et du d\u00e9veloppement commercial, tant dans le secteur de la pharmacie de d\u00e9tail que dans celui de la fabrication. Il est actuellement directeur commercial de SteriMax Inc. et est responsable de la croissance de la pr\u00e9sence sur le march\u00e9 et des revenus de SteriMax gr\u00e2ce \u00e0 l\u2019alignement strat\u00e9gique de toutes les op\u00e9rations commerciales.<br \/>\nAu cours de sa carri\u00e8re de plus de 25 ans, il a largement contribu\u00e9 \u00e0 diriger et \u00e0 motiver des \u00e9quipes afin de garantir \u00e0 la population canadienne l\u2019acc\u00e8s \u00e0 des soins de sant\u00e9 abordables et de r\u00e9pondre aux besoins des patients.<\/p>\n<p>Edward est titulaire d\u2019une ma\u00eetrise en administration des affaires de l\u2019Universit\u00e9 Queens, en Ontario, au Canada.<\/p>\n\t\t<\/div>\n\t\t\t\t\t<\/div>\n\n\t\n<\/div>\n<\/section>\n<section class=\"bg-white\">\n<div class=\"row\"  id=\"row-1161112923\">\n\n\t<div id=\"col-827987214\" class=\"col medium-8 small-12 large-8\"  >\n\t\t\t\t<div class=\"col-inner text-left\"  >\n\t\t\t\n\t\t\t\n<h2 class=\"rr\">Scott Niewland<\/h2>\n<h3>Directeur financier<\/h3>\n<p>Scott Niewland a d\u00e9but\u00e9 sa carri\u00e8re chez SteriMax en 2015 o\u00f9 il est responsable des finances, de l\u2019informatique, des analyses commerciales et de la gestion des risques. Scott a plus de 20 ans d\u2019exp\u00e9rience progressive dans le domaine des finances et des op\u00e9rations. Avant d\u2019int\u00e9grer SteriMax, Scott a occup\u00e9 des r\u00f4les critiques dans le domaine des finances et de l\u2019approvisionnement strat\u00e9gique chez Tim Hortons et Rogers. Son exp\u00e9rience significative et son leadership dans ces r\u00f4les soutiennent la croissance et la maturit\u00e9 de l\u2019entreprise.<\/p>\n<p>Scott a obtenu un baccalaur\u00e9at en administration des affaires de l\u2019Universit\u00e9 Austin Peay, au Tennessee, \u00c9tats-Unis, tout en obtenant le statut de champion universitaire en tant que capitaine de l\u2019\u00e9quipe de golf de la division 1. \u00c0 son retour au Canada, Scott a suivi son autre passion, l\u2019analyse financi\u00e8re, et a obtenu le titre de comptable professionnel agr\u00e9\u00e9 en 2004.<\/p>\n\t\t<\/div>\n\t\t\t\t\t<\/div>\n\n\t\n\n\t<div id=\"col-1640670104\" class=\"col medium-4 small-12 large-4\"  >\n\t\t\t\t<div class=\"col-inner text-center\"  >\n\t\t\t\n\t\t\t<img decoding=\"async\" src=\"\/wp-content\/uploads\/2024\/04\/xScott-a.png\" \/>\t\t<\/div>\n\t\t\t\t\t<\/div>\n\n\t\n<\/div>\n<\/section>\n<section class=\"bg-gray\">\n<div class=\"row\"  id=\"row-1789918404\">\n\n\t<div id=\"col-1163567535\" class=\"col medium-4 small-12 large-4\"  >\n\t\t\t\t<div class=\"col-inner text-center\"  >\n\t\t\t\n\t\t\t<img decoding=\"async\" src=\"\/wp-content\/uploads\/2024\/04\/xexec-1-a.png\" \/>\t\t<\/div>\n\t\t\t\t\t<\/div>\n\n\t\n\n\t<div id=\"col-596082231\" class=\"col medium-8 small-12 large-8\"  >\n\t\t\t\t<div class=\"col-inner text-left\"  >\n\t\t\t\n\t\t\t\n<h2 class=\"rr\">Ritesh Acharya<\/h2>\n<h3>Vice-pr\u00e9sident ex\u00e9cutif, affaires scientifiques<\/h3>\n<p>Ritesh a rejoint la compagnie en 2012 et est devenu un ex\u00e9cutif accompli tout en maintenant ses obligations professionnelles en tant que pharmacien agr\u00e9\u00e9. Il a obtenu sa ma\u00eetrise en pharmacie \u00e0 la prestigieuse UCL School of Pharmacy \u00e0 Londres en Angleterre, un programme qui se concentre sur les aspects industriels et la recherche dans les produits pharmaceutiques. Il a ensuite continu\u00e9 en \u00e9tudiant la pratique clinique, ce qui lui a donn\u00e9 une bonne connaissance de la pratique pharmaceutique canadienne avant de rejoindre l\u2019entreprise.<\/p>\n<p>Ritesh a pass\u00e9 ses premiers jours \u00e0 SteriMax sur des projets sp\u00e9ciaux dans les domaines de l\u2019innovation produit, le d\u00e9veloppement des affaires et l\u2019am\u00e9lioration des services pharmaceutiques pour les h\u00f4pitaux canadiens. Ceci lui a permis d\u2019\u00e9tablir un contexte professionnel, et une cr\u00e9dibilit\u00e9 envers nos clients et nos fournisseurs que seul un pharmacien peut accomplir. Ritesh a appris de mani\u00e8re efficiente les exigences critiques pour faire avancer les capacit\u00e9s scientifiques et r\u00e9glementaires de la compagnie. Cette pr\u00e9occupation a \u00e9volu\u00e9 et son r\u00f4le actuel inclut la supervision directe de la recherche et d\u00e9veloppement, le transfert de technologie, les activit\u00e9s r\u00e8glementaires et cliniques. Ritesh apporte une dose d\u2019esprit entrepreneurial, une expertise professionnelle et un leadership soutenu \u00e0 l\u2019\u00e9quipe compl\u00e8te.<\/p>\n\t\t<\/div>\n\t\t\t\t\t<\/div>\n\n\t\n<\/div>\n<\/section>\n<section class=\"bg-white\" style=\"padding-top:2%\">\r\n<div class=\"row\"  id=\"row-754681343\">\r\n\n\t<div id=\"col-1206664226\" class=\"col medium-12 small-12 large-12\"  >\n\t\t\t\t<div class=\"col-inner text-center\"  >\n\t\t\t\n\t\t\t<h3>Vous souhaiteriez faire affaire avec nous ou en apprendre plus?<\/h3>\t\t<\/div>\n\t\t\t\t\t<\/div>\n\n\t\r\n\n\t<div id=\"col-1258032725\" class=\"col medium-4 small-12 large-4\"  >\n\t\t\t\t<div class=\"col-inner text-center\"  >\n\t\t\t\n\t\t\t\r\n<a href=\"\/our-story\/\" target=\"_self\" class=\"button secondary\"  style=\"padding:15px 20px 15px 20px;\">\n    <span>NOTRE ENTREPRISE<\/span>\n  <\/a>\n\r\n\t\t<\/div>\n\t\t\t\t\t<\/div>\n\n\t\r\n\n\t<div id=\"col-2065034813\" class=\"col medium-4 small-12 large-4\"  >\n\t\t\t\t<div class=\"col-inner text-center\"  >\n\t\t\t\n\t\t\t\r\n<a href=\"\/our-mission\/\" target=\"_self\" class=\"button secondary\"  style=\"padding:15px 20px 15px 20px;\">\n    <span>NOTRE PROMESSE<\/span>\n  <\/a>\n\r\n\t\t<\/div>\n\t\t\t\t\t<\/div>\n\n\t\r\n\n\t<div id=\"col-1976279673\" class=\"col medium-4 small-12 large-4\"  >\n\t\t\t\t<div class=\"col-inner text-center\"  >\n\t\t\t\n\t\t\t\r\n<a href=\"\/partnerships\/\" target=\"_self\" class=\"button secondary line--two\"  >\n    <span>DEVENIR NOTRE<br \/>PARTENAIRE<\/span>\n  <\/a>\n\r\n\t\t<\/div>\n\t\t\t\t\t<\/div>\n\n\t\r\n<\/div>\r\n<\/section>\n","protected":false},"excerpt":{"rendered":"Samir Acharya Pr\u00e9sident et chef de la direction Samir est un cadre de soci\u00e9t\u00e9 pharmaceutique accompli avec une exp\u00e9rience de travail de plus d\u2019une dizaine d\u2019ann\u00e9es dans divers domaines de l\u2019industrie pharmaceutique. Samir a commenc\u00e9 sa carri\u00e8re dans le domaine pharmaceutique chez Trent Drugs (Wholesale) Ltd en apprenant les bases du commerce de distribution de [...]","protected":false},"author":2,"featured_media":0,"parent":0,"menu_order":0,"comment_status":"closed","ping_status":"closed","template":"page-blank.php","meta":{"footnotes":""},"class_list":["post-4685","page","type-page","status-publish","hentry"],"_links":{"self":[{"href":"https:\/\/sterimaxinc.com\/fr\/wp-json\/wp\/v2\/pages\/4685","targetHints":{"allow":["GET"]}}],"collection":[{"href":"https:\/\/sterimaxinc.com\/fr\/wp-json\/wp\/v2\/pages"}],"about":[{"href":"https:\/\/sterimaxinc.com\/fr\/wp-json\/wp\/v2\/types\/page"}],"author":[{"embeddable":true,"href":"https:\/\/sterimaxinc.com\/fr\/wp-json\/wp\/v2\/users\/2"}],"replies":[{"embeddable":true,"href":"https:\/\/sterimaxinc.com\/fr\/wp-json\/wp\/v2\/comments?post=4685"}],"version-history":[{"count":1,"href":"https:\/\/sterimaxinc.com\/fr\/wp-json\/wp\/v2\/pages\/4685\/revisions"}],"predecessor-version":[{"id":8163,"href":"https:\/\/sterimaxinc.com\/fr\/wp-json\/wp\/v2\/pages\/4685\/revisions\/8163"}],"wp:attachment":[{"href":"https:\/\/sterimaxinc.com\/fr\/wp-json\/wp\/v2\/media?parent=4685"}],"curies":[{"name":"wp","href":"https:\/\/api.w.org\/{rel}","templated":true}]}}