{"id":4660,"date":"2024-05-12T23:42:13","date_gmt":"2024-05-12T23:42:13","guid":{"rendered":"https:\/\/sterimaxinc.com\/?page_id=4660"},"modified":"2024-05-13T00:10:36","modified_gmt":"2024-05-13T00:10:36","slug":"our-story","status":"publish","type":"page","link":"https:\/\/sterimaxinc.com\/fr\/our-story\/","title":{"rendered":"Notre histoire"},"content":{"rendered":"\n  <div class=\"banner has-hover\" id=\"banner-1648063285\">\n          <div class=\"banner-inner fill\">\n        <div class=\"banner-bg fill\" >\n            <div class=\"bg fill bg-fill \"><\/div>\n                                    \n                    <\/div>\n        <div class=\"banner-layers container\">\n            <div class=\"fill banner-link\"><\/div>            \n   <div id=\"text-box-710528978\" class=\"text-box banner-layer x50 md-x50 lg-x50 y50 md-y50 lg-y50 res-text\">\n                                <div class=\"text-box-content text dark\">\n              \n              <div class=\"text-inner text-center\">\n                  \n\t<div id=\"text-4257012883\" class=\"text\">\n\t\t\n<h1><strong>Notre histoire<\/strong><\/h1>\n\t\t\n<style>\n#text-4257012883 {\n  text-align: center;\n}\n<\/style>\n\t<\/div>\n\t\n              <\/div>\n           <\/div>\n                            \n<style>\n#text-box-710528978 {\n  width: 60%;\n}\n#text-box-710528978 .text-box-content {\n  font-size: 100%;\n}\n<\/style>\n    <\/div>\n \n        <\/div>\n      <\/div>\n\n            \n<style>\n#banner-1648063285 {\n  padding-top: 400px;\n  background-color: rgb(255,255,255);\n}\n#banner-1648063285 .bg.bg-loaded {\n  background-image: url(https:\/\/sterimaxinc.com\/wp-content\/uploads\/2024\/05\/Syringe_Company_Overview_1250x250-1024x205.jpg);\n}\n<\/style>\n  <\/div>\n\n\n<section class=\"bg-white--continue\">\n<div class=\"row\"  id=\"row-741899922\">\n\n\t<div id=\"col-1277466843\" class=\"col medium-4 small-12 large-4\"  >\n\t\t\t\t<div class=\"col-inner text-center\"  >\n\t\t\t\n\t\t\t<img decoding=\"async\" src=\"\/wp-content\/uploads\/2024\/04\/exec-4.png\" \/>\t\t<\/div>\n\t\t\t\t\t<\/div>\n\n\t\n\n\t<div id=\"col-732780904\" class=\"col medium-8 small-12 large-8\"  >\n\t\t\t\t<div class=\"col-inner text-left\"  >\n\t\t\t\n\t\t\t\n<h2 class=\"r sp\">Une entreprise pharmaceutique dot\u00e9e d\u2019une histoire unique.<\/h2>\n<p>SteriMax poss\u00e8de une histoire unique en son genre qui repose sur la vision de Mike Acharya, et qui a \u00e9volu\u00e9 au fil des ans gr\u00e2ce aux connaissances, \u00e0 l\u2019expertise et au dur labeur de l\u2019\u00e9quipe de direction et du personnel de SteriMax. L\u2019histoire d\u00e9bute dans les 70 lorsque Mike Acharya immigre au Canada avec un baccalaur\u00e9at en pharmacie en poche de l\u2019Universit\u00e9 de Bath (Angleterre). Il ouvre et exploite alors avec succ\u00e8s une cha\u00eene de pharmacies de d\u00e9tail en Ontario sous la banni\u00e8re Super Discount Drugs. Au cours des ann\u00e9es 80, il c\u00e8de l\u2019entreprise \u00e0 Shoppers Drug Mart.<\/p>\n<p>Une fois le d\u00e9sinvestissement effectu\u00e9, il voit une occasion d\u2019affaires dans la distribution de m\u00e9dicaments et constate le besoin d\u2019avoir d\u2019un grossiste r\u00e9gional qui pourrait offrir des m\u00e9dicaments et d\u2019autres services aux pharmacies ind\u00e9pendantes locales dans sa r\u00e9gion. Il ouvre alors Trent Drugs (Wholesale) Ltd dans l\u2019optique d\u2019offrir un service personnalis\u00e9 de haute qualit\u00e9 \u00e0 prix r\u00e9duit aux pharmacies. Au cours des 20 prochaines qui suivent, Trent Drugs (Wholesale) Ltd passe du statut de petite entreprise \u0153uvrant dans le sous-sol d\u2019une pharmacie \u00e0 celui de 3e plus important grossiste national de m\u00e9dicaments au Canada, exploitant sept centres de distribution dans cinq provinces.<\/p>\n<p>En 2005, Mike Acharya c\u00e8de l\u2019entreprise \u00e0 une compagnie am\u00e9ricaine du groupe Fortune 50, AmerisourceBergen; l\u2019une des plus grandes entreprises de distribution pharmaceutique en Am\u00e9rique du Nord.<\/p>\n<p>SteriMax \u00e9merge durant les ann\u00e9es 90, alors que Trent est toujours en activit\u00e9. Mike Acharya, en tant que v\u00e9ritable entrepreneur, voit le besoin de cr\u00e9er une entreprise qui se sp\u00e9cialiserait dans les produits parent\u00e9raux de cr\u00e9neau de faible volume combin\u00e9s \u00e0 une forte orientation client. Au d\u00e9part, SteriMax commercialise et distribue une ligne de produits injectables ainsi qu\u2019une petite ligne de m\u00e9dicaments administr\u00e9s par voie orale. En 2004, SteriMax renforce sa position sur le march\u00e9 en acqu\u00e9rant cinq produits de Novartis.<\/p>\n<p>SteriMax est vou\u00e9e \u00e0 la croissance continue et au succ\u00e8s gr\u00e2ce \u00e0 son solide portefeuille de produits et son \u00e9quipe de gestion dot\u00e9e d\u2019expertises dans la recherche de produits, la fabrication, le d\u00e9veloppement commercial, les ventes, les alliances strat\u00e9giques, les affaires scientifiques et la distribution.<\/p>\n\t\t<\/div>\n\t\t\t\t\t<\/div>\n\n\t\n<\/div>\n<\/section>\n<section class=\"bg-white--continue\">\n\n  <div class=\"banner has-hover\" id=\"banner-1657154564\">\n          <div class=\"banner-inner fill\">\n        <div class=\"banner-bg fill\" >\n            <div class=\"bg fill bg-fill \"><\/div>\n                                    \n                    <\/div>\n        <div class=\"banner-layers container\">\n            <div class=\"fill banner-link\"><\/div>            \n   <div id=\"text-box-1828139853\" class=\"text-box banner-layer x0 md-x0 lg-x0 y50 md-y50 lg-y50 res-text\">\n                                <div class=\"text-box-content text dark\">\n              \n              <div class=\"text-inner text-center\">\n                  \n<div class=\"row\"  id=\"row-22814400\">\n\n\t<div id=\"col-1732618315\" class=\"col medium-12 small-6 large-12\"  >\n\t\t\t\t<div class=\"col-inner text-center\"  >\n\t\t\t\n\t\t\t\n<h2>SteriMax Inc.<\/h2>\n<p>D\u00e9couvrez qui nous sommes<\/p>\n\t\t<\/div>\n\t\t\t\t\n<style>\n#col-1732618315 > .col-inner {\n  padding: 20px 20px 0px 20px;\n}\n<\/style>\n\t<\/div>\n\n\t\n\n\t<div id=\"col-1079409000\" class=\"col medium-3 small-6 large-3\"  >\n\t\t\t\t<div class=\"col-inner\"  >\n\t\t\t\n\t\t\t\n<a href=\"#\" target=\"_self\" class=\"button secondary\"  style=\"padding:16px 20px 16px 20px;\">\n    <span>NOTRE OBJECTIF<\/span>\n  <\/a>\n\n\t\t<\/div>\n\t\t\t\t\n<style>\n#col-1079409000 > .col-inner {\n  padding: 20px 20px 0px 20px;\n}\n<\/style>\n\t<\/div>\n\n\t\n\n\t<div id=\"col-469970135\" class=\"col medium-3 small-6 large-3\"  >\n\t\t\t\t<div class=\"col-inner\"  >\n\t\t\t\n\t\t\t\n<a href=\"#\" target=\"_self\" class=\"button secondary line--two\"  >\n    <span>NOTRE &Eacute;QUIPE DE DIRECTION<\/span>\n  <\/a>\n\n\t\t<\/div>\n\t\t\t\t\n<style>\n#col-469970135 > .col-inner {\n  padding: 20px 20px 0px 20px;\n}\n<\/style>\n\t<\/div>\n\n\t\n\n\t<div id=\"col-1521442342\" class=\"col medium-3 small-6 large-3\"  >\n\t\t\t\t<div class=\"col-inner\"  >\n\t\t\t\n\t\t\t\n<a href=\"#\" target=\"_self\" class=\"button secondary\"  style=\"padding:16px 20px 16px 20px;\">\n    <span>NOS PRODUITS<\/span>\n  <\/a>\n\n\t\t<\/div>\n\t\t\t\t\n<style>\n#col-1521442342 > .col-inner {\n  padding: 20px 20px 0px 20px;\n}\n<\/style>\n\t<\/div>\n\n\t\n\n\t<div id=\"col-1999462523\" class=\"col medium-3 small-6 large-3\"  >\n\t\t\t\t<div class=\"col-inner\"  >\n\t\t\t\n\t\t\t\n<a href=\"#\" target=\"_self\" class=\"button secondary line--two\"  >\n    <span>DEVENIR NOTRE PARTENEAIRE<\/span>\n  <\/a>\n\n\t\t<\/div>\n\t\t\t\t\n<style>\n#col-1999462523 > .col-inner {\n  padding: 20px 20px 0px 20px;\n}\n<\/style>\n\t<\/div>\n\n\t\n<\/div>\n              <\/div>\n           <\/div>\n                            \n<style>\n#text-box-1828139853 .text-box-content {\n  background-color: rgba(0, 0, 0, 0.5);\n  font-size: 100%;\n}\n#text-box-1828139853 {\n  width: 100%;\n}\n<\/style>\n    <\/div>\n \n        <\/div>\n      <\/div>\n\n            \n<style>\n#banner-1657154564 {\n  padding-top: 500px;\n  background-color: rgb(255,255,255);\n}\n#banner-1657154564 .bg.bg-loaded {\n  background-image: url(https:\/\/sterimaxinc.com\/wp-content\/uploads\/2024\/05\/conference.jpg);\n}\n<\/style>\n  <\/div>\n\n\n<\/section>\n<section class=\"bg-white--continue\">\n<div class=\"row align-equal\"  id=\"row-306134390\">\n\n\t<div id=\"col-1166031421\" class=\"col medium-12 small-12 large-12\"  >\n\t\t\t\t<div class=\"col-inner text-center\"  >\n\t\t\t\n\t\t\t\n<h2 class=\"h2 r\">Ce que nous accomplissons et la mani\u00e8re par laquelle nous en sommes arriv\u00e9s l\u00e0<\/h2>\n<p style=\"font-size:18px\">SteriMax d\u00e9veloppe, fabrique, lance et distribue des produits pharmaceutiques de d\u00e9tail essentiels aux h\u00f4pitaux sur le march\u00e9 canadien.<\/p>\n\t\t<\/div>\n\t\t\t\t\t<\/div>\n\n\t\n\n\t<div id=\"col-1408674700\" class=\"col medium-6 small-12 large-6\"  >\n\t\t\t\t<div class=\"col-inner text-left\"  >\n\t\t\t\n\t\t\t\n<p style=\"text-align:center\" class=\"r\"><strong>SteriMax a \u00e9t\u00e9 fond\u00e9e par Mahen (Mike) Acharya, vers la fin des ann\u00e9es 90 gr\u00e2ce \u00e0 une s\u00e9rie d\u2019alliances strat\u00e9giques.<\/strong><\/p>\n<p>D\u00e8s sa cr\u00e9ation, l\u2019organisation se consacre \u00e0 la maintenance, la promotion et la redynamisation de produits pharmaceutiques de cr\u00e9neaux \u00e9vidents qui sont convoit\u00e9s par le syst\u00e8me canadien de soins de sant\u00e9, mais dont la production est menac\u00e9e par leur compagnie. En s\u2019appuyant sur cette fondation qui comprend plusieurs produits st\u00e9riles injectables bien \u00e9tablis, SteriMax int\u00e8gre avec succ\u00e8s une gamme de produits parent\u00e9raux qui lui permet de cr\u00e9er un formidable portefeuille de produits essentiels sur le march\u00e9 des h\u00f4pitaux canadiens. En tant que partenaire engag\u00e9 dans ce secteur, SteriMax accorde une grande importance \u00e0 la fiabilit\u00e9 et la stabilit\u00e9 de l\u2019approvisionnement en produits.<\/p>\n<p>En plus de la force que nous tirons dans les produits st\u00e9riles injectables, nous constatons \u00e9galement des besoins non satisfaits et des occasions d\u2019affaires dans les cr\u00e9neaux des m\u00e9dicaments solides administr\u00e9s par voie orale, des vaporisateurs nasaux et des produits ophtalmiques, lesquels servent \u00e0 accro\u00eetre notre pr\u00e9sence dans le secteur pharmaceutique de d\u00e9tail au Canada.<\/p>\n\t\t<\/div>\n\t\t\t\t\t<\/div>\n\n\t\n\n\t<div id=\"col-215301269\" class=\"col medium-6 small-12 large-6\"  >\n\t\t\t\t<div class=\"col-inner text-left\"  >\n\t\t\t\n\t\t\t\n<p style=\"text-align:center\" class=\"r\"><strong>SteriMax est une organisation qui continue chaque jour de prendre de l\u2019expansion en mati\u00e8re d\u2019employ\u00e9s, de lignes de produits et de partenariats strat\u00e9giques.<\/strong><\/p>\n<p>Chez SteriMax, nous voyons d\u2019\u00e9normes possibilit\u00e9s de croissance continue de notre portefeuille dans notre domaine d\u2019activit\u00e9. Nous \u00e9valuons constamment les besoins du march\u00e9 et nous maintenons \u00e0 court terme un portefeuille de produits substantiel qui devrait permettre \u00e0 SteriMax d\u2019obtenir l\u2019autorisation de lancer des produits pendant de nombreuses ann\u00e9es \u00e0 venir.<\/p>\n<p>Notre portefeuille prend de l\u2019expansion au m\u00eame rythme que notre \u00e9quipe. Nous sommes une organisation qui offre une gamme compl\u00e8te de services et une vaste exp\u00e9rience au sein du march\u00e9 canadien. Nous avons b\u00e2ti une \u00e9quipe de professionnels talentueux et d\u00e9vou\u00e9s qui nous ont permis de d\u00e9velopper notre propre expertise dans tous les domaines fonctionnels. Nos importants services d\u00e9di\u00e9s aux aspects techniques, \u00e0 la r\u00e9glementation et \u00e0 la qualit\u00e9 renforcent notre \u00e9quipe commerciale qui fait de SteriMax un partenaire de choix.<\/p>\n<p>Nous avons la main-d\u2019\u0153uvre, les processus et l\u2019infrastructure n\u00e9cessaires pour rivaliser avec les grandes entreprises, mais nous accordons une grande importance \u00e0 maintenir notre souplesse, notre accessibilit\u00e9 et notre r\u00e9ceptivit\u00e9 sur lesquelles notre image et notre r\u00e9putation reposent.<\/p>\n\t\t<\/div>\n\t\t\t\t\t<\/div>\n\n\t\n<\/div>\n<\/section>\n","protected":false},"excerpt":{"rendered":"Notre histoire Une entreprise pharmaceutique dot\u00e9e d\u2019une histoire unique. SteriMax poss\u00e8de une histoire unique en son genre qui repose sur la vision de Mike Acharya, et qui a \u00e9volu\u00e9 au fil des ans gr\u00e2ce aux connaissances, \u00e0 l\u2019expertise et au dur labeur de l\u2019\u00e9quipe de direction et du personnel de SteriMax. L\u2019histoire d\u00e9bute dans les [...]","protected":false},"author":2,"featured_media":0,"parent":0,"menu_order":0,"comment_status":"closed","ping_status":"closed","template":"page-blank.php","meta":{"footnotes":""},"class_list":["post-4660","page","type-page","status-publish","hentry"],"_links":{"self":[{"href":"https:\/\/sterimaxinc.com\/fr\/wp-json\/wp\/v2\/pages\/4660","targetHints":{"allow":["GET"]}}],"collection":[{"href":"https:\/\/sterimaxinc.com\/fr\/wp-json\/wp\/v2\/pages"}],"about":[{"href":"https:\/\/sterimaxinc.com\/fr\/wp-json\/wp\/v2\/types\/page"}],"author":[{"embeddable":true,"href":"https:\/\/sterimaxinc.com\/fr\/wp-json\/wp\/v2\/users\/2"}],"replies":[{"embeddable":true,"href":"https:\/\/sterimaxinc.com\/fr\/wp-json\/wp\/v2\/comments?post=4660"}],"version-history":[{"count":0,"href":"https:\/\/sterimaxinc.com\/fr\/wp-json\/wp\/v2\/pages\/4660\/revisions"}],"wp:attachment":[{"href":"https:\/\/sterimaxinc.com\/fr\/wp-json\/wp\/v2\/media?parent=4660"}],"curies":[{"name":"wp","href":"https:\/\/api.w.org\/{rel}","templated":true}]}}