{"id":4633,"date":"2024-05-12T23:02:21","date_gmt":"2024-05-12T23:02:21","guid":{"rendered":"https:\/\/sterimaxinc.com\/?page_id=4633"},"modified":"2024-05-12T23:36:44","modified_gmt":"2024-05-12T23:36:44","slug":"our-mission","status":"publish","type":"page","link":"https:\/\/sterimaxinc.com\/fr\/our-mission\/","title":{"rendered":"Vue d\u2019ensemble de l\u2019entreprise"},"content":{"rendered":"\n  <div class=\"banner has-hover\" id=\"banner-433469161\">\n          <div class=\"banner-inner fill\">\n        <div class=\"banner-bg fill\" >\n            <div class=\"bg fill bg-fill \"><\/div>\n                                    \n                    <\/div>\n        <div class=\"banner-layers container\">\n            <div class=\"fill banner-link\"><\/div>            \n   <div id=\"text-box-276721209\" class=\"text-box banner-layer x50 md-x50 lg-x50 y50 md-y50 lg-y50 res-text\">\n                                <div class=\"text-box-content text dark\">\n              \n              <div class=\"text-inner text-center\">\n                  \n<h1><strong>Nous sommes r\u00e9solus \u00e0 optimiser le bien-\u00eatre de tous les Canadiens.<\/strong><\/h1>\n              <\/div>\n           <\/div>\n                            \n<style>\n#text-box-276721209 {\n  width: 80%;\n}\n#text-box-276721209 .text-box-content {\n  font-size: 100%;\n}\n<\/style>\n    <\/div>\n \n        <\/div>\n      <\/div>\n\n            \n<style>\n#banner-433469161 {\n  padding-top: 400px;\n  background-color: rgb(255,255,255);\n}\n#banner-433469161 .bg.bg-loaded {\n  background-image: url(https:\/\/sterimaxinc.com\/wp-content\/uploads\/2024\/05\/Man_Hand_Shoulder_1250x400-1024x328.jpg);\n}\n<\/style>\n  <\/div>\n\n\n<section class=\"bg-white--continue\">\n<div class=\"row\"  id=\"row-1243875658\">\n\n\t<div id=\"col-1868932369\" class=\"col small-12 large-12\"  >\n\t\t\t\t<div class=\"col-inner text-center\"  >\n\t\t\t\n\t\t\t\n<h2 class=\"r h2\">Voici comment nous tenons notre engagement<\/h2>\n<p>Nous estimons que nous avons un r\u00f4le \u00e0 jouer dans l\u2019am\u00e9lioration des soins de sant\u00e9. En tant qu\u2019entreprise familiale, nous nous effor\u00e7ons de proposer aux professionnels de soins de sant\u00e9 des solutions accessibles et de haute qualit\u00e9 qu\u2019ils pourront offrir \u00e0 leurs patients. Tout part d\u2019une simple promesse \u2013 une promesse que nous effor\u00e7ons tous de tenir \u2013 d\u2019optimiser le bien-\u00eatre de tous les Canadiens.<\/p>\n\t\t<\/div>\n\t\t\t\t\t<\/div>\n\n\t\n\n\t<div id=\"col-1795586667\" class=\"col medium-6 small-12 large-6\"  >\n\t\t\t\t<div class=\"col-inner text-left\"  >\n\t\t\t\n\t\t\t\n<div class=\"row row-small align-middle\"  id=\"row-1767194493\">\n\n\t<div id=\"col-160577614\" class=\"col medium-2 small-12 large-2\"  >\n\t\t\t\t<div class=\"col-inner text-center\"  >\n\t\t\t\n\t\t\t<img decoding=\"async\" src=\"\/wp-content\/uploads\/2024\/04\/sterimax-team.png\" \/>\t\t<\/div>\n\t\t\t\t\t<\/div>\n\n\t\n\n\t<div id=\"col-1478624847\" class=\"col medium-10 small-12 large-10\"  >\n\t\t\t\t<div class=\"col-inner text-left\"  >\n\t\t\t\n\t\t\t\n<h3 class=\"r\">R\u00e9duire les co\u00fbts li\u00e9s aux soins de sant\u00e9<\/h3>\n<p>En nous concentrant sur l\u2019expansion et le renforcement des m\u00e9dicaments g\u00e9n\u00e9riques et de marque, nous contribuons \u00e0 optimiser le bien-\u00eatre de tous les Canadiens tout en r\u00e9duisant les co\u00fbts li\u00e9s aux soins de sant\u00e9 essentiels.<\/p>\n\t\t<\/div>\n\t\t\t\t\t<\/div>\n\n\t\n<\/div>\n\t\t<\/div>\n\t\t\t\t\t<\/div>\n\n\t\n\n\t<div id=\"col-1301974582\" class=\"col medium-6 small-12 large-6\"  >\n\t\t\t\t<div class=\"col-inner text-left\"  >\n\t\t\t\n\t\t\t\n<div class=\"row row-small align-middle\"  id=\"row-936824888\">\n\n\t<div id=\"col-837191635\" class=\"col medium-2 small-12 large-2\"  >\n\t\t\t\t<div class=\"col-inner text-center\"  >\n\t\t\t\n\t\t\t<img decoding=\"async\" src=\"\/wp-content\/uploads\/2024\/04\/sterimax-quality-products3.png\" \/>\t\t<\/div>\n\t\t\t\t\t<\/div>\n\n\t\n\n\t<div id=\"col-1293438958\" class=\"col medium-10 small-12 large-10\"  >\n\t\t\t\t<div class=\"col-inner text-left\"  >\n\t\t\t\n\t\t\t\n<h3 class=\"r\">Offrir des produits de qualit\u00e9<\/h3>\n<p>Nous ne travaillons qu\u2019avec des fournisseurs fiables et exp\u00e9riment\u00e9s afin de susciter la confiance de nos clients lorsqu\u2019ils choisissent un produit parmi notre gamme croissante de produits.<\/p>\n\t\t<\/div>\n\t\t\t\t\t<\/div>\n\n\t\n<\/div>\n\t\t<\/div>\n\t\t\t\t\t<\/div>\n\n\t\n\n\t<div id=\"col-1457735681\" class=\"col medium-6 small-12 large-6\"  >\n\t\t\t\t<div class=\"col-inner text-left\"  >\n\t\t\t\n\t\t\t\n<div class=\"row row-small align-middle\"  id=\"row-2138064574\">\n\n\t<div id=\"col-1240219208\" class=\"col medium-2 small-12 large-2\"  >\n\t\t\t\t<div class=\"col-inner text-center\"  >\n\t\t\t\n\t\t\t<img decoding=\"async\" src=\"\/wp-content\/uploads\/2024\/04\/sterimax-quality.png\" \/>\t\t<\/div>\n\t\t\t\t\t<\/div>\n\n\t\n\n\t<div id=\"col-131434634\" class=\"col medium-10 small-12 large-10\"  >\n\t\t\t\t<div class=\"col-inner text-left\"  >\n\t\t\t\n\t\t\t\n<h3 class=\"r\">Contribuer \u00e0 r\u00e9duire les erreurs m\u00e9dicales<\/h3>\n<p>Nos emballages conviviaux aident les professionnels de soins de sant\u00e9 \u00e0 choisir le bon produit pour le patient.<\/p>\n\t\t<\/div>\n\t\t\t\t\t<\/div>\n\n\t\n<\/div>\n\t\t<\/div>\n\t\t\t\t\t<\/div>\n\n\t\n\n\t<div id=\"col-1851700463\" class=\"col medium-6 small-12 large-6\"  >\n\t\t\t\t<div class=\"col-inner text-left\"  >\n\t\t\t\n\t\t\t\n<div class=\"row row-small align-middle\"  id=\"row-1893025036\">\n\n\t<div id=\"col-1465761516\" class=\"col medium-2 small-12 large-2\"  >\n\t\t\t\t<div class=\"col-inner text-center\"  >\n\t\t\t\n\t\t\t<img decoding=\"async\" src=\"\/wp-content\/uploads\/2024\/04\/sterimax-products.png\" \/>\t\t<\/div>\n\t\t\t\t\t<\/div>\n\n\t\n\n\t<div id=\"col-973445682\" class=\"col medium-10 small-12 large-10\"  >\n\t\t\t\t<div class=\"col-inner text-left\"  >\n\t\t\t\n\t\t\t\n<h3 class=\"r\">Maintenir les m\u00e9dicaments \u00e9tablis<\/h3>\n<p>En s\u00e9lectionnant soigneusement des produits de cr\u00e9neaux bien \u00e9tablis, nous nous assurons qu\u2019ils demeurent sur le march\u00e9 et \u00e0 la disposition de ceux qui en ont besoin.<\/p>\n\t\t<\/div>\n\t\t\t\t\t<\/div>\n\n\t\n<\/div>\n\t\t<\/div>\n\t\t\t\t\t<\/div>\n\n\t\n<\/div>\n<\/section>\n<section class=\"bg-white\">\n<div class=\"row align-equal\"  id=\"row-535972079\">\n\n\t<div id=\"col-814689978\" class=\"col medium-4 small-12 large-4\"  >\n\t\t\t\t<div class=\"col-inner text-center\"  >\n\t\t\t\n\t\t\t\n<h3>Un service qui r\u00e9pond \u00e0 vos attentes<\/h3>\n<p>Notre int\u00e9r\u00eat sinc\u00e8re \u00e0 l\u2019\u00e9gard de nos clients et de nos partenaires nous permet d\u2019offrir un service \u00e0 la client\u00e8le dont nous pouvons \u00eatre fiers.<\/p>\n<a href=\"\/customer-service\/\" target=\"_self\" class=\"button secondary\"  style=\"padding:15px 20px 15px 20px;\">\n    <span>APPRENEZ <br \/>DAVANTAGE<\/span>\n  <\/a>\n\n\t\t<\/div>\n\t\t\t\t\t<\/div>\n\n\t\n\n\t<div id=\"col-764620110\" class=\"col medium-4 small-12 large-4\"  >\n\t\t\t\t<div class=\"col-inner text-center\"  >\n\t\t\t\n\t\t\t\n<h3>Cha\u00eene d\u2019approvisionnement fiable<\/h3>\n<p>Gr\u00e2ce \u00e0 une approche proactive et pr\u00e9dictive, nous prenons les mesures n\u00e9cessaires pour assurer l\u2019approvisionnement ininterrompu de nos clients.<\/p>\n<a href=\"\/reliable-supply-chain\/\" target=\"_self\" class=\"button secondary\"  style=\"padding:15px 40px 15px 40px;\">\n    <span>VOYEZ <br \/>COMMENT<\/span>\n  <\/a>\n\n\t\t<\/div>\n\t\t\t\t\t<\/div>\n\n\t\n\n\t<div id=\"col-819082289\" class=\"col medium-4 small-12 large-4\"  >\n\t\t\t\t<div class=\"col-inner text-center\"  >\n\t\t\t\n\t\t\t\n<h3>Entreprise familiale canadienne<\/h3>\n<p>SteriMax est une entreprise agile et d\u00e9cisive, munie de structures qui facilitent les prises de d\u00e9cision rapides et en font un partenaire souple et fiable.<\/p>\n<a href=\"\/our-story\/\" target=\"_self\" class=\"button secondary\"  style=\"padding:15px 20px 15px 20px;\">\n    <span>NOTRE <br \/>HISTOIRE<\/span>\n  <\/a>\n\n\t\t<\/div>\n\t\t\t\t\t<\/div>\n\n\t\n<\/div>\n<\/section>\n","protected":false},"excerpt":{"rendered":"Nous sommes r\u00e9solus \u00e0 optimiser le bien-\u00eatre de tous les Canadiens. Voici comment nous tenons notre engagement Nous estimons que nous avons un r\u00f4le \u00e0 jouer dans l\u2019am\u00e9lioration des soins de sant\u00e9. En tant qu\u2019entreprise familiale, nous nous effor\u00e7ons de proposer aux professionnels de soins de sant\u00e9 des solutions accessibles et de haute qualit\u00e9 qu\u2019ils [...]","protected":false},"author":2,"featured_media":0,"parent":0,"menu_order":0,"comment_status":"closed","ping_status":"closed","template":"page-blank.php","meta":{"footnotes":""},"class_list":["post-4633","page","type-page","status-publish","hentry"],"_links":{"self":[{"href":"https:\/\/sterimaxinc.com\/fr\/wp-json\/wp\/v2\/pages\/4633","targetHints":{"allow":["GET"]}}],"collection":[{"href":"https:\/\/sterimaxinc.com\/fr\/wp-json\/wp\/v2\/pages"}],"about":[{"href":"https:\/\/sterimaxinc.com\/fr\/wp-json\/wp\/v2\/types\/page"}],"author":[{"embeddable":true,"href":"https:\/\/sterimaxinc.com\/fr\/wp-json\/wp\/v2\/users\/2"}],"replies":[{"embeddable":true,"href":"https:\/\/sterimaxinc.com\/fr\/wp-json\/wp\/v2\/comments?post=4633"}],"version-history":[{"count":0,"href":"https:\/\/sterimaxinc.com\/fr\/wp-json\/wp\/v2\/pages\/4633\/revisions"}],"wp:attachment":[{"href":"https:\/\/sterimaxinc.com\/fr\/wp-json\/wp\/v2\/media?parent=4633"}],"curies":[{"name":"wp","href":"https:\/\/api.w.org\/{rel}","templated":true}]}}