{"id":4622,"date":"2024-05-12T22:49:02","date_gmt":"2024-05-12T22:49:02","guid":{"rendered":"https:\/\/sterimaxinc.com\/?page_id=4622"},"modified":"2024-05-12T22:58:43","modified_gmt":"2024-05-12T22:58:43","slug":"company-information","status":"publish","type":"page","link":"https:\/\/sterimaxinc.com\/fr\/company-information\/","title":{"rendered":"Entreprise"},"content":{"rendered":"<p><img decoding=\"async\" src=\"\/wp-content\/uploads\/2024\/04\/values.jpg\" width=\"100%\" \/><\/p>\n<div class=\"row\"  id=\"row-958691359\">\n\n\t<div id=\"col-2121391507\" class=\"col medium-4 small-12 large-4\"  >\n\t\t\t\t<div class=\"col-inner text-center\"  >\n\t\t\t\n\t\t\t\n<h2 class=\"h2--rg\">Aper\u00e7u de l\u2019entreprise<\/h2>\n<p>Apprenez davantage sur l\u2019engagement de SteriMax \u00e0 optimiser le bien-\u00eatre de tous les Canadiens. Nous offrons aux professionnels des soins de sant\u00e9 les solutions dont ils ont besoin pour traiter leurs patients.<\/p>\n<a href=\"\/our-mission\/\" target=\"_self\" class=\"button secondary\"  style=\"padding:15px 20px 15px 20px;\">\n    <span>NOTRE ENTREPRISE<\/span>\n  <\/a>\n\n\t\t<\/div>\n\t\t\t\t\n<style>\n#col-2121391507 > .col-inner {\n  padding: 60px 10px 0px 10px;\n}\n<\/style>\n\t<\/div>\n\n\t\n\n\t<div id=\"col-693248871\" class=\"col medium-4 small-12 large-4\"  >\n\t\t\t\t<div class=\"col-inner text-center\"  >\n\t\t\t\n\t\t\t\n<h2 class=\"h2--rg\">Histoire de notre entreprise<\/h2>\n<p>Apprenez davantage sur les activit\u00e9s de SteriMax, de l\u2019histoire de son succ\u00e8s et sa vision pour l\u2019avenir et ce, \u00e0 mesure que croissent l\u2019entreprise et sa gamme de produits.<\/p>\n<a href=\"\/our-story\/\" target=\"_self\" class=\"button secondary line--two\"  >\n    <span>EN APPRENDRE<br \/>PLUS<\/span>\n  <\/a>\n\n\t\t<\/div>\n\t\t\t\t\n<style>\n#col-693248871 > .col-inner {\n  padding: 60px 10px 0px 10px;\n}\n<\/style>\n\t<\/div>\n\n\t\n\n\t<div id=\"col-788871278\" class=\"col medium-4 small-12 large-4\"  >\n\t\t\t\t<div class=\"col-inner text-center\"  >\n\t\t\t\n\t\t\t\n<h2 class=\"h2--rg\">Notre \u00e9quipe ex\u00e9cutive<\/h2>\n<p class=\"sp\">Apprenez davantage sur notre \u00e9quipe ex\u00e9cutive. Avec plus de 100 ans d\u2019expertise et d\u2019exp\u00e9rience collectives, notre \u00e9quipe ex\u00e9cutive continue \u00e0 orienter notre entreprise au sein des march\u00e9s sans cesse en \u00e9volution.<\/p>\n<a href=\"\/our-executive-team\/\" target=\"_self\" class=\"button secondary line--two\"  >\n    <span>NOTRE &Eacute;QUIPE<br \/>DE DIRECTION<\/span>\n  <\/a>\n\n\t\t<\/div>\n\t\t\t\t\n<style>\n#col-788871278 > .col-inner {\n  padding: 60px 10px 0px 10px;\n}\n<\/style>\n\t<\/div>\n\n\t\n<\/div>\n","protected":false},"excerpt":{"rendered":"Aper\u00e7u de l\u2019entrepriseApprenez davantage sur l\u2019engagement de SteriMax \u00e0 optimiser le bien-\u00eatre de tous les Canadiens. Nous offrons aux professionnels des soins de sant\u00e9 les solutions dont ils ont besoin pour traiter leurs patients. NOTRE ENTREPRISE Histoire de notre entrepriseApprenez davantage sur les activit\u00e9s de SteriMax, de l\u2019histoire de son succ\u00e8s et sa vision pour [...]","protected":false},"author":2,"featured_media":0,"parent":0,"menu_order":0,"comment_status":"closed","ping_status":"closed","template":"page-blank.php","meta":{"footnotes":""},"class_list":["post-4622","page","type-page","status-publish","hentry"],"_links":{"self":[{"href":"https:\/\/sterimaxinc.com\/fr\/wp-json\/wp\/v2\/pages\/4622","targetHints":{"allow":["GET"]}}],"collection":[{"href":"https:\/\/sterimaxinc.com\/fr\/wp-json\/wp\/v2\/pages"}],"about":[{"href":"https:\/\/sterimaxinc.com\/fr\/wp-json\/wp\/v2\/types\/page"}],"author":[{"embeddable":true,"href":"https:\/\/sterimaxinc.com\/fr\/wp-json\/wp\/v2\/users\/2"}],"replies":[{"embeddable":true,"href":"https:\/\/sterimaxinc.com\/fr\/wp-json\/wp\/v2\/comments?post=4622"}],"version-history":[{"count":0,"href":"https:\/\/sterimaxinc.com\/fr\/wp-json\/wp\/v2\/pages\/4622\/revisions"}],"wp:attachment":[{"href":"https:\/\/sterimaxinc.com\/fr\/wp-json\/wp\/v2\/media?parent=4622"}],"curies":[{"name":"wp","href":"https:\/\/api.w.org\/{rel}","templated":true}]}}