{"id":3902,"date":"2024-05-10T20:06:42","date_gmt":"2024-05-10T20:06:42","guid":{"rendered":"https:\/\/sterimaxinc.com\/?page_id=3902"},"modified":"2024-06-16T16:05:24","modified_gmt":"2024-06-16T16:05:24","slug":"levetiracetam-injectable-usp","status":"publish","type":"page","link":"https:\/\/sterimaxinc.com\/fr\/products\/injectables\/levetiracetam-injectable-usp\/","title":{"rendered":"L\u00e9v\u00e9tirac\u00e9tam injectable USP"},"content":{"rendered":"<div class=\"wpb-content-wrapper\">[vc_row][vc_column width=\u00a0\u00bb2\/3&Prime;][vc_column_text]\n<h1>L\u00e9v\u00e9tirac\u00e9tam injectable USP<\/h1>\n<p>&nbsp;<\/p>\n<div class=\"table-responsive\"><table  style=\"width:100%; \"  class=\"easy-table easy-table-default \" border=\"0\">\n<thead>\r\n<tr><th >Nom g\u00e9n\u00e9rique<\/th>\n<th >L\u00e9v\u00e9tirac\u00e9tam injectable USP<\/th>\n<\/tr>\n<\/thead>\n<tbody>\r\n<tr><td >DIN<\/td>\n<td >02527375<\/td>\n<\/tr>\n\r\n<tr><td >GTIN<\/td>\n<td >834324003252<\/td>\n<\/tr>\n\r\n<tr><td >Teneur<\/td>\n<td >500 mg \/ 5 mL (100 mg \/ mL)<\/td>\n<\/tr>\n\r\n<tr><td >Format<\/td>\n<td >Fiole<\/td>\n<\/tr>\n\r\n<tr><td >Volume<\/td>\n<td >10<\/td>\n<\/tr>\n\r\n<tr><td >Cat\u00e9gorie th\u00e9rapeutique<\/td>\n<td > Agent anti\u00e9pileptique<\/td>\n<\/tr>\n\r\n<tr><td >Monographie du produit<\/td>\n<td ><a href=\"\/wp-content\/uploads\/2024\/06\/00065804.pdf\">Cliquez ici<\/a><\/td>\n<\/tr>\n<\/tbody><\/table><\/div>\n<br \/>\n<!--Product Insert,<a href=\"https:\/\/sterimaxinc.com\/wp-content\/uploads\/2018\/08\/II01000.03-acetaZOLAMIDE-Insert.pdf\">Click Here<\/a>\nProduct Monograph,<a href=\"https:\/\/health-products.canada.ca\/dpd-bdpp\/\">Click Here<\/a>\n[\/table]--><br \/>\n[\/vc_column_text][\/vc_column][vc_column width=\u00a0\u00bb1\/3&Prime;]\t<div class=\"img has-hover x md-x lg-x y md-y lg-y\" id=\"image_114184239\">\n\t\t<a class=\"image-lightbox lightbox-gallery\" title=\"\" href=\"https:\/\/sterimaxinc.com\/wp-content\/uploads\/2024\/05\/26.jpg\">\t\t\t\t\t\t<div class=\"img-inner image-zoom dark\" >\n\t\t\t<img loading=\"lazy\" decoding=\"async\" width=\"464\" height=\"755\" src=\"https:\/\/sterimaxinc.com\/wp-content\/uploads\/2024\/05\/26.jpg\" class=\"attachment-large size-large\" alt=\"\" srcset=\"https:\/\/sterimaxinc.com\/wp-content\/uploads\/2024\/05\/26.jpg 464w, https:\/\/sterimaxinc.com\/wp-content\/uploads\/2024\/05\/26-184x300.jpg 184w\" sizes=\"auto, (max-width: 464px) 100vw, 464px\" \/>\t\t\t\t\t\t\n\t\t\t\t\t<\/div>\n\t\t\t\t\t\t<\/a>\t\t\n<style>\n#image_114184239 {\n  width: 40%;\n}\n<\/style>\n\t<\/div>\n\t[vc_column_text]\n<h4>Codes Unitaires<\/h4>\n<div class=\"table-responsive\"><table  style=\"width:100%; \"  class=\"easy-table easy-table-default \" border=\"0\">\n<thead>\r\n<tr><th >SteriMax:<\/th>\n<th style=\"font-weight: normal;\">500325<\/th>\n<\/tr>\n<\/thead>\n<tbody>\r\n<tr><td >McKesson:<\/td>\n<td >174263<\/td>\n<\/tr>\n<\/tbody><\/table><\/div>\n<!--McMahon:,10086223\nK&amp;F:,130970-->[\/vc_column_text][\/vc_column][\/vc_row][vc_row row_bg=\u00a0\u00bbdefault\u00a0\u00bb html_opacity=\u00a0\u00bb1&Prime; video_opacity=\u00a0\u00bb1&Prime; video_quality=\u00a0\u00bbdefault\u00a0\u00bb padding_top=\u00a0\u00bb15&Prime;][vc_column width=\u00a0\u00bb1\/4&Prime;][vc_column_text]<img loading=\"lazy\" decoding=\"async\" class=\"alignleft size-full wp-image-3825\" src=\"https:\/\/sterimaxinc.com\/wp-content\/uploads\/2014\/09\/yes-icon2.png\" alt=\"yes-icon\" width=\"20\" height=\"17\" \/> Bouchon sans Latex<\/p>\n<p><img loading=\"lazy\" decoding=\"async\" class=\"alignleft size-full wp-image-3822\" src=\"https:\/\/sterimaxinc.com\/wp-content\/uploads\/2014\/09\/yes-icon1.png\" alt=\"yes-icon\" width=\"20\" height=\"17\" \/> Sans agent de conservation<!--[\/vc_column_text][\/vc_column][vc_column width=\"3\/4\"][vc_column_text][table]Provincial Formulary Coverage,\u2713:Listed,P:Pending,I:Interchangeable Only[\/table]\n[table]BC,AB,SK,MB,ON,QC,NB,PE,NS,NL\nN\/A[attr style=\"font-weight: normal;\"],N\/A,N\/A,N\/A,N\/A,N\/A,N\/A,N\/A,N\/A,N\/A[\/table][\/vc_column_text][\/vc_column][\/vc_row][vc_row][vc_column width=\"1\/1\"][vc_column_text]\n\n\n<h4>Product Description<\/h4>\n\n\nacetaZOLAMIDE for Injection USP is indicated for adjunctive treatment of: edema due to congestive heart failure; drug-induced edema; centrencephalic epilepsies; chronic simple glaucoma, secondary glaucoma, and preoperatively in acute angle-closure glaucoma.-->[\/vc_column_text][\/vc_column][\/vc_row]\n<\/div>","protected":false},"excerpt":{"rendered":"[vc_row][vc_column width=\u00a0\u00bb2\/3&Prime;][vc_column_text] L\u00e9v\u00e9tirac\u00e9tam injectable USP &nbsp; [\/vc_column_text][\/vc_column][vc_column width=\u00a0\u00bb1\/3&Prime;][vc_column_text] Codes Unitaires [\/vc_column_text][\/vc_column][\/vc_row][vc_row row_bg=\u00a0\u00bbdefault\u00a0\u00bb html_opacity=\u00a0\u00bb1&Prime; video_opacity=\u00a0\u00bb1&Prime; video_quality=\u00a0\u00bbdefault\u00a0\u00bb padding_top=\u00a0\u00bb15&Prime;][vc_column width=\u00a0\u00bb1\/4&Prime;][vc_column_text] Bouchon sans Latex Sans agent de conservation[\/vc_column_text][\/vc_column][\/vc_row]\n","protected":false},"author":1,"featured_media":0,"parent":2692,"menu_order":0,"comment_status":"closed","ping_status":"closed","template":"","meta":{"footnotes":""},"class_list":["post-3902","page","type-page","status-publish","hentry"],"_links":{"self":[{"href":"https:\/\/sterimaxinc.com\/fr\/wp-json\/wp\/v2\/pages\/3902","targetHints":{"allow":["GET"]}}],"collection":[{"href":"https:\/\/sterimaxinc.com\/fr\/wp-json\/wp\/v2\/pages"}],"about":[{"href":"https:\/\/sterimaxinc.com\/fr\/wp-json\/wp\/v2\/types\/page"}],"author":[{"embeddable":true,"href":"https:\/\/sterimaxinc.com\/fr\/wp-json\/wp\/v2\/users\/1"}],"replies":[{"embeddable":true,"href":"https:\/\/sterimaxinc.com\/fr\/wp-json\/wp\/v2\/comments?post=3902"}],"version-history":[{"count":0,"href":"https:\/\/sterimaxinc.com\/fr\/wp-json\/wp\/v2\/pages\/3902\/revisions"}],"up":[{"embeddable":true,"href":"https:\/\/sterimaxinc.com\/fr\/wp-json\/wp\/v2\/pages\/2692"}],"wp:attachment":[{"href":"https:\/\/sterimaxinc.com\/fr\/wp-json\/wp\/v2\/media?parent=3902"}],"curies":[{"name":"wp","href":"https:\/\/api.w.org\/{rel}","templated":true}]}}