{"id":3568,"date":"2024-05-10T01:00:22","date_gmt":"2024-05-10T01:00:22","guid":{"rendered":"https:\/\/sterimaxinc.com\/?page_id=3568"},"modified":"2024-05-10T01:00:22","modified_gmt":"2024-05-10T01:00:22","slug":"anesthesique-general-pour-administration-parenterale","status":"publish","type":"page","link":"https:\/\/sterimaxinc.com\/fr\/products\/injectables\/anesthesique-general-pour-administration-parenterale\/","title":{"rendered":"ANESTH\u00c9SIQUE G\u00c9N\u00c9RAL POUR ADMINISTRATION PARENT\u00c9RALE"},"content":{"rendered":"<div class=\"wpb-content-wrapper\">[vc_row][vc_column width=\u00a0\u00bb1\/1&Prime;][vc_column_text]\n<h2 style=\"text-align: center;\"><strong><span style=\"color: #ff0000;\">ANESTH\u00c9SIQUE G\u00c9N\u00c9RAL POUR ADMINISTRATION PARENT\u00c9RALE<br \/>\n_____<\/span><\/strong><\/h2>\n<\/div>","protected":false},"excerpt":{"rendered":"[vc_row][vc_column width=\u00a0\u00bb1\/1&Prime;][vc_column_text] ANESTH\u00c9SIQUE G\u00c9N\u00c9RAL POUR ADMINISTRATION PARENT\u00c9RALE _____<\/p>\n","protected":false},"author":1,"featured_media":0,"parent":2692,"menu_order":0,"comment_status":"closed","ping_status":"closed","template":"","meta":{"footnotes":""},"class_list":["post-3568","page","type-page","status-publish","hentry"],"_links":{"self":[{"href":"https:\/\/sterimaxinc.com\/fr\/wp-json\/wp\/v2\/pages\/3568","targetHints":{"allow":["GET"]}}],"collection":[{"href":"https:\/\/sterimaxinc.com\/fr\/wp-json\/wp\/v2\/pages"}],"about":[{"href":"https:\/\/sterimaxinc.com\/fr\/wp-json\/wp\/v2\/types\/page"}],"author":[{"embeddable":true,"href":"https:\/\/sterimaxinc.com\/fr\/wp-json\/wp\/v2\/users\/1"}],"replies":[{"embeddable":true,"href":"https:\/\/sterimaxinc.com\/fr\/wp-json\/wp\/v2\/comments?post=3568"}],"version-history":[{"count":0,"href":"https:\/\/sterimaxinc.com\/fr\/wp-json\/wp\/v2\/pages\/3568\/revisions"}],"up":[{"embeddable":true,"href":"https:\/\/sterimaxinc.com\/fr\/wp-json\/wp\/v2\/pages\/2692"}],"wp:attachment":[{"href":"https:\/\/sterimaxinc.com\/fr\/wp-json\/wp\/v2\/media?parent=3568"}],"curies":[{"name":"wp","href":"https:\/\/api.w.org\/{rel}","templated":true}]}}