{"id":3506,"date":"2024-05-09T22:30:16","date_gmt":"2024-05-09T22:30:16","guid":{"rendered":"https:\/\/sterimaxinc.com\/?page_id=3506"},"modified":"2024-06-16T18:13:23","modified_gmt":"2024-06-16T18:13:23","slug":"fentanyl-injectable-bp","status":"publish","type":"page","link":"https:\/\/sterimaxinc.com\/fr\/products\/injectables\/analgesique-narcotique-adjuvant-pour-lanesthesie\/fentanyl-injectable-bp\/","title":{"rendered":"Fentanyl injectable BP-100 mcg"},"content":{"rendered":"<div class=\"wpb-content-wrapper\">[vc_row][vc_column width=\u00a0\u00bb2\/3&Prime;][vc_column_text]\n<h1>Fentanyl injectable BP-100 mcg<\/h1>\n<p>&nbsp;<\/p>\n<p style=\"text-align: left;\"><div class=\"table-responsive\"><table  style=\"width:100%; \"  class=\"easy-table easy-table-default \" border=\"0\">\n<thead>\r\n<tr><th >Nom g\u00e9n\u00e9rique<\/th>\n<th >Fentanyl injectable BP<\/th>\n<\/tr>\n<\/thead>\n<tbody>\r\n<tr><td >DIN<\/td>\n<td >02496143<\/td>\n<\/tr>\n\r\n<tr><td >GTIN<\/td>\n<td >834324002798<\/td>\n<\/tr>\n\r\n<tr><td >Teneur<\/td>\n<td >100 mcg \/ 2 mL (50 mcg \/ mL)<\/td>\n<\/tr>\n\r\n<tr><td >Volume<\/td>\n<td >10<\/td>\n<\/tr>\n\r\n<tr><td >Format<\/td>\n<td >Ampoule<\/td>\n<\/tr>\n\r\n<tr><td >Cat\u00e9gorie th\u00e9rapeutique<\/td>\n<td >Analg\u00e9sique narcotique-Adjuvant pour l&rsquo;anesth\u00e9sie<\/td>\n<\/tr>\n\r\n<tr><td >Monographie du produit<\/td>\n<td > <a href=\"https:\/\/health-products.canada.ca\/dpd-bdpp\/\">Cliquez ici<\/a><\/td>\n<\/tr>\n<\/tbody><\/table><\/div>\n<!--Monographie du produit, <a href=\"https:\/\/health-products.canada.ca\/dpd-bdpp\/\">Cliquez ici<\/a>\nNotice du produit, <a href=\"\/wp-content\/uploads\/2018\/04\/Busulfan-insert_French-2.pdf\">Cliquez ici<\/a><\/p>\n\n--><br \/>\n[\/vc_column_text][\/vc_column][vc_column width=\u00a0\u00bb1\/3&Prime;]\t<div class=\"img has-hover x md-x lg-x y md-y lg-y\" id=\"image_136431740\">\n\t\t<a class=\"image-lightbox lightbox-gallery\" title=\"\" href=\"https:\/\/sterimaxinc.com\/wp-content\/uploads\/2024\/05\/8.jpg\">\t\t\t\t\t\t<div class=\"img-inner image-zoom dark\" >\n\t\t\t<img loading=\"lazy\" decoding=\"async\" width=\"464\" height=\"755\" src=\"https:\/\/sterimaxinc.com\/wp-content\/uploads\/2024\/05\/8.jpg\" class=\"attachment-large size-large\" alt=\"\" srcset=\"https:\/\/sterimaxinc.com\/wp-content\/uploads\/2024\/05\/8.jpg 464w, https:\/\/sterimaxinc.com\/wp-content\/uploads\/2024\/05\/8-184x300.jpg 184w\" sizes=\"auto, (max-width: 464px) 100vw, 464px\" \/>\t\t\t\t\t\t\n\t\t\t\t\t<\/div>\n\t\t\t\t\t\t<\/a>\t\t\n<style>\n#image_136431740 {\n  width: 40%;\n}\n<\/style>\n\t<\/div>\n\t[vc_column_text]\n<h4>Codes Unitaires<\/h4>\n<div class=\"table-responsive\"><table  style=\"width:100%; \"  class=\"easy-table easy-table-default \" border=\"0\">\n<thead>\r\n<tr><th >SteriMax:<\/th>\n<th style=\"font-weight: normal;\">500279<\/th>\n<\/tr>\n<\/thead>\n<tbody>\r\n<tr><td >McKesson:<\/td>\n<td >154618<\/td>\n<\/tr>\n<\/tbody><\/table><\/div>\n[\/vc_column_text][\/vc_column][\/vc_row][vc_row row_bg=\u00a0\u00bbdefault\u00a0\u00bb html_opacity=\u00a0\u00bb1&Prime; video_opacity=\u00a0\u00bb1&Prime; video_quality=\u00a0\u00bbdefault\u00a0\u00bb padding_top=\u00a0\u00bb15&Prime;][vc_column width=\u00a0\u00bb1\/4&Prime;][vc_column_text]<img loading=\"lazy\" decoding=\"async\" class=\"alignleft size-full wp-image-3825\" src=\"https:\/\/sterimaxinc.com\/wp-content\/uploads\/2014\/09\/yes-icon2.png\" alt=\"yes-icon\" width=\"20\" height=\"17\" \/> Bouchon sans Latex<\/p>\n<p><img loading=\"lazy\" decoding=\"async\" class=\"alignleft size-full wp-image-3822\" src=\"https:\/\/sterimaxinc.com\/wp-content\/uploads\/2014\/09\/yes-icon2.png\" alt=\"yes-icon\" width=\"20\" height=\"17\" \/> Sans agent de conservation<!--[\/vc_column_text][\/vc_column][vc_column width=\"3\/4\"][vc_column_text][table]Remboursement par la Liste des m\u00e9dicaments provinciale,X: Produit inscrit,P: En instance,I: Produits interchangeables seulement[\/table]\n[table]C.-B.,Alb.,Sask.,Man.,Ont.,Qc,N.-B.,\u00ce.-P.-\u00c9.,N.-\u00c9.,T.-N.-L.\nN\/A[attr style=\"font-weight: normal;\"],N\/A,N\/A,N\/A,N\/A,N\/A,N\/A,N\/A,N\/A,N\/A[\/table][\/vc_column_text][\/vc_column][\/vc_row][vc_row][vc_column width=\"1\/1\"][vc_column_text]\n\n\n<h4>Description du produit<\/h4>\n\n\nL'injection de busulfan est un agent antin\u00e9oplasique indiqu\u00e9 pour \u00eatre utilis\u00e9 en association avec d'autres agents chimioth\u00e9rapeutiques et \/ ou radioth\u00e9rapie comme traitement de conditionnement avant la greffe de cellules prog\u00e9nitrices h\u00e9matopo\u00ef\u00e9tiques.-->[\/vc_column_text][\/vc_column][\/vc_row]\n<\/div>","protected":false},"excerpt":{"rendered":"[vc_row][vc_column width=\u00a0\u00bb2\/3&Prime;][vc_column_text] Fentanyl injectable BP-100 mcg &nbsp; [\/vc_column_text][\/vc_column][vc_column width=\u00a0\u00bb1\/3&Prime;][vc_column_text] Codes Unitaires [\/vc_column_text][\/vc_column][\/vc_row][vc_row row_bg=\u00a0\u00bbdefault\u00a0\u00bb html_opacity=\u00a0\u00bb1&Prime; video_opacity=\u00a0\u00bb1&Prime; video_quality=\u00a0\u00bbdefault\u00a0\u00bb padding_top=\u00a0\u00bb15&Prime;][vc_column width=\u00a0\u00bb1\/4&Prime;][vc_column_text] Bouchon sans Latex Sans agent de conservation[\/vc_column_text][\/vc_column][\/vc_row]\n","protected":false},"author":1,"featured_media":0,"parent":3500,"menu_order":0,"comment_status":"closed","ping_status":"closed","template":"","meta":{"footnotes":""},"class_list":["post-3506","page","type-page","status-publish","hentry"],"_links":{"self":[{"href":"https:\/\/sterimaxinc.com\/fr\/wp-json\/wp\/v2\/pages\/3506","targetHints":{"allow":["GET"]}}],"collection":[{"href":"https:\/\/sterimaxinc.com\/fr\/wp-json\/wp\/v2\/pages"}],"about":[{"href":"https:\/\/sterimaxinc.com\/fr\/wp-json\/wp\/v2\/types\/page"}],"author":[{"embeddable":true,"href":"https:\/\/sterimaxinc.com\/fr\/wp-json\/wp\/v2\/users\/1"}],"replies":[{"embeddable":true,"href":"https:\/\/sterimaxinc.com\/fr\/wp-json\/wp\/v2\/comments?post=3506"}],"version-history":[{"count":0,"href":"https:\/\/sterimaxinc.com\/fr\/wp-json\/wp\/v2\/pages\/3506\/revisions"}],"up":[{"embeddable":true,"href":"https:\/\/sterimaxinc.com\/fr\/wp-json\/wp\/v2\/pages\/3500"}],"wp:attachment":[{"href":"https:\/\/sterimaxinc.com\/fr\/wp-json\/wp\/v2\/media?parent=3506"}],"curies":[{"name":"wp","href":"https:\/\/api.w.org\/{rel}","templated":true}]}}