{"id":3392,"date":"2024-05-08T15:14:06","date_gmt":"2024-05-08T15:14:06","guid":{"rendered":"https:\/\/sterimaxinc.com\/?page_id=3392"},"modified":"2024-05-13T13:32:48","modified_gmt":"2024-05-13T13:32:48","slug":"vancomycin-hydrochloride-10g","status":"publish","type":"page","link":"https:\/\/sterimaxinc.com\/fr\/products\/injectables\/vancomycine-chlorhydrate-pour-injection\/vancomycin-hydrochloride-10g\/","title":{"rendered":"Vancomycine chlorhydrate pour injection 10 g"},"content":{"rendered":"<div class=\"wpb-content-wrapper\">[vc_row][vc_column width=\u00a0\u00bb2\/3&Prime;][vc_column_text]\n<h1>Chlorhydrate de vancomycine pour injection USP<\/h1>\n<div class=\"table-responsive\"><table  style=\"width:100%; \"  class=\"easy-table easy-table-default \" border=\"0\">\n<thead>\r\n<tr><th >Nom g\u00e9n\u00e9rique<\/th>\n<th >Chlorhydrate de vancomycine pour injection USP<\/th>\n<\/tr>\n<\/thead>\n<tbody>\r\n<tr><td >DIN<\/td>\n<td >02405830<\/td>\n<\/tr>\n\r\n<tr><td >GTIN<\/td>\n<td >834324002705<\/td>\n<\/tr>\n\r\n<tr><td >Teneur<\/td>\n<td >10 g<\/td>\n<\/tr>\n\r\n<tr><td >Format<\/td>\n<td >Fiole<\/td>\n<\/tr>\n\r\n<tr><td >Pr\u00e9sentation<\/td>\n<td >1<\/td>\n<\/tr>\n\r\n<tr><td >Classe th\u00e9rapeutique<\/td>\n<td >Antibiotique<\/td>\n<\/tr>\n\r\n<tr><td >Notice du produit<\/td>\n<td ><a href=\"https:\/\/sterimaxinc.com\/wp-content\/uploads\/2019\/06\/Vancomycin-Insert.pdf\" target=\"_blank\" rel=\"noopener noreferrer\">Cliquez ici<\/a><\/td>\n<\/tr>\n\r\n<tr><td >Monographie du produit<\/td>\n<td ><a href=\"https:\/\/sterimaxinc.com\/wp-content\/uploads\/2019\/01\/French-PM-Vancomycin-Nov-05-2018.pdf\" target=\"_blank\" rel=\"noopener noreferrer\">Cliquez ici<\/a><\/td>\n<\/tr>\n<\/tbody><\/table><\/div>[\/vc_column_text][\/vc_column][vc_column width=\u00a0\u00bb1\/3&Prime;][vc_single_image source=\u00a0\u00bbexternal_link\u00a0\u00bb external_img_size=\u00a0\u00bbfull\u00a0\u00bb alignment=\u00a0\u00bbcenter\u00a0\u00bb onclick=\u00a0\u00bbimg_link_large\u00a0\u00bb css=\u00a0\u00bb\u00a0\u00bb custom_src=\u00a0\u00bb\/wp-content\/uploads\/2018\/10\/Vancomycin-10g-Vial.jpg\u00a0\u00bb][vc_column_text]\n<h5>Codes Unitaires<\/h5>\n<div class=\"table-responsive\"><table  style=\"width:100%; \"  class=\"easy-table easy-table-default \" border=\"0\">\n<thead>\r\n<tr><th >SteriMax :<\/th>\n<th style=\"font-weight: normal;\">ST-BK311<\/th>\n<\/tr>\n<\/thead>\n<tbody>\r\n<tr><td >McKesson :<\/td>\n<td style=\"font-weight: normal;\">043066<\/td>\n<\/tr>\n\r\n<tr><td >Familiprix :<\/td>\n<td >042710<\/td>\n<\/tr>\n\r\n<tr><td >K&amp;F :<\/td>\n<td >156524<\/td>\n<\/tr>\n\r\n<tr><td >McMahon :<\/td>\n<td >10088984<\/td>\n<\/tr>\n<\/tbody><\/table><\/div>[\/vc_column_text][\/vc_column][\/vc_row][vc_row row_bg=\u00a0\u00bbdefault\u00a0\u00bb html_opacity=\u00a0\u00bb1&Prime; video_opacity=\u00a0\u00bb1&Prime; video_quality=\u00a0\u00bbdefault\u00a0\u00bb padding_top=\u00a0\u00bb15&Prime;][vc_column width=\u00a0\u00bb1\/4&Prime;][vc_column_text]<img loading=\"lazy\" decoding=\"async\" class=\"alignleft size-full wp-image-3825\" src=\"https:\/\/sterimaxinc.com\/wp-content\/uploads\/2014\/09\/yes-icon2.png\" alt=\"yes-icon\" width=\"20\" height=\"17\" \/>\u00a0Bouchon Sans Latex<\/p>\n<p><img loading=\"lazy\" decoding=\"async\" class=\"alignleft size-full wp-image-3822\" src=\"https:\/\/sterimaxinc.com\/wp-content\/uploads\/2014\/09\/yes-icon1.png\" alt=\"yes-icon\" width=\"20\" height=\"17\" \/>Sans agent de conservation[\/vc_column_text][\/vc_column][vc_column width=\u00a0\u00bb3\/4&Prime;][vc_column_text]<div class=\"table-responsive\"><table  style=\"width:100%; \"  class=\"easy-table easy-table-default \" border=\"0\">\n<thead>\r\n<tr><th >Remboursement par la Liste des m\u00e9dicaments provinciale<\/th>\n<th >\u2713: Produit inscrit<\/th>\n<th >P: En instance<\/th>\n<th >I: Produits interchangeables seulement<\/th>\n<\/tr>\n<\/thead>\n<tbody><\/tbody><\/table><\/div>\n<div class=\"table-responsive\"><table  style=\"width:100%; \"  class=\"easy-table easy-table-default \" border=\"0\">\n<thead>\r\n<tr><th >C.-B.<\/th>\n<th >Alb.<\/th>\n<th >Sask.<\/th>\n<th >Man.<\/th>\n<th >Ont.<\/th>\n<th >Qc<\/th>\n<th >N.-B.<\/th>\n<th >\u00ce.-P.-\u00c9.<\/th>\n<th >N.-\u00c9.<\/th>\n<th >T.-N.-L.<\/th>\n<\/tr>\n<\/thead>\n<tbody>\r\n<tr><td style=\"font-weight: normal;\">N\/D<\/td>\n<td >N\/D<\/td>\n<td >N\/D<\/td>\n<td >N\/D<\/td>\n<td >N\/D<\/td>\n<td >\u2713<\/td>\n<td >N\/D<\/td>\n<td >N\/D<\/td>\n<td >N\/D<\/td>\n<td >N\/D<\/td>\n<\/tr>\n<\/tbody><\/table><\/div>[\/vc_column_text][\/vc_column][\/vc_row][vc_row][vc_column][vc_column_text]\n<h4>Description du produit<\/h4>\n<p>L&#8217;emploi de Chlorhydrate de vancomycine pour injection USP est indiqu\u00e9 pour le traitement des infections staphylococciques graves ou mettant en jeu le pronostic vital, chez des patients qui ne peuvent pas recevoir des p\u00e9nicillines ou des c\u00e9phalosporines ou chez lesquels ce type de traitement a \u00e9chou\u00e9, ou chez des patients qui ont contract\u00e9 une infection \u00e0 staphylocoques r\u00e9sistants \u00e0 d&rsquo;autres antibiotiques, y compris la\u00a0 m\u00e9thicilline.[\/vc_column_text][\/vc_column][\/vc_row]\n<\/div>","protected":false},"excerpt":{"rendered":"[vc_row][vc_column width=\u00a0\u00bb2\/3&Prime;][vc_column_text] Chlorhydrate de vancomycine pour injection USP [\/vc_column_text][\/vc_column][vc_column width=\u00a0\u00bb1\/3&Prime;][vc_single_image source=\u00a0\u00bbexternal_link\u00a0\u00bb external_img_size=\u00a0\u00bbfull\u00a0\u00bb alignment=\u00a0\u00bbcenter\u00a0\u00bb onclick=\u00a0\u00bbimg_link_large\u00a0\u00bb css=\u00a0\u00bb\u00a0\u00bb custom_src=\u00a0\u00bb\/wp-content\/uploads\/2018\/10\/Vancomycin-10g-Vial.jpg\u00a0\u00bb][vc_column_text] Codes Unitaires [\/vc_column_text][\/vc_column][\/vc_row][vc_row row_bg=\u00a0\u00bbdefault\u00a0\u00bb html_opacity=\u00a0\u00bb1&Prime; video_opacity=\u00a0\u00bb1&Prime; video_quality=\u00a0\u00bbdefault\u00a0\u00bb padding_top=\u00a0\u00bb15&Prime;][vc_column width=\u00a0\u00bb1\/4&Prime;][vc_column_text]\u00a0Bouchon Sans Latex Sans agent de conservation[\/vc_column_text][\/vc_column][vc_column width=\u00a0\u00bb3\/4&Prime;][vc_column_text] [\/vc_column_text][\/vc_column][\/vc_row][vc_row][vc_column][vc_column_text] Description du produit L&#8217;emploi de Chlorhydrate de vancomycine pour injection USP est indiqu\u00e9 pour le traitement des infections staphylococciques graves ou mettant [&#8230;]\n","protected":false},"author":1,"featured_media":0,"parent":3385,"menu_order":0,"comment_status":"closed","ping_status":"closed","template":"","meta":{"footnotes":""},"class_list":["post-3392","page","type-page","status-publish","hentry"],"_links":{"self":[{"href":"https:\/\/sterimaxinc.com\/fr\/wp-json\/wp\/v2\/pages\/3392","targetHints":{"allow":["GET"]}}],"collection":[{"href":"https:\/\/sterimaxinc.com\/fr\/wp-json\/wp\/v2\/pages"}],"about":[{"href":"https:\/\/sterimaxinc.com\/fr\/wp-json\/wp\/v2\/types\/page"}],"author":[{"embeddable":true,"href":"https:\/\/sterimaxinc.com\/fr\/wp-json\/wp\/v2\/users\/1"}],"replies":[{"embeddable":true,"href":"https:\/\/sterimaxinc.com\/fr\/wp-json\/wp\/v2\/comments?post=3392"}],"version-history":[{"count":0,"href":"https:\/\/sterimaxinc.com\/fr\/wp-json\/wp\/v2\/pages\/3392\/revisions"}],"up":[{"embeddable":true,"href":"https:\/\/sterimaxinc.com\/fr\/wp-json\/wp\/v2\/pages\/3385"}],"wp:attachment":[{"href":"https:\/\/sterimaxinc.com\/fr\/wp-json\/wp\/v2\/media?parent=3392"}],"curies":[{"name":"wp","href":"https:\/\/api.w.org\/{rel}","templated":true}]}}