{"id":3383,"date":"2024-05-08T13:19:25","date_gmt":"2024-05-08T13:19:25","guid":{"rendered":"https:\/\/sterimaxinc.com\/?page_id=3383"},"modified":"2024-05-30T15:31:33","modified_gmt":"2024-05-30T15:31:33","slug":"triamcinolone-acetonide-suspension-200-mg5-ml","status":"publish","type":"page","link":"https:\/\/sterimaxinc.com\/fr\/products\/injectables\/triamcinolone-acetonide-suspension-usp\/triamcinolone-acetonide-suspension-200-mg5-ml\/","title":{"rendered":"Suspension st\u00e9rile d&rsquo;ac\u00e9tonide de triamcinolone, USP 200 mg \/ 5 mL"},"content":{"rendered":"<div class=\"wpb-content-wrapper\">[vc_row][vc_column width=\u00a0\u00bb2\/3&Prime;][vc_column_text]\n<h1>Suspension st\u00e9rile d&rsquo;ac\u00e9tonide de triamcinolone USP<\/h1>\n<p>&nbsp;<\/p>\n<div class=\"table-responsive\"><table  style=\"width:100%; \"  class=\"easy-table easy-table-default \" border=\"0\">\n<thead>\r\n<tr><th >Nom g\u00e9n\u00e9rique<\/th>\n<th >Suspension st\u00e9rile d&rsquo;ac\u00e9tonide de triamcinolone USP<\/th>\n<\/tr>\n<\/thead>\n<tbody>\r\n<tr><td >DIN<\/td>\n<td >01977563<\/td>\n<\/tr>\n\r\n<tr><td >GTIN<\/td>\n<td >622843191051<\/td>\n<\/tr>\n\r\n<tr><td >Teneur<\/td>\n<td >40 mg \/ mL<\/td>\n<\/tr>\n\r\n<tr><td >Volume<\/td>\n<td >5 mL<\/td>\n<\/tr>\n\r\n<tr><td >Format<\/td>\n<td >Fiole<\/td>\n<\/tr>\n\r\n<tr><td >Pr\u00e9sentation<\/td>\n<td >1<\/td>\n<\/tr>\n\r\n<tr><td >Classe th\u00e9rapeutique<\/td>\n<td >corticost\u00e9ro\u00efde<\/td>\n<\/tr>\n\r\n<tr><td >Notice du produit<\/td>\n<td ><a href=\"https:\/\/sterimaxinc.com\/wp-content\/uploads\/2016\/02\/IICL000.01-Triamcinolone-insert.pdf\">Cliquez ici<\/a><\/td>\n<\/tr>\n<\/tbody><\/table><\/div>[\/vc_column_text][\/vc_column][vc_column width=\u00a0\u00bb1\/3&Prime;][vc_single_image source=\u00a0\u00bbexternal_link\u00a0\u00bb external_img_size=\u00a0\u00bbfull\u00a0\u00bb onclick=\u00a0\u00bbimg_link_large\u00a0\u00bb css=\u00a0\u00bb\u00a0\u00bb custom_src=\u00a0\u00bb\/wp-content\/uploads\/2018\/04\/triamcinolone-200mg.jpg\u00a0\u00bb  alignment=\u00a0\u00bbcenter\u00a0\u00bb][vc_column_text]\n<h4>Codes Unitaires<\/h4>\n<div class=\"table-responsive\"><table  style=\"width:100%; \"  class=\"easy-table easy-table-default \" border=\"0\">\n<thead>\r\n<tr><th >SteriMax:<\/th>\n<th style=\"font-weight: normal;\">ST-CL121<\/th>\n<\/tr>\n<\/thead>\n<tbody>\r\n<tr><td >McKesson:<\/td>\n<td >027637<\/td>\n<\/tr>\n\r\n<tr><td >McMahon:<\/td>\n<td >10061982<\/td>\n<\/tr>\n\r\n<tr><td >K&amp;F:<\/td>\n<td >25584<\/td>\n<\/tr>\n\r\n<tr><td >Jean Coutu:<\/td>\n<td >756657<\/td>\n<\/tr>\n\r\n<tr><td >CB Medical:<\/td>\n<td >CPTA05<\/td>\n<\/tr>\n\r\n<tr><td >Unipharm:<\/td>\n<td >02393387<\/td>\n<\/tr>\n<\/tbody><\/table><\/div>[\/vc_column_text][\/vc_column][\/vc_row][vc_row row_bg=\u00a0\u00bbdefault\u00a0\u00bb html_opacity=\u00a0\u00bb1&Prime; video_opacity=\u00a0\u00bb1&Prime; video_quality=\u00a0\u00bbdefault\u00a0\u00bb padding_top=\u00a0\u00bb15&Prime;][vc_column width=\u00a0\u00bb1\/4&Prime;][vc_column_text]<img loading=\"lazy\" decoding=\"async\" class=\"alignleft wp-image-3732\" src=\"https:\/\/sterimaxinc.com\/wp-content\/uploads\/2014\/08\/check-mark.png\" alt=\"\" width=\"20\" height=\"20\" \/> Bouchon Sans Latex[\/vc_column_text][\/vc_column][vc_column width=\u00a0\u00bb3\/4&Prime;][vc_column_text]<div class=\"table-responsive\"><table  style=\"width:100%; \"  class=\"easy-table easy-table-default \" border=\"0\">\n<thead>\r\n<tr><th >Remboursement par la Liste des m\u00e9dicaments provinciale<\/th>\n<th >\u2713: Produit inscrit<\/th>\n<th >P: En instance<\/th>\n<th >I: Produits interchangeables seulement<\/th>\n<\/tr>\n<\/thead>\n<tbody><\/tbody><\/table><\/div>\n<div class=\"table-responsive\"><table  style=\"width:100%; \"  class=\"easy-table easy-table-default \" border=\"0\">\n<thead>\r\n<tr><th >C.-B.<\/th>\n<th >Alb.<\/th>\n<th >Sask.<\/th>\n<th >Man.<\/th>\n<th >Ont.<\/th>\n<th >Qc<\/th>\n<th >N.-B.<\/th>\n<th >\u00ce.-P.-\u00c9.<\/th>\n<th >N.-\u00c9.<\/th>\n<th >T.-N.-L.<\/th>\n<\/tr>\n<\/thead>\n<tbody>\r\n<tr><td style=\"font-weight: normal;\">\u2713<\/td>\n<td >\u2713<\/td>\n<td >N\/D<\/td>\n<td >N\/D<\/td>\n<td >N\/D<\/td>\n<td >N\/D<\/td>\n<td >N\/D<\/td>\n<td >I<\/td>\n<td >\u2713<\/td>\n<td >N\/D<\/td>\n<\/tr>\n<\/tbody><\/table><\/div>[\/vc_column_text][\/vc_column][\/vc_row][vc_row][vc_column width=\u00a0\u00bb1\/1&Prime;][vc_column_text]\n<h4>Description du produit<\/h4>\n<p>L\u2019administration intramusculaire de la suspension st\u00e9rile d&rsquo;ac\u00e9tonide de triamcinolone, USP est indiqu\u00e9e pour la th\u00e9rapie syst\u00e9mique corticost\u00e9ro\u00efde pour les maladies telles que la dermatite, ou l&rsquo;arthrite rhumato\u00efde g\u00e9n\u00e9ralis\u00e9e et d\u2019autres troubles du tissu conjonctif. Elle est aussi indiqu\u00e9e pour les maladies allergiques.<\/p>\n<p>La suspension st\u00e9rile d&rsquo;ac\u00e9tonide de triamcinolone, USP est aussi indiqu\u00e9e pour l\u2019administration dans les articulations, les bourses, dans les gaines des tendons ou les ganglions pour le traitement des conditions inflammatoires locales (c.-\u00e0-d. synovite, arthrose, arthrite traumatique ou rhumato\u00efde, bursite, tendinite).[\/vc_column_text][\/vc_column][\/vc_row]\n<\/div>","protected":false},"excerpt":{"rendered":"[vc_row][vc_column width=\u00a0\u00bb2\/3&Prime;][vc_column_text] Suspension st\u00e9rile d&rsquo;ac\u00e9tonide de triamcinolone USP &nbsp; [\/vc_column_text][\/vc_column][vc_column width=\u00a0\u00bb1\/3&Prime;][vc_single_image source=\u00a0\u00bbexternal_link\u00a0\u00bb external_img_size=\u00a0\u00bbfull\u00a0\u00bb onclick=\u00a0\u00bbimg_link_large\u00a0\u00bb css=\u00a0\u00bb\u00a0\u00bb custom_src=\u00a0\u00bb\/wp-content\/uploads\/2018\/04\/triamcinolone-200mg.jpg\u00a0\u00bb alignment=\u00a0\u00bbcenter\u00a0\u00bb][vc_column_text] Codes Unitaires [\/vc_column_text][\/vc_column][\/vc_row][vc_row row_bg=\u00a0\u00bbdefault\u00a0\u00bb html_opacity=\u00a0\u00bb1&Prime; video_opacity=\u00a0\u00bb1&Prime; video_quality=\u00a0\u00bbdefault\u00a0\u00bb padding_top=\u00a0\u00bb15&Prime;][vc_column width=\u00a0\u00bb1\/4&Prime;][vc_column_text] Bouchon Sans Latex[\/vc_column_text][\/vc_column][vc_column width=\u00a0\u00bb3\/4&Prime;][vc_column_text] [\/vc_column_text][\/vc_column][\/vc_row][vc_row][vc_column width=\u00a0\u00bb1\/1&Prime;][vc_column_text] Description du produit L\u2019administration intramusculaire de la suspension st\u00e9rile d&rsquo;ac\u00e9tonide de triamcinolone, USP est indiqu\u00e9e pour la th\u00e9rapie syst\u00e9mique corticost\u00e9ro\u00efde pour les maladies [&#8230;]\n","protected":false},"author":1,"featured_media":0,"parent":3378,"menu_order":0,"comment_status":"closed","ping_status":"closed","template":"","meta":{"footnotes":""},"class_list":["post-3383","page","type-page","status-publish","hentry"],"_links":{"self":[{"href":"https:\/\/sterimaxinc.com\/fr\/wp-json\/wp\/v2\/pages\/3383","targetHints":{"allow":["GET"]}}],"collection":[{"href":"https:\/\/sterimaxinc.com\/fr\/wp-json\/wp\/v2\/pages"}],"about":[{"href":"https:\/\/sterimaxinc.com\/fr\/wp-json\/wp\/v2\/types\/page"}],"author":[{"embeddable":true,"href":"https:\/\/sterimaxinc.com\/fr\/wp-json\/wp\/v2\/users\/1"}],"replies":[{"embeddable":true,"href":"https:\/\/sterimaxinc.com\/fr\/wp-json\/wp\/v2\/comments?post=3383"}],"version-history":[{"count":0,"href":"https:\/\/sterimaxinc.com\/fr\/wp-json\/wp\/v2\/pages\/3383\/revisions"}],"up":[{"embeddable":true,"href":"https:\/\/sterimaxinc.com\/fr\/wp-json\/wp\/v2\/pages\/3378"}],"wp:attachment":[{"href":"https:\/\/sterimaxinc.com\/fr\/wp-json\/wp\/v2\/media?parent=3383"}],"curies":[{"name":"wp","href":"https:\/\/api.w.org\/{rel}","templated":true}]}}