{"id":3342,"date":"2024-05-08T12:20:06","date_gmt":"2024-05-08T12:20:06","guid":{"rendered":"https:\/\/sterimaxinc.com\/?page_id=3342"},"modified":"2024-05-14T20:37:15","modified_gmt":"2024-05-14T20:37:15","slug":"ondansetron-injectable-usp-4-mg-2-ml","status":"publish","type":"page","link":"https:\/\/sterimaxinc.com\/fr\/products\/injectables\/ondansetron-injectable-usp\/ondansetron-injectable-usp-4-mg-2-ml\/","title":{"rendered":"Ondans\u00e9tron injectable USP 4 mg \/ 2 mL"},"content":{"rendered":"<div class=\"wpb-content-wrapper\">[vc_row][vc_column width=\u00a0\u00bb2\/3&Prime;][vc_column_text]\n<h1>Ondans\u00e9tron injectable USP<\/h1>\n<p>&nbsp;<\/p>\n<div class=\"table-responsive\"><table  style=\"width:100%; \"  class=\"easy-table easy-table-default \" border=\"0\">\n<thead>\r\n<tr><th >Nom g\u00e9n\u00e9rique<\/th>\n<th >Ondans\u00e9tron injectable USP<\/th>\n<\/tr>\n<\/thead>\n<tbody>\r\n<tr><td >Marque de <span style=\"color: #444444;\">r\u00e9f\u00e9rence<\/span><\/td>\n<td >Zofran\u00ae<\/td>\n<\/tr>\n\r\n<tr><td >DIN<\/td>\n<td >02464578<\/td>\n<\/tr>\n\r\n<tr><td >GTIN<\/td>\n<td >834324002187<\/td>\n<\/tr>\n\r\n<tr><td >Teneur<\/td>\n<td >2 mg \/ mL<\/td>\n<\/tr>\n\r\n<tr><td >Volume<\/td>\n<td >2 mL<\/td>\n<\/tr>\n\r\n<tr><td >Format<\/td>\n<td >Fiole<\/td>\n<\/tr>\n\r\n<tr><td >Pr\u00e9sentation<\/td>\n<td >10<\/td>\n<\/tr>\n\r\n<tr><td >Classe th\u00e9rapeutique<\/td>\n<td >Anti\u00e9m\u00e9tique<\/td>\n<\/tr>\n\r\n<tr><td >Notice du produit<\/td>\n<td ><a href=\"\/wp-content\/uploads\/2018\/06\/Ondansetron-insert.pdf\">Cliquez ici<\/a><\/td>\n<\/tr>\n\r\n<tr><td >Monographie du produit<\/td>\n<td ><a href=\"https:\/\/sterimaxinc.com\/wp-content\/uploads\/2019\/07\/Ondansetron-Product-Monograph-French-June-26-2019.pdf\">Cliquez ici<\/a><\/td>\n<\/tr>\n<\/tbody><\/table><\/div>[\/vc_column_text][\/vc_column][vc_column width=\u00a0\u00bb1\/3&Prime;][vc_single_image source=\u00a0\u00bbexternal_link\u00a0\u00bb external_img_size=\u00a0\u00bb179&#215;200&Prime; onclick=\u00a0\u00bbimg_link_large\u00a0\u00bb css=\u00a0\u00bb\u00a0\u00bb custom_src=\u00a0\u00bb\/wp-content\/uploads\/2024\/05\/08-DSC_1760-Ondansetron-a.jpg\u00a0\u00bb  alignment=\u00a0\u00bbcenter\u00a0\u00bb][vc_column_text]\n<h5>Codes Unitares<\/h5>\n<div class=\"table-responsive\"><table  style=\"width:100%; \"  class=\"easy-table easy-table-default \" border=\"0\">\n<thead>\r\n<tr><th >SteriMax :<\/th>\n<th style=\"font-weight: normal;\">ST-DB112<\/th>\n<\/tr>\n<\/thead>\n<tbody>\r\n<tr><td >McKesson :<\/td>\n<td >127487<\/td>\n<\/tr>\n\r\n<tr><td >Familiprix:<\/td>\n<td >100651<\/td>\n<\/tr>\n\r\n<tr><td >CB Medical:<\/td>\n<td >ST-DB112<\/td>\n<\/tr>\n<\/tbody><\/table><\/div>[\/vc_column_text][\/vc_column][\/vc_row][vc_row row_bg=\u00a0\u00bbdefault\u00a0\u00bb html_opacity=\u00a0\u00bb1&Prime; video_opacity=\u00a0\u00bb1&Prime; video_quality=\u00a0\u00bbdefault\u00a0\u00bb padding_top=\u00a0\u00bb15&Prime;][vc_column width=\u00a0\u00bb1\/4&Prime;][vc_column_text]<img loading=\"lazy\" decoding=\"async\" class=\"alignleft size-full wp-image-3825\" src=\"https:\/\/sterimaxinc.com\/wp-content\/uploads\/2014\/09\/yes-icon2.png\" alt=\"yes-icon\" width=\"20\" height=\"17\" \/>\u00a0Bouchon Sans Latex<\/p>\n<p><img loading=\"lazy\" decoding=\"async\" class=\"alignleft size-full wp-image-3822\" src=\"https:\/\/sterimaxinc.com\/wp-content\/uploads\/2014\/09\/yes-icon1.png\" alt=\"yes-icon\" width=\"20\" height=\"17\" \/>\u00a0Sans agent de conservation[\/vc_column_text][\/vc_column][vc_column width=\u00a0\u00bb3\/4&Prime;][vc_column_text]<div class=\"table-responsive\"><table  style=\"width:100%; \"  class=\"easy-table easy-table-default \" border=\"0\">\n<thead>\r\n<tr><th >Remboursement par la Liste des m\u00e9dicaments provinciale<\/th>\n<th >\u2713: Produit inscrit<\/th>\n<th >P: En instance<\/th>\n<th >I: Produits interchangeables seulement<\/th>\n<\/tr>\n<\/thead>\n<tbody><\/tbody><\/table><\/div>\n<div class=\"table-responsive\"><table  style=\"width:100%; \"  class=\"easy-table easy-table-default \" border=\"0\">\n<thead>\r\n<tr><th >C.-B.<\/th>\n<th >Alb.<\/th>\n<th >Sask.<\/th>\n<th >Man.<\/th>\n<th >Ont.<\/th>\n<th >Qc<\/th>\n<th >N.-B.<\/th>\n<th ><span style=\"color: #222222;\">\u00ce.-P.-\u00c9.<\/span><\/th>\n<th ><span style=\"color: #222222;\">N.-\u00c9.<\/span><\/th>\n<th ><span style=\"color: #222222;\">T.-N.-L.<\/span><\/th>\n<\/tr>\n<\/thead>\n<tbody>\r\n<tr><td style=\"font-weight: normal;\">\u2713<\/td>\n<td >\u2713<\/td>\n<td >N\/D<\/td>\n<td >N\/D<\/td>\n<td >I<\/td>\n<td >N\/D<\/td>\n<td >N\/D<\/td>\n<td >N\/D<\/td>\n<td >N\/D<\/td>\n<td >N\/D<\/td>\n<\/tr>\n<\/tbody><\/table><\/div>[\/vc_column_text][\/vc_column][\/vc_row][vc_row][vc_column width=\u00a0\u00bb1\/1&Prime;][vc_column_text]\n<h4>Description du produit<\/h4>\n<p>Ondansetron Injectable USP (Le chlorhydrate d\u2019ondans\u00e9tron dihydrat\u00e9) est indiqu\u00e9 pour :<br \/>\n\u2022 la pr\u00e9vention de naus\u00e9es et vomissements associ\u00e9s la chimioth\u00e9rapie \u00e9m\u00e9tog\u00e8ne (y compris le cisplatine \u00e0 fortes doses);<br \/>\n\u2022 la pr\u00e9vention et le traitement de naus\u00e9es et vomissements postop\u00e9ratoires.<br \/>\n[\/vc_column_text][\/vc_column][\/vc_row]\n<\/div>","protected":false},"excerpt":{"rendered":"[vc_row][vc_column width=\u00a0\u00bb2\/3&Prime;][vc_column_text] Ondans\u00e9tron injectable USP &nbsp; [\/vc_column_text][\/vc_column][vc_column width=\u00a0\u00bb1\/3&Prime;][vc_single_image source=\u00a0\u00bbexternal_link\u00a0\u00bb external_img_size=\u00a0\u00bb179&#215;200&Prime; onclick=\u00a0\u00bbimg_link_large\u00a0\u00bb css=\u00a0\u00bb\u00a0\u00bb custom_src=\u00a0\u00bb\/wp-content\/uploads\/2024\/05\/08-DSC_1760-Ondansetron-a.jpg\u00a0\u00bb alignment=\u00a0\u00bbcenter\u00a0\u00bb][vc_column_text] Codes Unitares [\/vc_column_text][\/vc_column][\/vc_row][vc_row row_bg=\u00a0\u00bbdefault\u00a0\u00bb html_opacity=\u00a0\u00bb1&Prime; video_opacity=\u00a0\u00bb1&Prime; video_quality=\u00a0\u00bbdefault\u00a0\u00bb padding_top=\u00a0\u00bb15&Prime;][vc_column width=\u00a0\u00bb1\/4&Prime;][vc_column_text]\u00a0Bouchon Sans Latex \u00a0Sans agent de conservation[\/vc_column_text][\/vc_column][vc_column width=\u00a0\u00bb3\/4&Prime;][vc_column_text] [\/vc_column_text][\/vc_column][\/vc_row][vc_row][vc_column width=\u00a0\u00bb1\/1&Prime;][vc_column_text] Description du produit Ondansetron Injectable USP (Le chlorhydrate d\u2019ondans\u00e9tron dihydrat\u00e9) est indiqu\u00e9 pour : \u2022 la pr\u00e9vention de naus\u00e9es et vomissements associ\u00e9s la [&#8230;]\n","protected":false},"author":1,"featured_media":0,"parent":3340,"menu_order":0,"comment_status":"closed","ping_status":"closed","template":"","meta":{"footnotes":""},"class_list":["post-3342","page","type-page","status-publish","hentry"],"_links":{"self":[{"href":"https:\/\/sterimaxinc.com\/fr\/wp-json\/wp\/v2\/pages\/3342","targetHints":{"allow":["GET"]}}],"collection":[{"href":"https:\/\/sterimaxinc.com\/fr\/wp-json\/wp\/v2\/pages"}],"about":[{"href":"https:\/\/sterimaxinc.com\/fr\/wp-json\/wp\/v2\/types\/page"}],"author":[{"embeddable":true,"href":"https:\/\/sterimaxinc.com\/fr\/wp-json\/wp\/v2\/users\/1"}],"replies":[{"embeddable":true,"href":"https:\/\/sterimaxinc.com\/fr\/wp-json\/wp\/v2\/comments?post=3342"}],"version-history":[{"count":0,"href":"https:\/\/sterimaxinc.com\/fr\/wp-json\/wp\/v2\/pages\/3342\/revisions"}],"up":[{"embeddable":true,"href":"https:\/\/sterimaxinc.com\/fr\/wp-json\/wp\/v2\/pages\/3340"}],"wp:attachment":[{"href":"https:\/\/sterimaxinc.com\/fr\/wp-json\/wp\/v2\/media?parent=3342"}],"curies":[{"name":"wp","href":"https:\/\/api.w.org\/{rel}","templated":true}]}}