{"id":3335,"date":"2024-05-08T11:59:28","date_gmt":"2024-05-08T11:59:28","guid":{"rendered":"https:\/\/sterimaxinc.com\/?page_id=3335"},"modified":"2024-05-25T00:40:32","modified_gmt":"2024-05-25T00:40:32","slug":"meropenem-pour-injection-bp","status":"publish","type":"page","link":"https:\/\/sterimaxinc.com\/fr\/products\/injectables\/meropenem-pour-injection-bp\/","title":{"rendered":"M\u00e9rop\u00e9nem pour injection USP"},"content":{"rendered":"<div class=\"wpb-content-wrapper\">[vc_row][vc_column width=\u00a0\u00bb2\/3&Prime;][vc_column_text]\n<h1>M\u00e9rop\u00e9nem pour injection USP<\/h1>\n<p>&nbsp;<\/p>\n<div class=\"table-responsive\"><table  style=\"width:100%; \"  class=\"easy-table easy-table-default \" border=\"0\">\n<thead>\r\n<tr><th >Nom g\u00e9n\u00e9rique<\/th>\n<th >M\u00e9rop\u00e9nem pour injection USP<\/th>\n<\/tr>\n<\/thead>\n<tbody>\r\n<tr><td >Marque de <span style=\"color: #444444;\">r\u00e9f\u00e9rence<\/span><\/td>\n<td >Merrem\u00ae<\/td>\n<\/tr>\n\r\n<tr><td >DIN<\/td>\n<td >02436507<\/td>\n<\/tr>\n\r\n<tr><td >GTIN<\/td>\n<td >834324001234<\/td>\n<\/tr>\n\r\n<tr><td >Teneur<\/td>\n<td >1 g<\/td>\n<\/tr>\n\r\n<tr><td >Format<\/td>\n<td >Fiole<\/td>\n<\/tr>\n\r\n<tr><td >Pr\u00e9sentation<\/td>\n<td >10<\/td>\n<\/tr>\n\r\n<tr><td >Classe th\u00e9rapeutique<\/td>\n<td >Antibiotique<\/td>\n<\/tr>\n\r\n<tr><td >Notice du produit<\/td>\n<td ><a href=\"https:\/\/sterimaxinc.com\/wp-content\/uploads\/2015\/09\/meropenem-insert.pdf\">Cliquez ici<\/a><\/td>\n<\/tr>\n\r\n<tr><td >Monographie du produit<\/td>\n<td ><a href=\"https:\/\/sterimaxinc.com\/wp-content\/uploads\/2024\/04\/Meropenem.pdf\">Cliquez ici<\/a><\/td>\n<\/tr>\n<\/tbody><\/table><\/div>[\/vc_column_text][\/vc_column][vc_column width=\u00a0\u00bb1\/3&Prime;][vc_single_image source=\u00a0\u00bbexternal_link\u00a0\u00bb external_img_size=\u00a0\u00bb179&#215;59&Prime; onclick=\u00a0\u00bbimg_link_large\u00a0\u00bb css=\u00a0\u00bb\u00a0\u00bb custom_src=\u00a0\u00bb\/wp-content\/uploads\/2015\/09\/xMeropenem.png.pagespeed.ic.QCI-Tfg0bm.webp\u00a0\u00bb  alignment=\u00a0\u00bbcenter\u00a0\u00bb][vc_column_text]\n<h5>Codes Unitaires<\/h5>\n<div class=\"table-responsive\"><table  style=\"width:100%; \"  class=\"easy-table easy-table-default \" border=\"0\">\n<thead>\r\n<tr><th >SteriMax :<\/th>\n<th style=\"font-weight: normal;\">CB212<\/th>\n<\/tr>\n<\/thead>\n<tbody>\r\n<tr><td >McKesson :<\/td>\n<td >084250<\/td>\n<\/tr>\n\r\n<tr><td >Familiprix :<\/td>\n<td >042690<\/td>\n<\/tr>\n\r\n<tr><td >Jean Coutu:<\/td>\n<td >\u00a0759443<\/td>\n<\/tr>\n\r\n<tr><td >McMahon:<\/td>\n<td >10088998<\/td>\n<\/tr>\n<\/tbody><\/table><\/div>[\/vc_column_text][\/vc_column][\/vc_row][vc_row row_bg=\u00a0\u00bbdefault\u00a0\u00bb html_opacity=\u00a0\u00bb1&Prime; video_opacity=\u00a0\u00bb1&Prime; video_quality=\u00a0\u00bbdefault\u00a0\u00bb padding_top=\u00a0\u00bb15&Prime;][vc_column width=\u00a0\u00bb1\/4&Prime;][vc_column_text]<img loading=\"lazy\" decoding=\"async\" class=\"alignleft size-full wp-image-3825\" src=\"https:\/\/sterimaxinc.com\/wp-content\/uploads\/2014\/09\/yes-icon2.png\" alt=\"yes-icon\" width=\"20\" height=\"17\" \/>Bouchon sans latex<\/p>\n<p><img loading=\"lazy\" decoding=\"async\" class=\"alignleft size-full wp-image-3822\" src=\"https:\/\/sterimaxinc.com\/wp-content\/uploads\/2014\/09\/yes-icon1.png\" alt=\"yes-icon\" width=\"20\" height=\"17\" \/>Sans agent de conservation<!--[\/vc_column_text][\/vc_column][vc_column width=\"3\/4\"][vc_column_text][table]Remboursement par la Liste des m\u00e9dicaments provinciale,\u2713: Produit inscrit,P: En instance,I: Produits interchangeables seulement[\/table]\n[table]C.-B.,Alb.,Sask.,Man.,Ont.,Qc,N.-B.,\u00ce.-P.-\u00c9.,N.-\u00c9.,T.-N.-L.\nN\/D[attr style=\"font-weight: normal;\"],\u2713,N\/D,N\/D,N\/D,\u2713,\u2713,N\/D,N\/D,N\/D[\/table][\/vc_column_text][\/vc_column][\/vc_row][vc_row][vc_column width=\"1\/1\"][vc_column_text]\n\n\n<h4>Description du produit<\/h4>\n\n\nM\u00e9rop\u00e9nem pour injection USP (m\u00e9rop\u00e9nem) est indiqu\u00e9 pour le traitement des infections suivantes caus\u00e9es par les souches sensibles des micro-organismes d\u00e9sign\u00e9s* ci-apr\u00e8s :\n\n\n<ul>\n \t\n\n<li>Infections des voies respiratoires inf\u00e9rieures<\/li>\n\n\n \t\n\n<li>Infections des voies urinaires<\/li>\n\n\n \t\n\n<li>Infections intra-abdominales<\/li>\n\n\n \t\n\n<li>Infections gyn\u00e9cologiques<\/li>\n\n\n \t\n\n<li>Infections non compliqu\u00e9es de la peau et des annexes cutan\u00e9es<\/li>\n\n\n \t\n\n<li>Infections compliqu\u00e9es de la peau et des annexes cutan\u00e9es<\/li>\n\n\n \t\n\n<li>M\u00e9ningite bact\u00e9rienne<\/li>\n\n\n \t\n\n<li>Septic\u00e9mie bact\u00e9rienne<\/li>\n\n\n<\/ul>\n\n\n* Veuillez vous reporter \u00e0 la monographie du produit pour plus de renseignements sur les micro-organismes correspondant \u00e0 chaque indication.--><\/p>\n[\/vc_column_text][\/vc_column][\/vc_row]\n<\/div>","protected":false},"excerpt":{"rendered":"[vc_row][vc_column width=\u00a0\u00bb2\/3&Prime;][vc_column_text] M\u00e9rop\u00e9nem pour injection USP &nbsp; [\/vc_column_text][\/vc_column][vc_column width=\u00a0\u00bb1\/3&Prime;][vc_single_image source=\u00a0\u00bbexternal_link\u00a0\u00bb external_img_size=\u00a0\u00bb179&#215;59&Prime; onclick=\u00a0\u00bbimg_link_large\u00a0\u00bb css=\u00a0\u00bb\u00a0\u00bb custom_src=\u00a0\u00bb\/wp-content\/uploads\/2015\/09\/xMeropenem.png.pagespeed.ic.QCI-Tfg0bm.webp\u00a0\u00bb alignment=\u00a0\u00bbcenter\u00a0\u00bb][vc_column_text] Codes Unitaires [\/vc_column_text][\/vc_column][\/vc_row][vc_row row_bg=\u00a0\u00bbdefault\u00a0\u00bb html_opacity=\u00a0\u00bb1&Prime; video_opacity=\u00a0\u00bb1&Prime; video_quality=\u00a0\u00bbdefault\u00a0\u00bb padding_top=\u00a0\u00bb15&Prime;][vc_column width=\u00a0\u00bb1\/4&Prime;][vc_column_text]Bouchon sans latex Sans agent de conservation [\/vc_column_text][\/vc_column][\/vc_row]\n","protected":false},"author":1,"featured_media":0,"parent":2692,"menu_order":0,"comment_status":"closed","ping_status":"closed","template":"","meta":{"footnotes":""},"class_list":["post-3335","page","type-page","status-publish","hentry"],"_links":{"self":[{"href":"https:\/\/sterimaxinc.com\/fr\/wp-json\/wp\/v2\/pages\/3335","targetHints":{"allow":["GET"]}}],"collection":[{"href":"https:\/\/sterimaxinc.com\/fr\/wp-json\/wp\/v2\/pages"}],"about":[{"href":"https:\/\/sterimaxinc.com\/fr\/wp-json\/wp\/v2\/types\/page"}],"author":[{"embeddable":true,"href":"https:\/\/sterimaxinc.com\/fr\/wp-json\/wp\/v2\/users\/1"}],"replies":[{"embeddable":true,"href":"https:\/\/sterimaxinc.com\/fr\/wp-json\/wp\/v2\/comments?post=3335"}],"version-history":[{"count":0,"href":"https:\/\/sterimaxinc.com\/fr\/wp-json\/wp\/v2\/pages\/3335\/revisions"}],"up":[{"embeddable":true,"href":"https:\/\/sterimaxinc.com\/fr\/wp-json\/wp\/v2\/pages\/2692"}],"wp:attachment":[{"href":"https:\/\/sterimaxinc.com\/fr\/wp-json\/wp\/v2\/media?parent=3335"}],"curies":[{"name":"wp","href":"https:\/\/api.w.org\/{rel}","templated":true}]}}