{"id":3327,"date":"2024-05-08T10:07:30","date_gmt":"2024-05-08T10:07:30","guid":{"rendered":"https:\/\/sterimaxinc.com\/?page_id=3327"},"modified":"2024-05-10T17:25:39","modified_gmt":"2024-05-10T17:25:39","slug":"furosemide-injection-usp","status":"publish","type":"page","link":"https:\/\/sterimaxinc.com\/fr\/products\/injectables\/furosemide-injection-usp\/","title":{"rendered":"Furos\u00e9mide injectable USP"},"content":{"rendered":"<div class=\"wpb-content-wrapper\">[vc_row][vc_column width=\u00a0\u00bb2\/3&Prime;][vc_column_text]\n<h1>Furos\u00e9mide injectable USP<\/h1>\n<p>&nbsp;<\/p>\n<p style=\"text-align: left;\"><div class=\"table-responsive\"><table  style=\"width:100%; \"  class=\"easy-table easy-table-default \" border=\"0\">\n<thead>\r\n<tr><th >Nom g\u00e9n\u00e9rique<\/th>\n<th >Furos\u00e9mide injectable USP<\/th>\n<\/tr>\n<\/thead>\n<tbody>\r\n<tr><td >Marque de r\u00e9f\u00e9rence<\/td>\n<td >Lasix\u00ae<\/td>\n<\/tr>\n\r\n<tr><td >DIN<\/td>\n<td >02461404<\/td>\n<\/tr>\n\r\n<tr><td >GTIN<\/td>\n<td >834324001906<\/td>\n<\/tr>\n\r\n<tr><td >Teneur<\/td>\n<td >10 mg \/ mL<\/td>\n<\/tr>\n\r\n<tr><td >Volume<\/td>\n<td >2 mL<\/td>\n<\/tr>\n\r\n<tr><td >Format<\/td>\n<td > Fiole<\/td>\n<\/tr>\n\r\n<tr><td >Pr\u00e9sentation<\/td>\n<td >25<\/td>\n<\/tr>\n\r\n<tr><td >Classe th\u00e9rapeutique<\/td>\n<td >Diur\u00e9tique<\/td>\n<\/tr>\n\r\n<tr><td >Monographie du produit<\/td>\n<td ><a href=\"https:\/\/sterimaxinc.com\/wp-content\/uploads\/2018\/04\/PM-Furosemide-Injection-USP-French-Feb-2-2017.pdf\">Cliquez ici<\/a><\/td>\n<\/tr>\n\r\n<tr><td >Notice du produit<\/td>\n<td ><a href=\"https:\/\/sterimaxinc.com\/wp-content\/uploads\/2018\/04\/Furosemide-Insert.pdf\">Cliquez ici<\/a><\/td>\n<\/tr>\n<\/tbody><\/table><\/div>\n[\/vc_column_text][\/vc_column][vc_column width=\u00a0\u00bb1\/3&Prime;][vc_single_image source=\u00a0\u00bbexternal_link\u00a0\u00bb external_img_size=\u00a0\u00bb179&#215;59&Prime; onclick=\u00a0\u00bbimg_link_large\u00a0\u00bb css=\u00a0\u00bb\u00a0\u00bb custom_src=\u00a0\u00bb\/wp-content\/uploads\/2018\/04\/xfurosemide.jpg.pagespeed.ic.wdvcr_mjR_.webp\u00a0\u00bb  alignment=\u00a0\u00bbcenter\u00a0\u00bb][vc_column_text]\n<h4>Codes Unitaires<\/h4>\n<div class=\"table-responsive\"><table  style=\"width:100%; \"  class=\"easy-table easy-table-default \" border=\"0\">\n<thead>\r\n<tr><th >SteriMax:<\/th>\n<th style=\"font-weight: normal;\">ST-CU113<\/th>\n<\/tr>\n<\/thead>\n<tbody>\r\n<tr><td >McKesson:<\/td>\n<td >115383<\/td>\n<\/tr>\n\r\n<tr><td >CB Medical:<\/td>\n<td >ST-CU113<\/td>\n<\/tr>\n<\/tbody><\/table><\/div>[\/vc_column_text][\/vc_column][\/vc_row][vc_row row_bg=\u00a0\u00bbdefault\u00a0\u00bb html_opacity=\u00a0\u00bb1&Prime; video_opacity=\u00a0\u00bb1&Prime; video_quality=\u00a0\u00bbdefault\u00a0\u00bb padding_top=\u00a0\u00bb15&Prime;][vc_column width=\u00a0\u00bb1\/4&Prime;][vc_column_text]<img loading=\"lazy\" decoding=\"async\" class=\"alignleft size-full wp-image-3825\" src=\"https:\/\/sterimaxinc.com\/wp-content\/uploads\/2014\/09\/yes-icon2.png\" alt=\"yes-icon\" width=\"20\" height=\"17\" \/> Bouchon Sans Latex<\/p>\n<p><img loading=\"lazy\" decoding=\"async\" class=\"alignleft size-full wp-image-3822\" src=\"https:\/\/sterimaxinc.com\/wp-content\/uploads\/2014\/09\/yes-icon2.png\" alt=\"yes-icon\" width=\"20\" height=\"17\" \/> Sans agent de conservation[\/vc_column_text][\/vc_column][vc_column width=\u00a0\u00bb3\/4&Prime;][vc_column_text]<div class=\"table-responsive\"><table  style=\"width:100%; \"  class=\"easy-table easy-table-default \" border=\"0\">\n<thead>\r\n<tr><th >Remboursement par la Liste des m\u00e9dicaments provinciale<\/th>\n<th >\u2713:Produit inscrit<\/th>\n<th >P: En instance<\/th>\n<th >I: Produits interchangeables seulement<\/th>\n<\/tr>\n<\/thead>\n<tbody><\/tbody><\/table><\/div>\n<div class=\"table-responsive\"><table  style=\"width:100%; \"  class=\"easy-table easy-table-default \" border=\"0\">\n<thead>\r\n<tr><th >C.-B.<\/th>\n<th >Alb.<\/th>\n<th >Sask.<\/th>\n<th >Man.<\/th>\n<th >Ont.<\/th>\n<th >Qc<\/th>\n<th >N.-B.<\/th>\n<th >\u00ce.-P.-\u00c9.<\/th>\n<th >N.-\u00c9.<\/th>\n<th >T.-N.-L.<\/th>\n<\/tr>\n<\/thead>\n<tbody>\r\n<tr><td style=\"font-weight: normal;\">\u2713<\/td>\n<td >N\/A<\/td>\n<td >N\/A<\/td>\n<td >N\/A<\/td>\n<td >N\/A<\/td>\n<td >N\/A<\/td>\n<td >N\/A<\/td>\n<td >N\/A<\/td>\n<td >N\/A<\/td>\n<td >N\/A<\/td>\n<\/tr>\n<\/tbody><\/table><\/div>[\/vc_column_text][\/vc_column][\/vc_row][vc_row][vc_column width=\u00a0\u00bb1\/1&Prime;][vc_column_text]\n<h4>Description du produit<\/h4>\n<p>Furos\u00e9mide injection USP est indiqu\u00e9 lorsque:<\/p>\n<p>Un d\u00e9but rapide et une diur\u00e8se intense sont souhait\u00e9s, par ex. oed\u00e8me pulmonaire aigu, \u0153d\u00e8me c\u00e9r\u00e9bral et lorsque la th\u00e9rapie orale est exclue en raison d&rsquo;une interf\u00e9rence avec l&rsquo;absorption intestinale ou pour d&rsquo;autres raisons. G\u00e9n\u00e9ralement administr\u00e9 aux patients dans les h\u00f4pitaux ou les cliniques externes. En cas d&rsquo;urgence en dehors de ce cadre, la posologie recommand\u00e9e doit \u00eatre respect\u00e9e et le patient doit \u00eatre \u00e9troitement surveill\u00e9.[\/vc_column_text][\/vc_column][\/vc_row]\n<\/div>","protected":false},"excerpt":{"rendered":"[vc_row][vc_column width=\u00a0\u00bb2\/3&Prime;][vc_column_text] Furos\u00e9mide injectable USP &nbsp; [\/vc_column_text][\/vc_column][vc_column width=\u00a0\u00bb1\/3&Prime;][vc_single_image source=\u00a0\u00bbexternal_link\u00a0\u00bb external_img_size=\u00a0\u00bb179&#215;59&Prime; onclick=\u00a0\u00bbimg_link_large\u00a0\u00bb css=\u00a0\u00bb\u00a0\u00bb custom_src=\u00a0\u00bb\/wp-content\/uploads\/2018\/04\/xfurosemide.jpg.pagespeed.ic.wdvcr_mjR_.webp\u00a0\u00bb alignment=\u00a0\u00bbcenter\u00a0\u00bb][vc_column_text] Codes Unitaires [\/vc_column_text][\/vc_column][\/vc_row][vc_row row_bg=\u00a0\u00bbdefault\u00a0\u00bb html_opacity=\u00a0\u00bb1&Prime; video_opacity=\u00a0\u00bb1&Prime; video_quality=\u00a0\u00bbdefault\u00a0\u00bb padding_top=\u00a0\u00bb15&Prime;][vc_column width=\u00a0\u00bb1\/4&Prime;][vc_column_text] Bouchon Sans Latex Sans agent de conservation[\/vc_column_text][\/vc_column][vc_column width=\u00a0\u00bb3\/4&Prime;][vc_column_text] [\/vc_column_text][\/vc_column][\/vc_row][vc_row][vc_column width=\u00a0\u00bb1\/1&Prime;][vc_column_text] Description du produit Furos\u00e9mide injection USP est indiqu\u00e9 lorsque: Un d\u00e9but rapide et une diur\u00e8se intense sont souhait\u00e9s, par ex. oed\u00e8me pulmonaire [&#8230;]\n","protected":false},"author":1,"featured_media":0,"parent":2692,"menu_order":0,"comment_status":"closed","ping_status":"closed","template":"","meta":{"footnotes":""},"class_list":["post-3327","page","type-page","status-publish","hentry"],"_links":{"self":[{"href":"https:\/\/sterimaxinc.com\/fr\/wp-json\/wp\/v2\/pages\/3327","targetHints":{"allow":["GET"]}}],"collection":[{"href":"https:\/\/sterimaxinc.com\/fr\/wp-json\/wp\/v2\/pages"}],"about":[{"href":"https:\/\/sterimaxinc.com\/fr\/wp-json\/wp\/v2\/types\/page"}],"author":[{"embeddable":true,"href":"https:\/\/sterimaxinc.com\/fr\/wp-json\/wp\/v2\/users\/1"}],"replies":[{"embeddable":true,"href":"https:\/\/sterimaxinc.com\/fr\/wp-json\/wp\/v2\/comments?post=3327"}],"version-history":[{"count":0,"href":"https:\/\/sterimaxinc.com\/fr\/wp-json\/wp\/v2\/pages\/3327\/revisions"}],"up":[{"embeddable":true,"href":"https:\/\/sterimaxinc.com\/fr\/wp-json\/wp\/v2\/pages\/2692"}],"wp:attachment":[{"href":"https:\/\/sterimaxinc.com\/fr\/wp-json\/wp\/v2\/media?parent=3327"}],"curies":[{"name":"wp","href":"https:\/\/api.w.org\/{rel}","templated":true}]}}