{"id":3325,"date":"2024-05-08T10:04:57","date_gmt":"2024-05-08T10:04:57","guid":{"rendered":"https:\/\/sterimaxinc.com\/?page_id=3325"},"modified":"2024-05-10T17:24:37","modified_gmt":"2024-05-10T17:24:37","slug":"fomepizole-pour-injection","status":"publish","type":"page","link":"https:\/\/sterimaxinc.com\/fr\/products\/injectables\/fomepizole-pour-injection\/","title":{"rendered":"Fom\u00e9pizole pour injection"},"content":{"rendered":"<div class=\"wpb-content-wrapper\">[vc_row][vc_column width=\u00a0\u00bb2\/3&Prime;][vc_column_text]\n<h1>Fom\u00e9pizole pour injection<\/h1>\n<p>&nbsp;<\/p>\n<div class=\"table-responsive\"><table  style=\"width:100%; \"  class=\"easy-table easy-table-default \" border=\"0\">\n<thead>\r\n<tr><th >Nom g\u00e9n\u00e9rique<\/th>\n<th >Fom\u00e9pizole pour injection<\/th>\n<\/tr>\n<\/thead>\n<tbody>\r\n<tr><td >Marque de <span style=\"color: #444444;\">r\u00e9f\u00e9rence<\/span><\/td>\n<td >Antizol\u00ae<\/td>\n<\/tr>\n\r\n<tr><td >DIN<\/td>\n<td >02435667<\/td>\n<\/tr>\n\r\n<tr><td >GTIN<\/td>\n<td >834324001258<\/td>\n<\/tr>\n\r\n<tr><td >Teneur<\/td>\n<td ><span style=\"font-weight: 400;\">1.5 g \/ 1.5 mL\u00a0(1 g \/ mL)<\/span><\/td>\n<\/tr>\n\r\n<tr><td >Format<\/td>\n<td >Fiole<\/td>\n<\/tr>\n\r\n<tr><td >Pr\u00e9sentation<\/td>\n<td >2<\/td>\n<\/tr>\n\r\n<tr><td >Classe th\u00e9rapeutique<\/td>\n<td >Inhibiteur synth\u00e9tique de l&rsquo;alcool d\u00e9shydrog\u00e9nase<\/td>\n<\/tr>\n\r\n<tr><td >Notice du produit<\/td>\n<td ><a href=\"https:\/\/sterimaxinc.com\/wp-content\/uploads\/2018\/06\/Fomepizole-for-Injection-Insert.pdf\">Cliquez ici<\/a><\/td>\n<\/tr>\n\r\n<tr><td >Monographie du produit<\/td>\n<td ><a href=\"https:\/\/sterimaxinc.com\/wp-content\/uploads\/2016\/03\/fomepizole-monograph-FR.pdf\">Cliquez ici<\/a><\/td>\n<\/tr>\n<\/tbody><\/table><\/div>[\/vc_column_text][\/vc_column][vc_column width=\u00a0\u00bb1\/3&Prime;][vc_single_image source=\u00a0\u00bbexternal_link\u00a0\u00bb external_img_size=\u00a0\u00bb179&#215;59&Prime; onclick=\u00a0\u00bbimg_link_large\u00a0\u00bb css=\u00a0\u00bb\u00a0\u00bb custom_src=\u00a0\u00bb\/wp-content\/uploads\/2015\/11\/xfomepizole-for-injection1.jpg.pagespeed.ic.ArOFveVCNh.jpg\u00a0\u00bb  alignment=\u00a0\u00bbcenter\u00a0\u00bb][vc_column_text]\n<h4>Codes Unitaires<\/h4>\n<div class=\"table-responsive\"><table  style=\"width:100%; \"  class=\"easy-table easy-table-default \" border=\"0\">\n<thead>\r\n<tr><th >SteriMax :<\/th>\n<th style=\"font-weight: normal;\">ST-BT112<\/th>\n<\/tr>\n<\/thead>\n<tbody>\r\n<tr><td >McKesson :<\/td>\n<td >086955<\/td>\n<\/tr>\n\r\n<tr><td >McMahon:<\/td>\n<td >10098093<\/td>\n<\/tr>\n<\/tbody><\/table><\/div>[\/vc_column_text][\/vc_column][\/vc_row][vc_row row_bg=\u00a0\u00bbdefault\u00a0\u00bb html_opacity=\u00a0\u00bb1&Prime; video_opacity=\u00a0\u00bb1&Prime; video_quality=\u00a0\u00bbdefault\u00a0\u00bb padding_top=\u00a0\u00bb15&Prime;][vc_column width=\u00a0\u00bb1\/4&Prime;][vc_column_text]<img loading=\"lazy\" decoding=\"async\" class=\"alignleft size-full wp-image-3825\" src=\"https:\/\/sterimaxinc.com\/wp-content\/uploads\/2014\/09\/yes-icon2.png\" alt=\"yes-icon\" width=\"20\" height=\"17\" \/> Bouchon Sans Latex[\/vc_column_text][\/vc_column][vc_column width=\u00a0\u00bb3\/4&Prime;][vc_column_text]<div class=\"table-responsive\"><table  style=\"width:100%; \"  class=\"easy-table easy-table-default \" border=\"0\">\n<thead>\r\n<tr><th >Remboursement par la Liste des m\u00e9dicaments provinciale<\/th>\n<th >X: Produit inscrit<\/th>\n<th >P: En instance<\/th>\n<th >I: Produits interchangeables seulement<\/th>\n<\/tr>\n<\/thead>\n<tbody><\/tbody><\/table><\/div>\n<div class=\"table-responsive\"><table  style=\"width:100%; \"  class=\"easy-table easy-table-default \" border=\"0\">\n<thead>\r\n<tr><th >C.-B.<\/th>\n<th >Alb.<\/th>\n<th >Sask.<\/th>\n<th >Man.<\/th>\n<th >Ont.<\/th>\n<th >Qc<\/th>\n<th >N.-B.<\/th>\n<th ><span style=\"color: #222222;\">\u00ce.-P.-\u00c9.<\/span><\/th>\n<th ><span style=\"color: #222222;\">N.-\u00c9.<\/span><\/th>\n<th ><span style=\"color: #222222;\">T.-N.-L.<\/span><\/th>\n<\/tr>\n<\/thead>\n<tbody>\r\n<tr><td style=\"font-weight: normal;\">N\/D<\/td>\n<td >N\/D<\/td>\n<td >N\/D<\/td>\n<td >N\/D<\/td>\n<td >N\/D<\/td>\n<td >N\/D<\/td>\n<td >N\/D<\/td>\n<td >N\/D<\/td>\n<td >N\/D<\/td>\n<td >N\/D<\/td>\n<\/tr>\n<\/tbody><\/table><\/div>[\/vc_column_text][\/vc_column][\/vc_row][vc_row][vc_column width=\u00a0\u00bb1\/1&Prime;][vc_column_text]\n<h4>Product Description<\/h4>\n<p>Fom\u00e9pizole pour injection, administr\u00e9 seul ou accompagn\u00e9 d\u2019une h\u00e9modialyse, est indiqu\u00e9 comme antidote \u00e0 une intoxication \u00e0 l\u2019\u00e9thyl\u00e8ne glycol (notamment l\u2019antigel) ou au m\u00e9thanol<br \/>\n(notamment le liquide lave-glace), ou dans les cas o\u00f9 l\u2019on soup\u00e7onne une ingestion d\u2019\u00e9thyl\u00e8ne glycol ou de m\u00e9thanol.[\/vc_column_text][\/vc_column][\/vc_row]\n<\/div>","protected":false},"excerpt":{"rendered":"[vc_row][vc_column width=\u00a0\u00bb2\/3&Prime;][vc_column_text] Fom\u00e9pizole pour injection &nbsp; [\/vc_column_text][\/vc_column][vc_column width=\u00a0\u00bb1\/3&Prime;][vc_single_image source=\u00a0\u00bbexternal_link\u00a0\u00bb external_img_size=\u00a0\u00bb179&#215;59&Prime; onclick=\u00a0\u00bbimg_link_large\u00a0\u00bb css=\u00a0\u00bb\u00a0\u00bb custom_src=\u00a0\u00bb\/wp-content\/uploads\/2015\/11\/xfomepizole-for-injection1.jpg.pagespeed.ic.ArOFveVCNh.jpg\u00a0\u00bb alignment=\u00a0\u00bbcenter\u00a0\u00bb][vc_column_text] Codes Unitaires [\/vc_column_text][\/vc_column][\/vc_row][vc_row row_bg=\u00a0\u00bbdefault\u00a0\u00bb html_opacity=\u00a0\u00bb1&Prime; video_opacity=\u00a0\u00bb1&Prime; video_quality=\u00a0\u00bbdefault\u00a0\u00bb padding_top=\u00a0\u00bb15&Prime;][vc_column width=\u00a0\u00bb1\/4&Prime;][vc_column_text] Bouchon Sans Latex[\/vc_column_text][\/vc_column][vc_column width=\u00a0\u00bb3\/4&Prime;][vc_column_text] [\/vc_column_text][\/vc_column][\/vc_row][vc_row][vc_column width=\u00a0\u00bb1\/1&Prime;][vc_column_text] Product Description Fom\u00e9pizole pour injection, administr\u00e9 seul ou accompagn\u00e9 d\u2019une h\u00e9modialyse, est indiqu\u00e9 comme antidote \u00e0 une intoxication \u00e0 l\u2019\u00e9thyl\u00e8ne glycol (notamment l\u2019antigel) ou au m\u00e9thanol [&#8230;]\n","protected":false},"author":1,"featured_media":0,"parent":2692,"menu_order":0,"comment_status":"closed","ping_status":"closed","template":"","meta":{"footnotes":""},"class_list":["post-3325","page","type-page","status-publish","hentry"],"_links":{"self":[{"href":"https:\/\/sterimaxinc.com\/fr\/wp-json\/wp\/v2\/pages\/3325","targetHints":{"allow":["GET"]}}],"collection":[{"href":"https:\/\/sterimaxinc.com\/fr\/wp-json\/wp\/v2\/pages"}],"about":[{"href":"https:\/\/sterimaxinc.com\/fr\/wp-json\/wp\/v2\/types\/page"}],"author":[{"embeddable":true,"href":"https:\/\/sterimaxinc.com\/fr\/wp-json\/wp\/v2\/users\/1"}],"replies":[{"embeddable":true,"href":"https:\/\/sterimaxinc.com\/fr\/wp-json\/wp\/v2\/comments?post=3325"}],"version-history":[{"count":0,"href":"https:\/\/sterimaxinc.com\/fr\/wp-json\/wp\/v2\/pages\/3325\/revisions"}],"up":[{"embeddable":true,"href":"https:\/\/sterimaxinc.com\/fr\/wp-json\/wp\/v2\/pages\/2692"}],"wp:attachment":[{"href":"https:\/\/sterimaxinc.com\/fr\/wp-json\/wp\/v2\/media?parent=3325"}],"curies":[{"name":"wp","href":"https:\/\/api.w.org\/{rel}","templated":true}]}}