{"id":3316,"date":"2024-05-08T09:53:55","date_gmt":"2024-05-08T09:53:55","guid":{"rendered":"https:\/\/sterimaxinc.com\/?page_id=3316"},"modified":"2024-05-10T17:21:18","modified_gmt":"2024-05-10T17:21:18","slug":"dihydroergotamine-dhe","status":"publish","type":"page","link":"https:\/\/sterimaxinc.com\/fr\/products\/injectables\/dihydroergotamine-dhe\/","title":{"rendered":"M\u00e9sylate de dihydroergotamine injectable USP"},"content":{"rendered":"<div class=\"wpb-content-wrapper\">[vc_row][vc_column width=\u00a0\u00bb2\/3&Prime;][vc_column_text]\n<h1>M\u00e9sylate de dihydroergotamine injectable USP (DHE\u00ae)<\/h1>\n<p>&nbsp;<\/p>\n<div class=\"table-responsive\"><table  style=\"width:100%; \"  class=\"easy-table easy-table-default \" border=\"0\">\n<thead>\r\n<tr><th >Nom g\u00e9n\u00e9rique<\/th>\n<th >M\u00e9sylate de dihydroergotamine injectable USP<\/th>\n<\/tr>\n<\/thead>\n<tbody>\r\n<tr><td >Marque de <span style=\"color: #444444;\">r\u00e9f\u00e9rence<\/span><\/td>\n<td >DHE\u00ae<\/td>\n<\/tr>\n\r\n<tr><td >DIN<\/td>\n<td >00027243<\/td>\n<\/tr>\n\r\n<tr><td >GTIN<\/td>\n<td >834324000091<\/td>\n<\/tr>\n\r\n<tr><td >Teneur<\/td>\n<td >1 mg \/ mL<\/td>\n<\/tr>\n\r\n<tr><td >Format<\/td>\n<td >Ampoule<\/td>\n<\/tr>\n\r\n<tr><td >Pr\u00e9sentation<\/td>\n<td >5<\/td>\n<\/tr>\n\r\n<tr><td >Classe th\u00e9rapeutique<\/td>\n<td >Traitement antimigraineux<\/td>\n<\/tr>\n\r\n<tr><td >Monographie du produit<\/td>\n<td > <a href=\"https:\/\/sterimaxinc.com\/wp-content\/uploads\/2016\/03\/DHE-Monograph-French-Clean-Feb-25-2016.pdf\">Cliquez ici<\/a><\/td>\n<\/tr>\n<\/tbody><\/table><\/div>[\/vc_column_text][\/vc_column][vc_column width=\u00a0\u00bb1\/3&Prime;][vc_single_image source=\u00a0\u00bbexternal_link\u00a0\u00bb external_img_size=\u00a0\u00bb179&#215;59&Prime; onclick=\u00a0\u00bbimg_link_large\u00a0\u00bb css=\u00a0\u00bb\u00a0\u00bb custom_src=\u00a0\u00bb\/wp-content\/uploads\/2014\/09\/xdihydroergotamine-mesylate-ampoule-300&#215;300.png.pagespeed.ic.MQ7HbLHK5b.webp\u00a0\u00bb  alignment=\u00a0\u00bbcenter\u00a0\u00bb][vc_column_text]\n<h5>Codes Unitaires<\/h5>\n<div class=\"table-responsive\"><table  style=\"width:100%; \"  class=\"easy-table easy-table-default \" border=\"0\">\n<thead>\r\n<tr><th >SteriMax :<\/th>\n<th style=\"font-weight: normal;\">ST-00900<\/th>\n<\/tr>\n<\/thead>\n<tbody>\r\n<tr><td >McKesson :<\/td>\n<td style=\"font-weight: normal;\">181438<\/td>\n<\/tr>\n\r\n<tr><td >K&amp;F :<\/td>\n<td >29971<\/td>\n<\/tr>\n\r\n<tr><td >McMahon :<\/td>\n<td >10064739<\/td>\n<\/tr>\n\r\n<tr><td >Lawton&rsquo;s :<\/td>\n<td >930578<\/td>\n<\/tr>\n\r\n<tr><td >Familiprix :<\/td>\n<td >662510<\/td>\n<\/tr>\n\r\n<tr><td >Jean Coutu :<\/td>\n<td >750878<\/td>\n<\/tr>\n\r\n<tr><td >SDM :<\/td>\n<td >834324000091<\/td>\n<\/tr>\n\r\n<tr><td >Unipharm :<\/td>\n<td >00194159<\/td>\n<\/tr>\n\r\n<tr><td >VDMA :<\/td>\n<td >014931<\/td>\n<\/tr>\n<\/tbody><\/table><\/div>[\/vc_column_text][\/vc_column][\/vc_row][vc_row row_bg=\u00a0\u00bbdefault\u00a0\u00bb html_opacity=\u00a0\u00bb1&Prime; video_opacity=\u00a0\u00bb1&Prime; video_quality=\u00a0\u00bbdefault\u00a0\u00bb padding_top=\u00a0\u00bb15&Prime;][vc_column width=\u00a0\u00bb1\/4&Prime;][vc_column_text]<img loading=\"lazy\" decoding=\"async\" class=\"alignleft size-full wp-image-3825\" src=\"https:\/\/sterimaxinc.com\/wp-content\/uploads\/2014\/09\/yes-icon2.png\" alt=\"yes-icon\" width=\"20\" height=\"17\" \/>\u00a0Bouchon Sans Latex<\/p>\n<p><img loading=\"lazy\" decoding=\"async\" class=\"alignleft size-full wp-image-3822\" src=\"https:\/\/sterimaxinc.com\/wp-content\/uploads\/2014\/09\/yes-icon1.png\" alt=\"yes-icon\" width=\"20\" height=\"17\" \/>Monographie du produit[\/vc_column_text][\/vc_column][vc_column width=\u00a0\u00bb3\/4&Prime;][vc_column_text]<div class=\"table-responsive\"><table  style=\"width:100%; \"  class=\"easy-table easy-table-default \" border=\"0\">\n<thead>\r\n<tr><th >Remboursement par la Liste des m\u00e9dicaments provinciale<\/th>\n<th >\u2713: Produit inscrit<\/th>\n<th >P: En instance<\/th>\n<th >I: Produits interchangeables seulement<\/th>\n<\/tr>\n<\/thead>\n<tbody><\/tbody><\/table><\/div>\n<div class=\"table-responsive\"><table  style=\"width:100%; \"  class=\"easy-table easy-table-default \" border=\"0\">\n<thead>\r\n<tr><th >C.-B.<\/th>\n<th >Alb.<\/th>\n<th >Sask.<\/th>\n<th >Man.<\/th>\n<th >Ont.<\/th>\n<th >Qc<\/th>\n<th >N.-B.<\/th>\n<th >\u00ce.-P.-\u00c9.<\/th>\n<th >N.-\u00c9.<\/th>\n<th >T.-N.-L.<\/th>\n<\/tr>\n<\/thead>\n<tbody>\r\n<tr><td style=\"font-weight: normal;\">\u2713<\/td>\n<td >\u2713<\/td>\n<td >\u2713<\/td>\n<td >\u2713<\/td>\n<td >N\/D<\/td>\n<td >\u2713*<\/td>\n<td >\u2713<\/td>\n<td >I<\/td>\n<td >I<\/td>\n<td >N\/D<\/td>\n<\/tr>\n<\/tbody><\/table><\/div>\n<p>*Partiellement couvert[\/vc_column_text][\/vc_column][\/vc_row][vc_row][vc_column width=\u00a0\u00bb1\/1&Prime;][vc_column_text]\n<h4>Description du produit<\/h4>\n<p>L&#8217;emploi de Dihydroergotamine (DHE) (m\u00e9sylate de dihydroergotamine pour injection) est indiqu\u00e9 pour le traitement de la migraine avec ou sans aura et pour le traitement aigu des \u00e9pisodes de c\u00e9phal\u00e9es en grappes o\u00f9 un soulagement rapide est souhaitable.[\/vc_column_text][\/vc_column][\/vc_row]\n<\/div>","protected":false},"excerpt":{"rendered":"[vc_row][vc_column width=\u00a0\u00bb2\/3&Prime;][vc_column_text] M\u00e9sylate de dihydroergotamine injectable USP (DHE\u00ae) &nbsp; [\/vc_column_text][\/vc_column][vc_column width=\u00a0\u00bb1\/3&Prime;][vc_single_image source=\u00a0\u00bbexternal_link\u00a0\u00bb external_img_size=\u00a0\u00bb179&#215;59&Prime; onclick=\u00a0\u00bbimg_link_large\u00a0\u00bb css=\u00a0\u00bb\u00a0\u00bb custom_src=\u00a0\u00bb\/wp-content\/uploads\/2014\/09\/xdihydroergotamine-mesylate-ampoule-300&#215;300.png.pagespeed.ic.MQ7HbLHK5b.webp\u00a0\u00bb alignment=\u00a0\u00bbcenter\u00a0\u00bb][vc_column_text] Codes Unitaires [\/vc_column_text][\/vc_column][\/vc_row][vc_row row_bg=\u00a0\u00bbdefault\u00a0\u00bb html_opacity=\u00a0\u00bb1&Prime; video_opacity=\u00a0\u00bb1&Prime; video_quality=\u00a0\u00bbdefault\u00a0\u00bb padding_top=\u00a0\u00bb15&Prime;][vc_column width=\u00a0\u00bb1\/4&Prime;][vc_column_text]\u00a0Bouchon Sans Latex Monographie du produit[\/vc_column_text][\/vc_column][vc_column width=\u00a0\u00bb3\/4&Prime;][vc_column_text] *Partiellement couvert[\/vc_column_text][\/vc_column][\/vc_row][vc_row][vc_column width=\u00a0\u00bb1\/1&Prime;][vc_column_text] Description du produit L&#8217;emploi de Dihydroergotamine (DHE) (m\u00e9sylate de dihydroergotamine pour injection) est indiqu\u00e9 pour le traitement de la migraine [&#8230;]\n","protected":false},"author":1,"featured_media":0,"parent":2692,"menu_order":0,"comment_status":"closed","ping_status":"closed","template":"","meta":{"footnotes":""},"class_list":["post-3316","page","type-page","status-publish","hentry"],"_links":{"self":[{"href":"https:\/\/sterimaxinc.com\/fr\/wp-json\/wp\/v2\/pages\/3316","targetHints":{"allow":["GET"]}}],"collection":[{"href":"https:\/\/sterimaxinc.com\/fr\/wp-json\/wp\/v2\/pages"}],"about":[{"href":"https:\/\/sterimaxinc.com\/fr\/wp-json\/wp\/v2\/types\/page"}],"author":[{"embeddable":true,"href":"https:\/\/sterimaxinc.com\/fr\/wp-json\/wp\/v2\/users\/1"}],"replies":[{"embeddable":true,"href":"https:\/\/sterimaxinc.com\/fr\/wp-json\/wp\/v2\/comments?post=3316"}],"version-history":[{"count":0,"href":"https:\/\/sterimaxinc.com\/fr\/wp-json\/wp\/v2\/pages\/3316\/revisions"}],"up":[{"embeddable":true,"href":"https:\/\/sterimaxinc.com\/fr\/wp-json\/wp\/v2\/pages\/2692"}],"wp:attachment":[{"href":"https:\/\/sterimaxinc.com\/fr\/wp-json\/wp\/v2\/media?parent=3316"}],"curies":[{"name":"wp","href":"https:\/\/api.w.org\/{rel}","templated":true}]}}