{"id":3313,"date":"2024-05-07T22:16:36","date_gmt":"2024-05-07T22:16:36","guid":{"rendered":"https:\/\/sterimaxinc.com\/?page_id=3313"},"modified":"2024-05-10T17:20:25","modified_gmt":"2024-05-10T17:20:25","slug":"dexamethasone-sodium-phosphate-injection-usp","status":"publish","type":"page","link":"https:\/\/sterimaxinc.com\/fr\/products\/injectables\/dexamethasone-sodium-phosphate-injection-usp\/","title":{"rendered":"Injection de phosphate sodique de dexam\u00e9thasone USP"},"content":{"rendered":"<div class=\"wpb-content-wrapper\">[vc_row][vc_column width=\u00a0\u00bb2\/3&Prime;][vc_column_text]\n<h1>Phosphate sodique de Dexam\u00e9thasone injectable USP<\/h1>\n<p>&nbsp;<\/p>\n<div class=\"table-responsive\"><table  style=\"width:100%; \"  class=\"easy-table easy-table-default \" border=\"0\">\n<thead>\r\n<tr><th >Nom g\u00e9n\u00e9rique<\/th>\n<th >Phosphate sodique de Dexam\u00e9thasone injectable USP<\/th>\n<\/tr>\n<\/thead>\n<tbody>\r\n<tr><td >DIN<\/td>\n<td >01977547<\/td>\n<\/tr>\n\r\n<tr><td >GTIN<\/td>\n<td >834324001333<\/td>\n<\/tr>\n\r\n<tr><td >Teneur<\/td>\n<td >20 mg \/ 5 mL<\/td>\n<\/tr>\n\r\n<tr><td >Format<\/td>\n<td >Fiole<\/td>\n<\/tr>\n\r\n<tr><td >Pr\u00e9sentation<\/td>\n<td >1<\/td>\n<\/tr>\n\r\n<tr><td >Classe th\u00e9rapeutique<\/td>\n<td >anti-inflammatoires<\/td>\n<\/tr>\n\r\n<tr><td >Notice du produit<\/td>\n<td ><a href=\"https:\/\/sterimaxinc.com\/wp-content\/uploads\/2019\/06\/Dexamethasone-insert.pdf\">Cliquez ici<\/a><\/td>\n<\/tr>\n<\/tbody><\/table><\/div>[\/vc_column_text][\/vc_column][vc_column width=\u00a0\u00bb1\/3&Prime;][vc_single_image source=\u00a0\u00bbexternal_link\u00a0\u00bb external_img_size=\u00a0\u00bb179&#215;59&Prime; onclick=\u00a0\u00bbimg_link_large\u00a0\u00bb css=\u00a0\u00bb\u00a0\u00bb custom_src=\u00a0\u00bb\/wp-content\/uploads\/2018\/03\/xDexamethasone.png.pagespeed.ic.zrNF6GzwP4.webp\u00a0\u00bb  alignment=\u00a0\u00bbcenter\u00a0\u00bb][vc_column_text]\n<h4>Codes Unitaires<\/h4>\n<div class=\"table-responsive\"><table  style=\"width:100%; \"  class=\"easy-table easy-table-default \" border=\"0\">\n<thead>\r\n<tr><th >SteriMax:<\/th>\n<th style=\"font-weight: normal;\">ST-CK111<\/th>\n<\/tr>\n<\/thead>\n<tbody>\r\n<tr><td >McKesson:<\/td>\n<td >836148<\/td>\n<\/tr>\n\r\n<tr><td >McMahon:<\/td>\n<td >10101267<\/td>\n<\/tr>\n\r\n<tr><td >K&amp;F:<\/td>\n<td >150458<\/td>\n<\/tr>\n\r\n<tr><td >Jean Coutu:<\/td>\n<td >412950<\/td>\n<\/tr>\n\r\n<tr><td >CB Medical:<\/td>\n<td >ST-CK111<\/td>\n<\/tr>\n\r\n<tr><td >Unipharm:<\/td>\n<td >00267260<\/td>\n<\/tr>\n<\/tbody><\/table><\/div>[\/vc_column_text][\/vc_column][\/vc_row][vc_row row_bg=\u00a0\u00bbdefault\u00a0\u00bb html_opacity=\u00a0\u00bb1&Prime; video_opacity=\u00a0\u00bb1&Prime; video_quality=\u00a0\u00bbdefault\u00a0\u00bb padding_top=\u00a0\u00bb15&Prime;][vc_column width=\u00a0\u00bb1\/4&Prime;][vc_column_text]<img loading=\"lazy\" decoding=\"async\" class=\"alignleft wp-image-3732\" src=\"https:\/\/sterimaxinc.com\/wp-content\/uploads\/2014\/08\/check-mark.png\" alt=\"\" width=\"20\" height=\"20\" \/>Bouchon Sans Latex[\/vc_column_text][\/vc_column][vc_column width=\u00a0\u00bb3\/4&Prime;][vc_column_text]<div class=\"table-responsive\"><table  style=\"width:100%; \"  class=\"easy-table easy-table-default \" border=\"0\">\n<thead>\r\n<tr><th >Remboursement par la Liste des m\u00e9dicaments provinciale<\/th>\n<th >\u2713: Produit inscrit<\/th>\n<th >P: En instance<\/th>\n<th >I: Produits interchangeables seulement<\/th>\n<\/tr>\n<\/thead>\n<tbody><\/tbody><\/table><\/div>\n<div class=\"table-responsive\"><table  style=\"width:100%; \"  class=\"easy-table easy-table-default \" border=\"0\">\n<thead>\r\n<tr><th >C.-B.<\/th>\n<th >Alb.<\/th>\n<th >Sask.<\/th>\n<th >Man.<\/th>\n<th >Ont.<\/th>\n<th >Qc<\/th>\n<th >N.-B.<\/th>\n<th >\u00ce.-P.-\u00c9.<\/th>\n<th >N.-\u00c9.<\/th>\n<th >T.-N.-L.<\/th>\n<\/tr>\n<\/thead>\n<tbody>\r\n<tr><td style=\"font-weight: normal;\">\u2713<\/td>\n<td >\u2713<\/td>\n<td >\u2713<\/td>\n<td >N\/D<\/td>\n<td >\u2713<\/td>\n<td >\u2713<\/td>\n<td >\u2713<\/td>\n<td >\u2713<\/td>\n<td >\u2713<\/td>\n<td >\u2713<\/td>\n<\/tr>\n<\/tbody><\/table><\/div>[\/vc_column_text][\/vc_column][\/vc_row][vc_row][vc_column width=\u00a0\u00bb1\/1&Prime;][vc_column_text]\n<h4>Description du produit<\/h4>\n<p>L\u2019injection de phosphate sodique de dexam\u00e9thasone, USP est utilis\u00e9 pour soigner diverses maladies comme les troubles endocriniens, les troubles rhumatismaux, es maladies du collag\u00e8ne, les maladies<br \/>\ndermatologiques, les \u00e9tats allergiques, les maladies ophtalmiques, les maladies gastro-intestinales, les maladies respiratoires, les troubles h\u00e9matologiques, les troubles associ\u00e9s \u00e0 une n\u00e9oplasie, le syndrome\u00a0n\u00e9phrotique et l&rsquo;\u0153d\u00e8me c\u00e9r\u00e9bral.[\/vc_column_text][\/vc_column][\/vc_row]\n<\/div>","protected":false},"excerpt":{"rendered":"[vc_row][vc_column width=\u00a0\u00bb2\/3&Prime;][vc_column_text] Phosphate sodique de Dexam\u00e9thasone injectable USP &nbsp; [\/vc_column_text][\/vc_column][vc_column width=\u00a0\u00bb1\/3&Prime;][vc_single_image source=\u00a0\u00bbexternal_link\u00a0\u00bb external_img_size=\u00a0\u00bb179&#215;59&Prime; onclick=\u00a0\u00bbimg_link_large\u00a0\u00bb css=\u00a0\u00bb\u00a0\u00bb custom_src=\u00a0\u00bb\/wp-content\/uploads\/2018\/03\/xDexamethasone.png.pagespeed.ic.zrNF6GzwP4.webp\u00a0\u00bb alignment=\u00a0\u00bbcenter\u00a0\u00bb][vc_column_text] Codes Unitaires [\/vc_column_text][\/vc_column][\/vc_row][vc_row row_bg=\u00a0\u00bbdefault\u00a0\u00bb html_opacity=\u00a0\u00bb1&Prime; video_opacity=\u00a0\u00bb1&Prime; video_quality=\u00a0\u00bbdefault\u00a0\u00bb padding_top=\u00a0\u00bb15&Prime;][vc_column width=\u00a0\u00bb1\/4&Prime;][vc_column_text]Bouchon Sans Latex[\/vc_column_text][\/vc_column][vc_column width=\u00a0\u00bb3\/4&Prime;][vc_column_text] [\/vc_column_text][\/vc_column][\/vc_row][vc_row][vc_column width=\u00a0\u00bb1\/1&Prime;][vc_column_text] Description du produit L\u2019injection de phosphate sodique de dexam\u00e9thasone, USP est utilis\u00e9 pour soigner diverses maladies comme les troubles endocriniens, les troubles rhumatismaux, es [&#8230;]\n","protected":false},"author":1,"featured_media":0,"parent":2692,"menu_order":0,"comment_status":"closed","ping_status":"closed","template":"","meta":{"footnotes":""},"class_list":["post-3313","page","type-page","status-publish","hentry"],"_links":{"self":[{"href":"https:\/\/sterimaxinc.com\/fr\/wp-json\/wp\/v2\/pages\/3313","targetHints":{"allow":["GET"]}}],"collection":[{"href":"https:\/\/sterimaxinc.com\/fr\/wp-json\/wp\/v2\/pages"}],"about":[{"href":"https:\/\/sterimaxinc.com\/fr\/wp-json\/wp\/v2\/types\/page"}],"author":[{"embeddable":true,"href":"https:\/\/sterimaxinc.com\/fr\/wp-json\/wp\/v2\/users\/1"}],"replies":[{"embeddable":true,"href":"https:\/\/sterimaxinc.com\/fr\/wp-json\/wp\/v2\/comments?post=3313"}],"version-history":[{"count":0,"href":"https:\/\/sterimaxinc.com\/fr\/wp-json\/wp\/v2\/pages\/3313\/revisions"}],"up":[{"embeddable":true,"href":"https:\/\/sterimaxinc.com\/fr\/wp-json\/wp\/v2\/pages\/2692"}],"wp:attachment":[{"href":"https:\/\/sterimaxinc.com\/fr\/wp-json\/wp\/v2\/media?parent=3313"}],"curies":[{"name":"wp","href":"https:\/\/api.w.org\/{rel}","templated":true}]}}