{"id":3311,"date":"2024-05-07T22:14:29","date_gmt":"2024-05-07T22:14:29","guid":{"rendered":"https:\/\/sterimaxinc.com\/?page_id=3311"},"modified":"2024-05-10T17:19:25","modified_gmt":"2024-05-10T17:19:25","slug":"cyanocobalamin-injection-30000-mcg","status":"publish","type":"page","link":"https:\/\/sterimaxinc.com\/fr\/products\/injectables\/cyanocobalamin\/cyanocobalamin-injection-30000-mcg\/","title":{"rendered":"Injection de cyanocobalamine USP"},"content":{"rendered":"<div class=\"wpb-content-wrapper\">[vc_row][vc_column width=\u00a0\u00bb2\/3&Prime;][vc_column_text]\n<h1>Injection de cyanocobalamine USP<\/h1>\n<p>&nbsp;<\/p>\n<div class=\"table-responsive\"><table  style=\"width:100%; \"  class=\"easy-table easy-table-default \" border=\"0\">\n<thead>\r\n<tr><th >Nom g\u00e9n\u00e9rique<\/th>\n<th >Injection de cyanocobalamine USP<\/th>\n<\/tr>\n<\/thead>\n<tbody>\r\n<tr><td >DIN<\/td>\n<td >01987003<\/td>\n<\/tr>\n\r\n<tr><td >GTIN<\/td>\n<td >834324001302<\/td>\n<\/tr>\n\r\n<tr><td >Teneur<\/td>\n<td >30 000 mcg \/ 30 mL<\/td>\n<\/tr>\n\r\n<tr><td >Format<\/td>\n<td >Fiole<\/td>\n<\/tr>\n\r\n<tr><td >Pr\u00e9sentation<\/td>\n<td >1<\/td>\n<\/tr>\n\r\n<tr><td >Classe th\u00e9rapeutique<\/td>\n<td >Vitamines<\/td>\n<\/tr>\n\r\n<tr><td >Notice du produit<\/td>\n<td ><a href=\"https:\/\/sterimaxinc.com\/wp-content\/uploads\/2017\/06\/1_17436_Ins-Cyanocobalamin-Sterimax-ENG_FR.pdf\">Cliquez ici<\/a><\/td>\n<\/tr>\n<\/tbody><\/table><\/div>[\/vc_column_text][\/vc_column][vc_column width=\u00a0\u00bb1\/3&Prime;][vc_single_image source=\u00a0\u00bbexternal_link\u00a0\u00bb external_img_size=\u00a0\u00bb179&#215;59&Prime; onclick=\u00a0\u00bbimg_link_large\u00a0\u00bb css=\u00a0\u00bb\u00a0\u00bb custom_src=\u00a0\u00bb\/wp-content\/uploads\/2018\/03\/xcyanoco-30ml.png.pagespeed.ic.iIERzzF6re.webp\u00a0\u00bb  alignment=\u00a0\u00bbcenter\u00a0\u00bb][vc_column_text]\n<h4>Codes Unitaires<\/h4>\n<div class=\"table-responsive\"><table  style=\"width:100%; \"  class=\"easy-table easy-table-default \" border=\"0\">\n<thead>\r\n<tr><th >SteriMax:<\/th>\n<th style=\"font-weight: normal;\">ST-CM121<\/th>\n<\/tr>\n<\/thead>\n<tbody>\r\n<tr><td >McKesson:<\/td>\n<td >081356<\/td>\n<\/tr>\n\r\n<tr><td >McMahon:<\/td>\n<td >60062388<\/td>\n<\/tr>\n\r\n<tr><td >K&amp;F:<\/td>\n<td >157907<\/td>\n<\/tr>\n<\/tbody><\/table><\/div>[\/vc_column_text][\/vc_column][\/vc_row][vc_row row_bg=\u00a0\u00bbdefault\u00a0\u00bb html_opacity=\u00a0\u00bb1&Prime; video_opacity=\u00a0\u00bb1&Prime; video_quality=\u00a0\u00bbdefault\u00a0\u00bb padding_top=\u00a0\u00bb15&Prime;][vc_column width=\u00a0\u00bb1\/4&Prime;][vc_column_text]<img loading=\"lazy\" decoding=\"async\" class=\"alignleft size-full wp-image-3822\" src=\"https:\/\/sterimaxinc.com\/wp-content\/uploads\/2014\/08\/check-mark.png\" alt=\"yes-icon\" width=\"20\" height=\"17\" \/> Bouchon Sans Latex[\/vc_column_text][\/vc_column][vc_column width=\u00a0\u00bb3\/4&Prime;][vc_column_text]<div class=\"table-responsive\"><table  style=\"width:100%; \"  class=\"easy-table easy-table-default \" border=\"0\">\n<thead>\r\n<tr><th >Remboursement par la Liste des m\u00e9dicaments provinciale<\/th>\n<th >\u2713: Produit inscrit<\/th>\n<th >P: En instance<\/th>\n<th >I: Produits interchangeables seulement<\/th>\n<\/tr>\n<\/thead>\n<tbody><\/tbody><\/table><\/div>\n<div class=\"table-responsive\"><table  style=\"width:100%; \"  class=\"easy-table easy-table-default \" border=\"0\">\n<thead>\r\n<tr><th >C.-B.<\/th>\n<th >Alb.<\/th>\n<th >Sask.<\/th>\n<th >Man.<\/th>\n<th >Ont.<\/th>\n<th >Qc<\/th>\n<th >N.-B.<\/th>\n<th >\u00ce.-P.-\u00c9.<\/th>\n<th >N.-\u00c9.<\/th>\n<th >T.-N.-L.<\/th>\n<\/tr>\n<\/thead>\n<tbody>\r\n<tr><td style=\"font-weight: normal;\">\u2713<\/td>\n<td >\u2713<\/td>\n<td >N\/D<\/td>\n<td >\u2713<\/td>\n<td >N\/D<\/td>\n<td >N\/D<\/td>\n<td >\u2713<\/td>\n<td >N\/D<\/td>\n<td >\u2713<\/td>\n<td >N\/D<\/td>\n<\/tr>\n<\/tbody><\/table><\/div>[\/vc_column_text][\/vc_column][\/vc_row][vc_row][vc_column width=\u00a0\u00bb1\/1&Prime;][vc_column_text]\n<h4>Description du produit<\/h4>\n<p>L\u2019injection de cyanocobalamine, USP est indiqu\u00e9 pour traiter et pr\u00e9venir le manque de vitamine B12\u00a0qui peut \u00eatre caus\u00e9 par : une an\u00e9mie pernicieuse (manque de substance naturelle n\u00e9cessaire pour absorber la vitamine B12\u00a0se trouvant dans l\u2019intestin); certaines maladies, infections, ou m\u00e9dicaments qui diminuent la quantit\u00e9 de vitamine B12\u00a0absorb\u00e9e provenant de la nourriture; ou un r\u00e9gime v\u00e9g\u00e9talien ( un r\u00e9gime v\u00e9g\u00e9tarien strict ne permettant pas les produits animaux, y compris les produits laitiers et les \u0153ufs). L\u2019injection de cyanocobalamine peut aussi \u00eatre donn\u00e9e pour savoir le degr\u00e9 d\u2019absorption de la vitamine B12.[\/vc_column_text][\/vc_column][\/vc_row]\n<\/div>","protected":false},"excerpt":{"rendered":"[vc_row][vc_column width=\u00a0\u00bb2\/3&Prime;][vc_column_text] Injection de cyanocobalamine USP &nbsp; [\/vc_column_text][\/vc_column][vc_column width=\u00a0\u00bb1\/3&Prime;][vc_single_image source=\u00a0\u00bbexternal_link\u00a0\u00bb external_img_size=\u00a0\u00bb179&#215;59&Prime; onclick=\u00a0\u00bbimg_link_large\u00a0\u00bb css=\u00a0\u00bb\u00a0\u00bb custom_src=\u00a0\u00bb\/wp-content\/uploads\/2018\/03\/xcyanoco-30ml.png.pagespeed.ic.iIERzzF6re.webp\u00a0\u00bb alignment=\u00a0\u00bbcenter\u00a0\u00bb][vc_column_text] Codes Unitaires [\/vc_column_text][\/vc_column][\/vc_row][vc_row row_bg=\u00a0\u00bbdefault\u00a0\u00bb html_opacity=\u00a0\u00bb1&Prime; video_opacity=\u00a0\u00bb1&Prime; video_quality=\u00a0\u00bbdefault\u00a0\u00bb padding_top=\u00a0\u00bb15&Prime;][vc_column width=\u00a0\u00bb1\/4&Prime;][vc_column_text] Bouchon Sans Latex[\/vc_column_text][\/vc_column][vc_column width=\u00a0\u00bb3\/4&Prime;][vc_column_text] [\/vc_column_text][\/vc_column][\/vc_row][vc_row][vc_column width=\u00a0\u00bb1\/1&Prime;][vc_column_text] Description du produit L\u2019injection de cyanocobalamine, USP est indiqu\u00e9 pour traiter et pr\u00e9venir le manque de vitamine B12\u00a0qui peut \u00eatre caus\u00e9 par : une an\u00e9mie [&#8230;]\n","protected":false},"author":1,"featured_media":0,"parent":3306,"menu_order":0,"comment_status":"closed","ping_status":"closed","template":"","meta":{"footnotes":""},"class_list":["post-3311","page","type-page","status-publish","hentry"],"_links":{"self":[{"href":"https:\/\/sterimaxinc.com\/fr\/wp-json\/wp\/v2\/pages\/3311","targetHints":{"allow":["GET"]}}],"collection":[{"href":"https:\/\/sterimaxinc.com\/fr\/wp-json\/wp\/v2\/pages"}],"about":[{"href":"https:\/\/sterimaxinc.com\/fr\/wp-json\/wp\/v2\/types\/page"}],"author":[{"embeddable":true,"href":"https:\/\/sterimaxinc.com\/fr\/wp-json\/wp\/v2\/users\/1"}],"replies":[{"embeddable":true,"href":"https:\/\/sterimaxinc.com\/fr\/wp-json\/wp\/v2\/comments?post=3311"}],"version-history":[{"count":0,"href":"https:\/\/sterimaxinc.com\/fr\/wp-json\/wp\/v2\/pages\/3311\/revisions"}],"up":[{"embeddable":true,"href":"https:\/\/sterimaxinc.com\/fr\/wp-json\/wp\/v2\/pages\/3306"}],"wp:attachment":[{"href":"https:\/\/sterimaxinc.com\/fr\/wp-json\/wp\/v2\/media?parent=3311"}],"curies":[{"name":"wp","href":"https:\/\/api.w.org\/{rel}","templated":true}]}}