{"id":3303,"date":"2024-05-07T22:10:11","date_gmt":"2024-05-07T22:10:11","guid":{"rendered":"https:\/\/sterimaxinc.com\/?page_id=3303"},"modified":"2024-05-10T17:16:57","modified_gmt":"2024-05-10T17:16:57","slug":"colistimethate","status":"publish","type":"page","link":"https:\/\/sterimaxinc.com\/fr\/products\/injectables\/colistimethate\/","title":{"rendered":"Colistim\u00e9thate pour injection USP"},"content":{"rendered":"<div class=\"wpb-content-wrapper\">[vc_row][vc_column width=\u00a0\u00bb2\/3&Prime;][vc_column_text]\n<h1>Colistim\u00e9thate pour injection USP<\/h1>\n<p>&nbsp;<\/p>\n<div class=\"table-responsive\"><table  style=\"width:100%; \"  class=\"easy-table easy-table-default \" border=\"0\">\n<thead>\r\n<tr><th >Nom g\u00e9n\u00e9rique<\/th>\n<th >Colistim\u00e9thate pour injection USP<\/th>\n<\/tr>\n<\/thead>\n<tbody>\r\n<tr><td >Marque de <span style=\"color: #444444;\">r\u00e9f\u00e9rence<\/span><\/td>\n<td >Coly-mycin M\u00ae<\/td>\n<\/tr>\n\r\n<tr><td >DIN<\/td>\n<td >02244849<\/td>\n<\/tr>\n\r\n<tr><td >GTIN<\/td>\n<td >834324000022<\/td>\n<\/tr>\n\r\n<tr><td >Teneur<\/td>\n<td >150 mg<\/td>\n<\/tr>\n\r\n<tr><td >Format<\/td>\n<td >Fiole<\/td>\n<\/tr>\n\r\n<tr><td >Pr\u00e9sentation<\/td>\n<td >1<\/td>\n<\/tr>\n\r\n<tr><td >Classe th\u00e9rapeutique<\/td>\n<td >Antibiotique<\/td>\n<\/tr>\n\r\n<tr><td >Notice du produit<\/td>\n<td ><a href=\"https:\/\/sterimaxinc.com\/wp-content\/uploads\/2016\/03\/II00200.04-French-Colistimethate-Insert1.pdf\" target=\"_blank\" rel=\"noopener noreferrer\">Cliquez ici<\/a><\/td>\n<\/tr>\n\r\n<tr><td >Monographie du produit<\/td>\n<td ><a href=\"https:\/\/sterimaxinc.com\/wp-content\/uploads\/2018\/12\/Colistim\u00e9thate-pour-injection-USP-PM.pdf\" target=\"_blank\" rel=\"noopener noreferrer\">Cliquez ici<\/a><\/td>\n<\/tr>\n<\/tbody><\/table><\/div>[\/vc_column_text][\/vc_column][vc_column width=\u00a0\u00bb1\/3&Prime;][vc_single_image source=\u00a0\u00bbexternal_link\u00a0\u00bb external_img_size=\u00a0\u00bb179&#215;59&Prime; onclick=\u00a0\u00bbimg_link_large\u00a0\u00bb css=\u00a0\u00bb\u00a0\u00bb custom_src=\u00a0\u00bb\/wp-content\/uploads\/2014\/09\/xcolistimethate-500mg-300&#215;300.png.pagespeed.ic.vX3bmo3Sr3.webp\u00a0\u00bb  alignment=\u00a0\u00bbcenter\u00a0\u00bb][vc_column_text]\n<h5>Codes Unitaires<\/h5>\n<div class=\"table-responsive\"><table  style=\"width:100%; \"  class=\"easy-table easy-table-default \" border=\"0\">\n<thead>\r\n<tr><th >SteriMax :<\/th>\n<th style=\"font-weight: normal;\">ST-00200<\/th>\n<\/tr>\n<\/thead>\n<tbody>\r\n<tr><td >McKesson :<\/td>\n<td style=\"font-weight: normal;\">646794<\/td>\n<\/tr>\n\r\n<tr><td >K&amp;F :<\/td>\n<td >29365<\/td>\n<\/tr>\n\r\n<tr><td >Jean Coutu :<\/td>\n<td >753509<\/td>\n<\/tr>\n\r\n<tr><td >McMahon :<\/td>\n<td >10059233<\/td>\n<\/tr>\n\r\n<tr><td >Familiprix :<\/td>\n<td >267666<\/td>\n<\/tr>\n\r\n<tr><td >SDM :<\/td>\n<td >834324000022<\/td>\n<\/tr>\n\r\n<tr><td >Unipharm :<\/td>\n<td >00581017<\/td>\n<\/tr>\n<\/tbody><\/table><\/div>[\/vc_column_text][\/vc_column][\/vc_row][vc_row row_bg=\u00a0\u00bbdefault\u00a0\u00bb html_opacity=\u00a0\u00bb1&Prime; video_opacity=\u00a0\u00bb1&Prime; video_quality=\u00a0\u00bbdefault\u00a0\u00bb padding_top=\u00a0\u00bb15&Prime;][vc_column width=\u00a0\u00bb1\/4&Prime;][vc_column_text]<img loading=\"lazy\" decoding=\"async\" class=\"alignleft size-full wp-image-3825\" src=\"https:\/\/sterimaxinc.com\/wp-content\/uploads\/2014\/09\/yes-icon2.png\" alt=\"yes-icon\" width=\"20\" height=\"17\" \/>\u00a0Bouchon Sans Latex<\/p>\n<p><img loading=\"lazy\" decoding=\"async\" class=\"alignleft size-full wp-image-3822\" src=\"https:\/\/sterimaxinc.com\/wp-content\/uploads\/2014\/09\/yes-icon1.png\" alt=\"yes-icon\" width=\"20\" height=\"17\" \/>Sans agent de conservation[\/vc_column_text][\/vc_column][vc_column width=\u00a0\u00bb3\/4&Prime;][vc_column_text]<div class=\"table-responsive\"><table  style=\"width:100%; \"  class=\"easy-table easy-table-default \" border=\"0\">\n<thead>\r\n<tr><th >Remboursement par la Liste des m\u00e9dicaments provinciale<\/th>\n<th >\u2713: Produit inscrit<\/th>\n<th >P: En instance<\/th>\n<th >I: Produits interchangeables seulement<\/th>\n<\/tr>\n<\/thead>\n<tbody><\/tbody><\/table><\/div>\n<div class=\"table-responsive\"><table  style=\"width:100%; \"  class=\"easy-table easy-table-default \" border=\"0\">\n<thead>\r\n<tr><th >C.-B.<\/th>\n<th >Alb.<\/th>\n<th >Sask.<\/th>\n<th >Man.<\/th>\n<th >Ont.<\/th>\n<th >Qc<\/th>\n<th >N.-B.<\/th>\n<th >\u00ce.-P.-\u00c9.<\/th>\n<th >N.-\u00c9.<\/th>\n<th >T.-N.-L.<\/th>\n<\/tr>\n<\/thead>\n<tbody>\r\n<tr><td style=\"font-weight: normal;\">\u2713<\/td>\n<td >\u2713<\/td>\n<td >N\/D<\/td>\n<td >N\/D<\/td>\n<td >N\/D<\/td>\n<td >\u2713<\/td>\n<td >\u2713<\/td>\n<td >N\/D<\/td>\n<td >N\/D<\/td>\n<td >N\/D<\/td>\n<\/tr>\n<\/tbody><\/table><\/div>[\/vc_column_text][\/vc_column][\/vc_row][vc_row][vc_column width=\u00a0\u00bb1\/1&Prime;][vc_column_text]\n<h4>Description du produit<\/h4>\n<p>L&rsquo;usage de Colistim\u00e9thate pour injection USP est \u00e0 envisager pour le traitement des infections graves et aigu\u00ebs ou r\u00e9sitantes et chroniques caus\u00e9es par les souches sensibles de colistine des bacilles gram-n\u00e9gatifs pathog\u00e8nes.\u00a0 On l&rsquo;indique notamment pour les infections caus\u00e9es par les souches sensibles de <span class=\"font6\">Pseudomonas aeruginosa.<\/span><span class=\"font5\"> Colistim\u00e9thate pour injection USP s&rsquo;est av\u00e9r\u00e9 efficace sur le plan clinique pour le traitement de certaines infections caus\u00e9es par les micro-organismes gram-n\u00e9gatifs suivants : <\/span><span class=\"font6\">Aerobacter aerogenes, Escherichia coli, Klebsiella pneumoniae<\/span><span class=\"font5\">et<\/span><span class=\"font6\"> Pseudomonas aeruginosa. <\/span><span class=\"font5\">Cet agent antibiotique n&rsquo;est pas indiqu\u00e9 pour les infections caus\u00e9es par <\/span><span class=\"font6\">Proteus <\/span><span class=\"font5\">ou <\/span><span class=\"font6\">Neisseria.<\/span>[\/vc_column_text][\/vc_column][\/vc_row]\n<\/div>","protected":false},"excerpt":{"rendered":"[vc_row][vc_column width=\u00a0\u00bb2\/3&Prime;][vc_column_text] Colistim\u00e9thate pour injection USP &nbsp; [\/vc_column_text][\/vc_column][vc_column width=\u00a0\u00bb1\/3&Prime;][vc_single_image source=\u00a0\u00bbexternal_link\u00a0\u00bb external_img_size=\u00a0\u00bb179&#215;59&Prime; onclick=\u00a0\u00bbimg_link_large\u00a0\u00bb css=\u00a0\u00bb\u00a0\u00bb custom_src=\u00a0\u00bb\/wp-content\/uploads\/2014\/09\/xcolistimethate-500mg-300&#215;300.png.pagespeed.ic.vX3bmo3Sr3.webp\u00a0\u00bb alignment=\u00a0\u00bbcenter\u00a0\u00bb][vc_column_text] Codes Unitaires [\/vc_column_text][\/vc_column][\/vc_row][vc_row row_bg=\u00a0\u00bbdefault\u00a0\u00bb html_opacity=\u00a0\u00bb1&Prime; video_opacity=\u00a0\u00bb1&Prime; video_quality=\u00a0\u00bbdefault\u00a0\u00bb padding_top=\u00a0\u00bb15&Prime;][vc_column width=\u00a0\u00bb1\/4&Prime;][vc_column_text]\u00a0Bouchon Sans Latex Sans agent de conservation[\/vc_column_text][\/vc_column][vc_column width=\u00a0\u00bb3\/4&Prime;][vc_column_text] [\/vc_column_text][\/vc_column][\/vc_row][vc_row][vc_column width=\u00a0\u00bb1\/1&Prime;][vc_column_text] Description du produit L&rsquo;usage de Colistim\u00e9thate pour injection USP est \u00e0 envisager pour le traitement des infections graves et aigu\u00ebs ou r\u00e9sitantes [&#8230;]\n","protected":false},"author":1,"featured_media":0,"parent":2692,"menu_order":0,"comment_status":"closed","ping_status":"closed","template":"","meta":{"footnotes":""},"class_list":["post-3303","page","type-page","status-publish","hentry"],"_links":{"self":[{"href":"https:\/\/sterimaxinc.com\/fr\/wp-json\/wp\/v2\/pages\/3303","targetHints":{"allow":["GET"]}}],"collection":[{"href":"https:\/\/sterimaxinc.com\/fr\/wp-json\/wp\/v2\/pages"}],"about":[{"href":"https:\/\/sterimaxinc.com\/fr\/wp-json\/wp\/v2\/types\/page"}],"author":[{"embeddable":true,"href":"https:\/\/sterimaxinc.com\/fr\/wp-json\/wp\/v2\/users\/1"}],"replies":[{"embeddable":true,"href":"https:\/\/sterimaxinc.com\/fr\/wp-json\/wp\/v2\/comments?post=3303"}],"version-history":[{"count":0,"href":"https:\/\/sterimaxinc.com\/fr\/wp-json\/wp\/v2\/pages\/3303\/revisions"}],"up":[{"embeddable":true,"href":"https:\/\/sterimaxinc.com\/fr\/wp-json\/wp\/v2\/pages\/2692"}],"wp:attachment":[{"href":"https:\/\/sterimaxinc.com\/fr\/wp-json\/wp\/v2\/media?parent=3303"}],"curies":[{"name":"wp","href":"https:\/\/api.w.org\/{rel}","templated":true}]}}