{"id":3290,"date":"2024-05-07T21:55:32","date_gmt":"2024-05-07T21:55:32","guid":{"rendered":"https:\/\/sterimaxinc.com\/?page_id=3290"},"modified":"2024-05-15T19:44:17","modified_gmt":"2024-05-15T19:44:17","slug":"ceftriaxone-sodium-10g","status":"publish","type":"page","link":"https:\/\/sterimaxinc.com\/fr\/products\/injectables\/ceftriaxone-sodium-for-injection\/ceftriaxone-sodium-10g\/","title":{"rendered":"cefTRIAXone sodique pour injection BP (10 g)"},"content":{"rendered":"<div class=\"wpb-content-wrapper\">[vc_row][vc_column width=\u00a0\u00bb2\/3&Prime;][vc_column_text]\n<h1>cefTRIAXone sodique pour injection BP<\/h1>\n<p>&nbsp;<\/p>\n<div class=\"table-responsive\"><table  style=\"width:100%; \"  class=\"easy-table easy-table-default \" border=\"0\">\n<thead>\r\n<tr><th >Nom g\u00e9n\u00e9rique<\/th>\n<th >cefTRIAXone sodique pour injection BP<\/th>\n<\/tr>\n<\/thead>\n<tbody>\r\n<tr><td >Marque de <span style=\"color: #444444;\">r\u00e9f\u00e9rence<\/span><\/td>\n<td >Rocephin\u00ae<\/td>\n<\/tr>\n\r\n<tr><td >DIN<\/td>\n<td >02325632<\/td>\n<\/tr>\n\r\n<tr><td >GTIN<\/td>\n<td ><span style=\"font-weight: 400;\">834324001838<\/span><\/td>\n<\/tr>\n\r\n<tr><td >Teneur<\/td>\n<td >10 g<\/td>\n<\/tr>\n\r\n<tr><td >Format<\/td>\n<td >Fiole<\/td>\n<\/tr>\n\r\n<tr><td >Pr\u00e9sentation<\/td>\n<td >1<\/td>\n<\/tr>\n\r\n<tr><td >Classe th\u00e9rapeutique<\/td>\n<td >Antibiotique<\/td>\n<\/tr>\n\r\n<tr><td >Notice du produit<\/td>\n<td ><a href=\"\/wp-content\/uploads\/2014\/12\/ceftriaxone-insert.pdf\">Cliquez ici<\/a><\/td>\n<\/tr>\n\r\n<tr><td >Monographie du produit<\/td>\n<td ><a href=\"https:\/\/sterimaxinc.com\/wp-content\/uploads\/2019\/06\/Ceftriaxone-PM-Fr.pdf\">Cliquez ici<\/a><\/td>\n<\/tr>\n<\/tbody><\/table><\/div>[\/vc_column_text][\/vc_column][vc_column width=\u00a0\u00bb1\/3&Prime;][vc_single_image source=\u00a0\u00bbexternal_link\u00a0\u00bb external_img_size=\u00a0\u00bb179&#215;200&Prime; onclick=\u00a0\u00bbimg_link_large\u00a0\u00bb css=\u00a0\u00bb\u00a0\u00bb custom_src=\u00a0\u00bb\/wp-content\/uploads\/2024\/05\/38-DSC_1825-cefTRIAXone-10g-a.jpg\u00a0\u00bb  alignment=\u00a0\u00bbcenter\u00a0\u00bb][vc_column_text]\n<h5>Codes Unitaires<\/h5>\n<div class=\"table-responsive\"><table  style=\"width:100%; \"  class=\"easy-table easy-table-default \" border=\"0\">\n<thead>\r\n<tr><th >SteriMax :<\/th>\n<th style=\"font-weight: normal;\">ST-AA511<\/th>\n<\/tr>\n<\/thead>\n<tbody>\r\n<tr><td >McKesson :<\/td>\n<td style=\"font-weight: normal;\">005506<\/td>\n<\/tr>\n\r\n<tr><td >Jean Coutu :<\/td>\n<td >757275<\/td>\n<\/tr>\n\r\n<tr><td >K&amp;F\u00a0:<\/td>\n<td >130973<\/td>\n<\/tr>\n\r\n<tr><td >McMahon :<\/td>\n<td >10090415<\/td>\n<\/tr>\n\r\n<tr><td >Familiprix :<\/td>\n<td >031224<\/td>\n<\/tr>\n\r\n<tr><td >SDM:<\/td>\n<td >834324001838<\/td>\n<\/tr>\n<\/tbody><\/table><\/div>[\/vc_column_text][\/vc_column][\/vc_row][vc_row row_bg=\u00a0\u00bbdefault\u00a0\u00bb html_opacity=\u00a0\u00bb1&Prime; video_opacity=\u00a0\u00bb1&Prime; video_quality=\u00a0\u00bbdefault\u00a0\u00bb padding_top=\u00a0\u00bb15&Prime;][vc_column width=\u00a0\u00bb1\/4&Prime;][vc_column_text]<img loading=\"lazy\" decoding=\"async\" class=\"alignleft size-full wp-image-3825\" src=\"https:\/\/sterimaxinc.com\/wp-content\/uploads\/2014\/09\/yes-icon2.png\" alt=\"yes-icon\" width=\"20\" height=\"17\" \/>\u00a0Bouchon Sans Latex<\/p>\n<p><img loading=\"lazy\" decoding=\"async\" class=\"alignleft size-full wp-image-3822\" src=\"https:\/\/sterimaxinc.com\/wp-content\/uploads\/2014\/09\/yes-icon1.png\" alt=\"yes-icon\" width=\"20\" height=\"17\" \/>Sans agent de conservation[\/vc_column_text][\/vc_column][vc_column width=\u00a0\u00bb3\/4&Prime;][vc_column_text]<div class=\"table-responsive\"><table  style=\"width:100%; \"  class=\"easy-table easy-table-default \" border=\"0\">\n<thead>\r\n<tr><th >Remboursement par la Liste des m\u00e9dicaments provinciale<\/th>\n<th >\u2713: Produit inscrit<\/th>\n<th >P: En instance<\/th>\n<th >I: Produits interchangeables seulement<\/th>\n<\/tr>\n<\/thead>\n<tbody><\/tbody><\/table><\/div>\n<div class=\"table-responsive\"><table  style=\"width:100%; \"  class=\"easy-table easy-table-default \" border=\"0\">\n<thead>\r\n<tr><th >C.-B.<\/th>\n<th >Alb.<\/th>\n<th >Sask.<\/th>\n<th >Man.<\/th>\n<th >Ont.<\/th>\n<th >Qc<\/th>\n<th >N.-B.<\/th>\n<th >\u00ce.-P.-\u00c9.<\/th>\n<th >N.-\u00c9.<\/th>\n<th >T.-N.-L.<\/th>\n<\/tr>\n<\/thead>\n<tbody>\r\n<tr><td style=\"font-weight: normal;\">N\/D<\/td>\n<td >\u2713<\/td>\n<td >N\/D<\/td>\n<td >N\/D<\/td>\n<td >I<\/td>\n<td >\u2713<\/td>\n<td >N\/D<\/td>\n<td >I<\/td>\n<td >I<\/td>\n<td >N\/D<\/td>\n<\/tr>\n<\/tbody><\/table><\/div>[\/vc_column_text][\/vc_column][\/vc_row][vc_row][vc_column width=\u00a0\u00bb1\/1&Prime;][vc_column_text]\n<h4>Product Description<\/h4>\n<p>L\u2019emploi de Ceftriaxone sodique pour injection BP est indiqu\u00e9 est indiqu\u00e9 pour le traitement des infections suivantes lorsque celles-ci sont caus\u00e9es par des souches sensibles des germes \u00e9num\u00e9r\u00e9s :<br \/>\n\u2022 Infections des voies respiratoires inf\u00e9rieures<br \/>\n\u2022 Infections urinaires<br \/>\n\u2022 Septic\u00e9mie bact\u00e9rienne<br \/>\n\u2022 Infections de la peau et des structures cutan\u00e9es caus\u00e9es<br \/>\n\u2022 Infections osseuses et articulaires<br \/>\n\u2022 Infections intra-abdominales<br \/>\n\u2022 M\u00e9ningite<br \/>\n\u2022 Gonorrh\u00e9e sans complications<br \/>\n\u2022 Prophylaxie pour les infections postop\u00e9ratoires chez les malades subissant une hyst\u00e9rectomie abdominale ou vaginale ou un pontage coronaire et chez les patients \u00e0 risque d\u2019infection subissant une chirurgie biliaire.<\/p>\n[\/vc_column_text][\/vc_column][\/vc_row]\n<\/div>","protected":false},"excerpt":{"rendered":"[vc_row][vc_column width=\u00a0\u00bb2\/3&Prime;][vc_column_text] cefTRIAXone sodique pour injection BP &nbsp; [\/vc_column_text][\/vc_column][vc_column width=\u00a0\u00bb1\/3&Prime;][vc_single_image source=\u00a0\u00bbexternal_link\u00a0\u00bb external_img_size=\u00a0\u00bb179&#215;200&Prime; onclick=\u00a0\u00bbimg_link_large\u00a0\u00bb css=\u00a0\u00bb\u00a0\u00bb custom_src=\u00a0\u00bb\/wp-content\/uploads\/2024\/05\/38-DSC_1825-cefTRIAXone-10g-a.jpg\u00a0\u00bb alignment=\u00a0\u00bbcenter\u00a0\u00bb][vc_column_text] Codes Unitaires [\/vc_column_text][\/vc_column][\/vc_row][vc_row row_bg=\u00a0\u00bbdefault\u00a0\u00bb html_opacity=\u00a0\u00bb1&Prime; video_opacity=\u00a0\u00bb1&Prime; video_quality=\u00a0\u00bbdefault\u00a0\u00bb padding_top=\u00a0\u00bb15&Prime;][vc_column width=\u00a0\u00bb1\/4&Prime;][vc_column_text]\u00a0Bouchon Sans Latex Sans agent de conservation[\/vc_column_text][\/vc_column][vc_column width=\u00a0\u00bb3\/4&Prime;][vc_column_text] [\/vc_column_text][\/vc_column][\/vc_row][vc_row][vc_column width=\u00a0\u00bb1\/1&Prime;][vc_column_text] Product Description L\u2019emploi de Ceftriaxone sodique pour injection BP est indiqu\u00e9 est indiqu\u00e9 pour le traitement des infections suivantes lorsque celles-ci [&#8230;]\n","protected":false},"author":1,"featured_media":0,"parent":3282,"menu_order":0,"comment_status":"closed","ping_status":"closed","template":"","meta":{"footnotes":""},"class_list":["post-3290","page","type-page","status-publish","hentry"],"_links":{"self":[{"href":"https:\/\/sterimaxinc.com\/fr\/wp-json\/wp\/v2\/pages\/3290","targetHints":{"allow":["GET"]}}],"collection":[{"href":"https:\/\/sterimaxinc.com\/fr\/wp-json\/wp\/v2\/pages"}],"about":[{"href":"https:\/\/sterimaxinc.com\/fr\/wp-json\/wp\/v2\/types\/page"}],"author":[{"embeddable":true,"href":"https:\/\/sterimaxinc.com\/fr\/wp-json\/wp\/v2\/users\/1"}],"replies":[{"embeddable":true,"href":"https:\/\/sterimaxinc.com\/fr\/wp-json\/wp\/v2\/comments?post=3290"}],"version-history":[{"count":0,"href":"https:\/\/sterimaxinc.com\/fr\/wp-json\/wp\/v2\/pages\/3290\/revisions"}],"up":[{"embeddable":true,"href":"https:\/\/sterimaxinc.com\/fr\/wp-json\/wp\/v2\/pages\/3282"}],"wp:attachment":[{"href":"https:\/\/sterimaxinc.com\/fr\/wp-json\/wp\/v2\/media?parent=3290"}],"curies":[{"name":"wp","href":"https:\/\/api.w.org\/{rel}","templated":true}]}}