{"id":3271,"date":"2024-05-07T21:07:57","date_gmt":"2024-05-07T21:07:57","guid":{"rendered":"https:\/\/sterimaxinc.com\/?page_id=3271"},"modified":"2024-05-10T16:57:06","modified_gmt":"2024-05-10T16:57:06","slug":"cefotaxime-sodique-pour-injection-bp-2-g","status":"publish","type":"page","link":"https:\/\/sterimaxinc.com\/fr\/products\/injectables\/cefotaxime-pour-injection\/cefotaxime-sodique-pour-injection-bp-2-g\/","title":{"rendered":"c\u00e9foTAXime sodique pour injection BP (2 g)"},"content":{"rendered":"<div class=\"wpb-content-wrapper\">[vc_row][vc_column width=\u00a0\u00bb2\/3&Prime;][vc_column_text]\n<h1>c\u00e9foTAXime sodique pour injection BP<\/h1>\n<div class=\"table-responsive\"><table  style=\"width:100%; \"  class=\"easy-table easy-table-default \" border=\"0\">\n<thead>\r\n<tr><th >Nom g\u00e9n\u00e9rique<\/th>\n<th >c\u00e9foTAXime sodique pour injection BP<\/th>\n<\/tr>\n<\/thead>\n<tbody>\r\n<tr><td >Marque de\u00a0<span style=\"color: #444444;\">r\u00e9f\u00e9rence<\/span><\/td>\n<td >Claforan<\/td>\n<\/tr>\n\r\n<tr><td >DIN<\/td>\n<td >02434105<\/td>\n<\/tr>\n\r\n<tr><td >GTIN<\/td>\n<td >834324000671<\/td>\n<\/tr>\n\r\n<tr><td >Teneur<\/td>\n<td > 2 g<\/td>\n<\/tr>\n\r\n<tr><td >Format<\/td>\n<td >Fiole<\/td>\n<\/tr>\n\r\n<tr><td >Pr\u00e9sentation<\/td>\n<td >10<\/td>\n<\/tr>\n\r\n<tr><td >Classe th\u00e9rapeutique<\/td>\n<td >Antibiotique \u03b2-lactamine<\/td>\n<\/tr>\n\r\n<tr><td >Notice du produit<\/td>\n<td ><a href=\"https:\/\/sterimaxinc.com\/wp-content\/uploads\/2018\/08\/IIBQ000.01-Cefotaxime-insert.pdf\">Cliquez ici<\/a><\/td>\n<\/tr>\n\r\n<tr><td >Monographie du produit<\/td>\n<td ><a href=\"https:\/\/sterimaxinc.com\/wp-content\/uploads\/2019\/01\/French-PM-Cefotaxime-Dec-05-2018.pdf\">Cliquez ici<\/a><\/td>\n<\/tr>\n<\/tbody><\/table><\/div>[\/vc_column_text][\/vc_column][vc_column width=\u00a0\u00bb1\/3&Prime;][vc_single_image source=\u00a0\u00bbexternal_link\u00a0\u00bb external_img_size=\u00a0\u00bb179&#215;59&Prime; onclick=\u00a0\u00bbimg_link_large\u00a0\u00bb css=\u00a0\u00bb\u00a0\u00bb custom_src=\u00a0\u00bb\/wp-content\/uploads\/2015\/04\/xcefotaxime-2g.png.pagespeed.ic.9d8wTd01e5.webp\u00a0\u00bb  alignment=\u00a0\u00bbcenter\u00a0\u00bb][vc_column_text]\n<h4>Codes Unitaires<\/h4>\n<div class=\"table-responsive\"><table  style=\"width:100%; \"  class=\"easy-table easy-table-default \" border=\"0\">\n<thead>\r\n<tr><th >SteriMax :<\/th>\n<th style=\"font-weight: normal;\">ST-BQ312<\/th>\n<\/tr>\n<\/thead>\n<tbody>\r\n<tr><td >McKesson :<\/td>\n<td >078939<\/td>\n<\/tr>\n\r\n<tr><td >McMahon:<\/td>\n<td >10088995<\/td>\n<\/tr>\n\r\n<tr><td >Jean Coutu:<\/td>\n<td >759530<\/td>\n<\/tr>\n\r\n<tr><td >Familiprix:<\/td>\n<td >084391<\/td>\n<\/tr>\n<\/tbody><\/table><\/div>[\/vc_column_text][\/vc_column][\/vc_row][vc_row row_bg=\u00a0\u00bbdefault\u00a0\u00bb html_opacity=\u00a0\u00bb1&Prime; video_opacity=\u00a0\u00bb1&Prime; video_quality=\u00a0\u00bbdefault\u00a0\u00bb padding_top=\u00a0\u00bb15&Prime;][vc_column width=\u00a0\u00bb1\/4&Prime;][vc_column_text]<img loading=\"lazy\" decoding=\"async\" class=\"alignleft size-full wp-image-3825\" src=\"https:\/\/sterimaxinc.com\/wp-content\/uploads\/2014\/09\/yes-icon2.png\" alt=\"yes-icon\" width=\"20\" height=\"17\" \/>\u00a0Bouchon Sans Latex<\/p>\n<p><img loading=\"lazy\" decoding=\"async\" class=\"alignleft size-full wp-image-3822\" src=\"https:\/\/sterimaxinc.com\/wp-content\/uploads\/2014\/09\/yes-icon1.png\" alt=\"yes-icon\" width=\"20\" height=\"17\" \/>Sans agent de conservation[\/vc_column_text][\/vc_column][vc_column width=\u00a0\u00bb3\/4&Prime;][vc_column_text]<div class=\"table-responsive\"><table  style=\"width:100%; \"  class=\"easy-table easy-table-default \" border=\"0\">\n<thead>\r\n<tr><th >Remboursement par la Liste des m\u00e9dicaments provinciale<\/th>\n<th >\u2713: Produit inscrit<\/th>\n<th >P: En instance<\/th>\n<th >I: Produits interchangeables seulement<\/th>\n<\/tr>\n<\/thead>\n<tbody><\/tbody><\/table><\/div>\n<div class=\"table-responsive\"><table  style=\"width:100%; \"  class=\"easy-table easy-table-default \" border=\"0\">\n<thead>\r\n<tr><th >C.-B.<\/th>\n<th >Alb.<\/th>\n<th >Sask.<\/th>\n<th >Man.<\/th>\n<th >Ont.<\/th>\n<th >Qc<\/th>\n<th >N.-B.<\/th>\n<th ><span style=\"color: #222222;\">\u00ce.-P.-\u00c9.<\/span><\/th>\n<th ><span style=\"color: #222222;\">N.-\u00c9.<\/span><\/th>\n<th ><span style=\"color: #222222;\">T.-N.-L.<\/span><\/th>\n<\/tr>\n<\/thead>\n<tbody>\r\n<tr><td style=\"font-weight: normal;\">\u2713<\/td>\n<td >\u2713<\/td>\n<td >N\/D<\/td>\n<td >N\/D<\/td>\n<td >N\/D<\/td>\n<td >\u2713<\/td>\n<td >\u2713<\/td>\n<td >N\/D<\/td>\n<td >I<\/td>\n<td >\u2713<\/td>\n<\/tr>\n<\/tbody><\/table><\/div>[\/vc_column_text][\/vc_column][\/vc_row][vc_row][vc_column width=\u00a0\u00bb1\/1&Prime;][vc_column_text]\n<h4>Description du produit<\/h4>\n<p class=\"p1\">L\u2019emploi de c\u00e9foTAXime sodique pour injection BP (c\u00e9fotaxime sodique) peut \u00eatre indiqu\u00e9 pour le traitement des infections caus\u00e9es par des souches sensibles de micro-organismes* d\u00e9sign\u00e9s pr\u00e9sents dans les maladies<br \/>\nsuivantes :<br \/>\n\u2022 Infections des voies respiratoires inf\u00e9rieures<br \/>\n\u2022 Infections des voies urinaires<br \/>\n\u2022 Bact\u00e9ri\u00e9mie \/ septic\u00e9mie<br \/>\n\u2022 Infections de la peau<br \/>\n\u2022 Infections intra-abdominales<br \/>\n\u2022 Infections gyn\u00e9cologiques<br \/>\n\u2022 Infections du syst\u00e8me nerveux<br \/>\n*Veuillez vous reporter \u00e0 la monographie du produit pour plus de renseignements sur les micro-organismes correspondant \u00e0 chaque indication.<\/p>\n[\/vc_column_text][\/vc_column][\/vc_row]\n<\/div>","protected":false},"excerpt":{"rendered":"[vc_row][vc_column width=\u00a0\u00bb2\/3&Prime;][vc_column_text] c\u00e9foTAXime sodique pour injection BP [\/vc_column_text][\/vc_column][vc_column width=\u00a0\u00bb1\/3&Prime;][vc_single_image source=\u00a0\u00bbexternal_link\u00a0\u00bb external_img_size=\u00a0\u00bb179&#215;59&Prime; onclick=\u00a0\u00bbimg_link_large\u00a0\u00bb css=\u00a0\u00bb\u00a0\u00bb custom_src=\u00a0\u00bb\/wp-content\/uploads\/2015\/04\/xcefotaxime-2g.png.pagespeed.ic.9d8wTd01e5.webp\u00a0\u00bb alignment=\u00a0\u00bbcenter\u00a0\u00bb][vc_column_text] Codes Unitaires [\/vc_column_text][\/vc_column][\/vc_row][vc_row row_bg=\u00a0\u00bbdefault\u00a0\u00bb html_opacity=\u00a0\u00bb1&Prime; video_opacity=\u00a0\u00bb1&Prime; video_quality=\u00a0\u00bbdefault\u00a0\u00bb padding_top=\u00a0\u00bb15&Prime;][vc_column width=\u00a0\u00bb1\/4&Prime;][vc_column_text]\u00a0Bouchon Sans Latex Sans agent de conservation[\/vc_column_text][\/vc_column][vc_column width=\u00a0\u00bb3\/4&Prime;][vc_column_text] [\/vc_column_text][\/vc_column][\/vc_row][vc_row][vc_column width=\u00a0\u00bb1\/1&Prime;][vc_column_text] Description du produit L\u2019emploi de c\u00e9foTAXime sodique pour injection BP (c\u00e9fotaxime sodique) peut \u00eatre indiqu\u00e9 pour le traitement des infections caus\u00e9es par [&#8230;]\n","protected":false},"author":1,"featured_media":0,"parent":3267,"menu_order":0,"comment_status":"closed","ping_status":"closed","template":"","meta":{"footnotes":""},"class_list":["post-3271","page","type-page","status-publish","hentry"],"_links":{"self":[{"href":"https:\/\/sterimaxinc.com\/fr\/wp-json\/wp\/v2\/pages\/3271","targetHints":{"allow":["GET"]}}],"collection":[{"href":"https:\/\/sterimaxinc.com\/fr\/wp-json\/wp\/v2\/pages"}],"about":[{"href":"https:\/\/sterimaxinc.com\/fr\/wp-json\/wp\/v2\/types\/page"}],"author":[{"embeddable":true,"href":"https:\/\/sterimaxinc.com\/fr\/wp-json\/wp\/v2\/users\/1"}],"replies":[{"embeddable":true,"href":"https:\/\/sterimaxinc.com\/fr\/wp-json\/wp\/v2\/comments?post=3271"}],"version-history":[{"count":0,"href":"https:\/\/sterimaxinc.com\/fr\/wp-json\/wp\/v2\/pages\/3271\/revisions"}],"up":[{"embeddable":true,"href":"https:\/\/sterimaxinc.com\/fr\/wp-json\/wp\/v2\/pages\/3267"}],"wp:attachment":[{"href":"https:\/\/sterimaxinc.com\/fr\/wp-json\/wp\/v2\/media?parent=3271"}],"curies":[{"name":"wp","href":"https:\/\/api.w.org\/{rel}","templated":true}]}}