{"id":3244,"date":"2024-05-07T16:59:20","date_gmt":"2024-05-07T16:59:20","guid":{"rendered":"https:\/\/sterimaxinc.com\/?page_id=3244"},"modified":"2024-05-10T16:44:54","modified_gmt":"2024-05-10T16:44:54","slug":"bupivacaine-injectable-bp-0-5-5-mgml-10-ml","status":"publish","type":"page","link":"https:\/\/sterimaxinc.com\/fr\/products\/injectables\/bupivacaine-injectable-bp\/bupivacaine-injectable-bp-0-5-5-mgml-10-ml\/","title":{"rendered":"Bupivaca\u00efne injectable BP 0,5% (5 mg \/ mL) 10 mL"},"content":{"rendered":"<div class=\"wpb-content-wrapper\">[vc_row][vc_column width=\u00a0\u00bb2\/3&Prime;][vc_column_text]\n<h1>Bupivaca\u00efne injectable BP<\/h1>\n<p>&nbsp;<\/p>\n<div class=\"table-responsive\"><table  style=\"width:100%; \"  class=\"easy-table easy-table-default \" border=\"0\">\n<thead>\r\n<tr><th >Nom g\u00e9n\u00e9rique<\/th>\n<th >Bupivaca\u00efne injectable BP<\/th>\n<\/tr>\n<\/thead>\n<tbody>\r\n<tr><td >Marque de r\u00e9f\u00e9rence<\/td>\n<td >Sensorcaine\u00ae<\/td>\n<\/tr>\n\r\n<tr><td >DIN<\/td>\n<td >02443694<\/td>\n<\/tr>\n\r\n<tr><td >GTIN<\/td>\n<td >834324001791<\/td>\n<\/tr>\n\r\n<tr><td >Teneur<\/td>\n<td >0.5 % (5 mg \/ mL)<\/td>\n<\/tr>\n\r\n<tr><td >Volume<\/td>\n<td > 10 mL<\/td>\n<\/tr>\n\r\n<tr><td >Format<\/td>\n<td >Fiole<\/td>\n<\/tr>\n\r\n<tr><td >Pr\u00e9sentation<\/td>\n<td >10<\/td>\n<\/tr>\n\r\n<tr><td >Classe th\u00e9rapeutique<\/td>\n<td >Anesth\u00e9sique local<\/td>\n<\/tr>\n\r\n<tr><td >Notice du produit<\/td>\n<td ><a href=\"https:\/\/sterimaxinc.com\/wp-content\/uploads\/2016\/06\/IIBX000.01-Bupivacaine-insert-1.pdf\">Cliquez ici<\/a><\/td>\n<\/tr>\n\r\n<tr><td >Monographie du produit<\/td>\n<td ><a href=\"https:\/\/sterimaxinc.com\/wp-content\/uploads\/2018\/08\/Bupivacaine-PM-French-July-13-2015.pdf\">Cliquez ici<\/a><\/td>\n<\/tr>\n<\/tbody><\/table><\/div>[\/vc_column_text][\/vc_column][vc_column width=\u00a0\u00bb1\/3&Prime; el_class=\u00a0\u00bbapollo-ie-img-center\u00a0\u00bb][vc_single_image source=\u00a0\u00bbexternal_link\u00a0\u00bb external_img_size=\u00a0\u00bb179&#215;59&Prime; onclick=\u00a0\u00bbimg_link_large\u00a0\u00bb css=\u00a0\u00bb\u00a0\u00bb custom_src=\u00a0\u00bb\/wp-content\/uploads\/2016\/06\/xbupivicaine-0-5-10-ml.png.pagespeed.ic.lGmg8oK1lR.webp\u00a0\u00bb  alignment=\u00a0\u00bbcenter\u00a0\u00bb][vc_column_text]\n<h4>Codes Unitaires<\/h4>\n<div class=\"table-responsive\"><table  style=\"width:100%; \"  class=\"easy-table easy-table-default \" border=\"0\">\n<thead>\r\n<tr><th >SteriMax:<\/th>\n<th style=\"font-weight: normal;\">ST-BX213<\/th>\n<\/tr>\n<\/thead>\n<tbody>\r\n<tr><td >McKesson:<\/td>\n<td >095753<\/td>\n<\/tr>\n\r\n<tr><td >Jean Coutu:<\/td>\n<td >751645<\/td>\n<\/tr>\n\r\n<tr><td >McMahon:<\/td>\n<td >10095683<\/td>\n<\/tr>\n\r\n<tr><td >CB Medical:<\/td>\n<td >ST-BX213<\/td>\n<\/tr>\n<\/tbody><\/table><\/div>[\/vc_column_text][\/vc_column][\/vc_row][vc_row row_bg=\u00a0\u00bbdefault\u00a0\u00bb html_opacity=\u00a0\u00bb1&Prime; video_opacity=\u00a0\u00bb1&Prime; video_quality=\u00a0\u00bbdefault\u00a0\u00bb padding_top=\u00a0\u00bb15&Prime;][vc_column width=\u00a0\u00bb1\/4&Prime;][vc_column_text]<img loading=\"lazy\" decoding=\"async\" class=\"alignleft size-full wp-image-3825\" src=\"https:\/\/sterimaxinc.com\/wp-content\/uploads\/2014\/09\/yes-icon2.png\" alt=\"yes-icon\" width=\"20\" height=\"17\" \/>Bouchon sans latex<\/p>\n<p><img loading=\"lazy\" decoding=\"async\" class=\"alignleft size-full wp-image-3822\" src=\"https:\/\/sterimaxinc.com\/wp-content\/uploads\/2014\/09\/yes-icon2.png\" alt=\"yes-icon\" width=\"20\" height=\"17\" \/>Sans agent de conservation[\/vc_column_text][\/vc_column][vc_column width=\u00a0\u00bb3\/4&Prime;][vc_column_text]<div class=\"table-responsive\"><table  style=\"width:100%; \"  class=\"easy-table easy-table-default \" border=\"0\">\n<thead>\r\n<tr><th >Remboursement par la Liste des m\u00e9dicaments provinciale<\/th>\n<th >\u2713:Produit inscrit<\/th>\n<th >P: En instance<\/th>\n<th >I:Produits interchangeables seulement<\/th>\n<\/tr>\n<\/thead>\n<tbody><\/tbody><\/table><\/div>\n<div class=\"table-responsive\"><table  style=\"width:100%; \"  class=\"easy-table easy-table-default \" border=\"0\">\n<thead>\r\n<tr><th >C.-B.<\/th>\n<th >Alb.<\/th>\n<th >Sask.<\/th>\n<th >Man.<\/th>\n<th >Ont.<\/th>\n<th >Qc<\/th>\n<th >N.-B.<\/th>\n<th >\u00ce.-P.-\u00c9.<\/th>\n<th >N.-\u00c9.<\/th>\n<th >T.-N.-L.<\/th>\n<\/tr>\n<\/thead>\n<tbody>\r\n<tr><td style=\"font-weight: normal;\">N\/D<\/td>\n<td >\u2713<\/td>\n<td >N\/D<\/td>\n<td >N\/D<\/td>\n<td >N\/D<\/td>\n<td >N\/D<\/td>\n<td >N\/D<\/td>\n<td >N\/D<\/td>\n<td >\u2713<\/td>\n<td >N\/D<\/td>\n<\/tr>\n<\/tbody><\/table><\/div>[\/vc_column_text][\/vc_column][\/vc_row][vc_row][vc_column width=\u00a0\u00bb1\/1&Prime;][vc_column_text]\n<h4>Description du produit<\/h4>\n<p>L\u2019utilisation de Bupivaca\u00efne injectable BP (chlorhydrate de bupivaca\u00efne) est indiqu\u00e9e en vue des interventions suivantes :<\/p>\n<ul>\n<li>infiltration locale<\/li>\n<li>bloc des nerfs majeurs ou mineurs p\u00e9riph\u00e9riques<\/li>\n<li>bloc p\u00e9ridural en vue d\u2019une chirurgie<\/li>\n<li>bloc p\u00e9ridural par perfusion continue ou bolus intermittent pour le soulagement des douleurs postop\u00e9ratoires ou des douleurs de l&rsquo;accouchement (travail).<\/li>\n<\/ul>\n[\/vc_column_text][\/vc_column][\/vc_row]\n<\/div>","protected":false},"excerpt":{"rendered":"[vc_row][vc_column width=\u00a0\u00bb2\/3&Prime;][vc_column_text] Bupivaca\u00efne injectable BP &nbsp; [\/vc_column_text][\/vc_column][vc_column width=\u00a0\u00bb1\/3&Prime; el_class=\u00a0\u00bbapollo-ie-img-center\u00a0\u00bb][vc_single_image source=\u00a0\u00bbexternal_link\u00a0\u00bb external_img_size=\u00a0\u00bb179&#215;59&Prime; onclick=\u00a0\u00bbimg_link_large\u00a0\u00bb css=\u00a0\u00bb\u00a0\u00bb custom_src=\u00a0\u00bb\/wp-content\/uploads\/2016\/06\/xbupivicaine-0-5-10-ml.png.pagespeed.ic.lGmg8oK1lR.webp\u00a0\u00bb alignment=\u00a0\u00bbcenter\u00a0\u00bb][vc_column_text] Codes Unitaires [\/vc_column_text][\/vc_column][\/vc_row][vc_row row_bg=\u00a0\u00bbdefault\u00a0\u00bb html_opacity=\u00a0\u00bb1&Prime; video_opacity=\u00a0\u00bb1&Prime; video_quality=\u00a0\u00bbdefault\u00a0\u00bb padding_top=\u00a0\u00bb15&Prime;][vc_column width=\u00a0\u00bb1\/4&Prime;][vc_column_text]Bouchon sans latex Sans agent de conservation[\/vc_column_text][\/vc_column][vc_column width=\u00a0\u00bb3\/4&Prime;][vc_column_text] [\/vc_column_text][\/vc_column][\/vc_row][vc_row][vc_column width=\u00a0\u00bb1\/1&Prime;][vc_column_text] Description du produit L\u2019utilisation de Bupivaca\u00efne injectable BP (chlorhydrate de bupivaca\u00efne) est indiqu\u00e9e en vue des interventions suivantes : infiltration locale bloc [&#8230;]\n","protected":false},"author":1,"featured_media":0,"parent":3237,"menu_order":0,"comment_status":"closed","ping_status":"closed","template":"","meta":{"footnotes":""},"class_list":["post-3244","page","type-page","status-publish","hentry"],"_links":{"self":[{"href":"https:\/\/sterimaxinc.com\/fr\/wp-json\/wp\/v2\/pages\/3244","targetHints":{"allow":["GET"]}}],"collection":[{"href":"https:\/\/sterimaxinc.com\/fr\/wp-json\/wp\/v2\/pages"}],"about":[{"href":"https:\/\/sterimaxinc.com\/fr\/wp-json\/wp\/v2\/types\/page"}],"author":[{"embeddable":true,"href":"https:\/\/sterimaxinc.com\/fr\/wp-json\/wp\/v2\/users\/1"}],"replies":[{"embeddable":true,"href":"https:\/\/sterimaxinc.com\/fr\/wp-json\/wp\/v2\/comments?post=3244"}],"version-history":[{"count":0,"href":"https:\/\/sterimaxinc.com\/fr\/wp-json\/wp\/v2\/pages\/3244\/revisions"}],"up":[{"embeddable":true,"href":"https:\/\/sterimaxinc.com\/fr\/wp-json\/wp\/v2\/pages\/3237"}],"wp:attachment":[{"href":"https:\/\/sterimaxinc.com\/fr\/wp-json\/wp\/v2\/media?parent=3244"}],"curies":[{"name":"wp","href":"https:\/\/api.w.org\/{rel}","templated":true}]}}