{"id":2728,"date":"2024-05-02T18:34:35","date_gmt":"2024-05-02T18:34:35","guid":{"rendered":"https:\/\/sterimaxinc.com\/?page_id=2728"},"modified":"2024-07-09T21:21:37","modified_gmt":"2024-07-09T21:21:37","slug":"other-products","status":"publish","type":"page","link":"https:\/\/sterimaxinc.com\/fr\/products\/other-products\/","title":{"rendered":"Autres produits"},"content":{"rendered":"<div class=\"wpb-content-wrapper\">\n  <div class=\"banner has-hover\" id=\"banner-1764356165\">\n          <div class=\"banner-inner fill\">\n        <div class=\"banner-bg fill\" >\n            <div class=\"bg fill bg-fill \"><\/div>\n                                    \n                    <\/div>\n        <div class=\"banner-layers container\">\n            <div class=\"fill banner-link\"><\/div>            \n   <div id=\"text-box-1095332831\" class=\"text-box banner-layer x50 md-x50 lg-x50 y50 md-y50 lg-y50 res-text\">\n                                <div class=\"text-box-content text dark\">\n              \n              <div class=\"text-inner text-center\">\n                  \n\t<div id=\"text-372604155\" class=\"text\">\n\t\t\n<h1><strong>Autres produits<\/strong><\/h1>\n\t\t\n<style>\n#text-372604155 {\n  text-align: center;\n}\n<\/style>\n\t<\/div>\n\t\n              <\/div>\n           <\/div>\n                            \n<style>\n#text-box-1095332831 {\n  width: 100%;\n}\n#text-box-1095332831 .text-box-content {\n  font-size: 100%;\n}\n<\/style>\n    <\/div>\n \n        <\/div>\n      <\/div>\n\n            \n<style>\n#banner-1764356165 {\n  padding-top: 350px;\n  background-color: rgb(255,255,255);\n}\n#banner-1764356165 .bg.bg-loaded {\n  background-image: url(https:\/\/sterimaxinc.com\/wp-content\/uploads\/2014\/12\/landing-1024x287.jpg);\n}\n<\/style>\n  <\/div>\n\n\n<div class=\"row\"  id=\"row-1152040900\">\n\n\t<div id=\"col-724946270\" class=\"col small-12 large-12\"  >\n\t\t\t\t<div class=\"col-inner\"  >\n\t\t\t\n\t\t\t<div class=\"wpb_single_image wpb_content_element align-left\"><a href=\"\/wp-content\/uploads\/2014\/09\/xdihydroergotamine-mesylate-300x300.png.pagespeed.ic.gQLpDMCupg.webp\" target=\"_blank\" class=\"vc_single_image-wrapper   vc_box_border_grey \" rel=\"noopener\"><img  decoding=\"async\" class=\"vc_single_image-img  attachment-full ptoduct_img\" src=\"\/wp-content\/uploads\/2014\/09\/xdihydroergotamine-mesylate-300x300.png.pagespeed.ic.gQLpDMCupg.webp\" alt=\"\" data-pagespeed-url-hash=\"3483090481\" onload=\"pagespeed.CriticalImages.checkImageForCriticality(this);\"><\/a><\/div><div class=\"wpb_single_image wpb_content_element apollo-rotate align-center\"><a href=\"\/wp-content\/uploads\/2014\/12\/xDihydroergotamine-Mesylate-Nasal-Spray.jpg.pagespeed.ic.HorvLgYAYw.webp\" target=\"_blank\" class=\"vc_single_image-wrapper   vc_box_border_grey \" rel=\"noopener\"><img loading=\"lazy\" width=\"179\" height=\"59\" decoding=\"async\" class=\"vc_single_image-img  attachment-full  ptoduct_barcode\" src=\"\/wp-content\/uploads\/2014\/12\/xDihydroergotamine-Mesylate-Nasal-Spray.jpg.pagespeed.ic.HorvLgYAYw.webp\" alt=\"\" data-pagespeed-url-hash=\"3483090481\" onload=\"pagespeed.CriticalImages.checkImageForCriticality(this);\"><\/a><\/div><div class=\"wpb_single_image wpb_content_element align-left\"><a href=\"\/wp-content\/uploads\/2014\/12\/xnebusal-300x300.png.pagespeed.ic.4OWabZ1PyA.webp\" target=\"_blank\" class=\"vc_single_image-wrapper   vc_box_border_grey \" rel=\"noopener\"><img  decoding=\"async\" class=\"vc_single_image-img  attachment-full ptoduct_img\" src=\"\/wp-content\/uploads\/2014\/12\/xnebusal-300x300.png.pagespeed.ic.4OWabZ1PyA.webp\" alt=\"\" data-pagespeed-url-hash=\"3483090481\" onload=\"pagespeed.CriticalImages.checkImageForCriticality(this);\"><\/a><\/div><div class=\"wpb_single_image wpb_content_element apollo-rotate align-center\"><a href=\"\/wp-content\/uploads\/2014\/12\/xHypertonic-Sodium-Chloride-Solution.jpg.pagespeed.ic.A4ixorbuee.webp\" target=\"_blank\" class=\"vc_single_image-wrapper   vc_box_border_grey \" rel=\"noopener\"><img loading=\"lazy\" width=\"179\" height=\"59\" decoding=\"async\" class=\"vc_single_image-img  attachment-full  ptoduct_barcode\" src=\"\/wp-content\/uploads\/2014\/12\/xHypertonic-Sodium-Chloride-Solution.jpg.pagespeed.ic.A4ixorbuee.webp\" alt=\"\" data-pagespeed-url-hash=\"3483090481\" onload=\"pagespeed.CriticalImages.checkImageForCriticality(this);\"><\/a><\/div><div class=\"wpb_single_image wpb_content_element align-center\"><a href=\"http:\/\/www.healthsteward.ca\" target=\"_blank\" class=\"vc_single_image-wrapper   vc_box_border_grey \" rel=\"noopener\"><img  decoding=\"async\" class=\"vc_single_image-img  attachment-full health_img\" src=\"\/wp-content\/uploads\/2023\/06\/xhealth-prod.png.pagespeed.ic.tZEPdtIlTP.webp\" alt=\"\" data-pagespeed-url-hash=\"3483090481\" onload=\"pagespeed.CriticalImages.checkImageForCriticality(this);\"><\/a><\/div>\n[vc_row][vc_column][vc_column_text]\n[\/vc_column_text][\/vc_column][\/vc_row][vc_row row_bg=\u00a0\u00bbdefault\u00a0\u00bb html_opacity=\u00a0\u00bb1&Prime; video_opacity=\u00a0\u00bb1&Prime; video_quality=\u00a0\u00bbdefault\u00a0\u00bb padding_bottom=\u00a0\u00bb30&Prime;][vc_column width=\u00a0\u00bb1\/1&Prime;][vc_column_text]\n<h2 style=\"text-align: center;\"><strong><span style=\"color: #ff0000;\">Autres produits<\/span><\/strong><\/h2>\n<h2 style=\"text-align: center;\"><strong><span style=\"color: #ff0000;\">_____<\/span><\/strong><\/h2>\n<p>&nbsp;<\/p>\n<h4 style=\"text-align: center;\">Parcourir Alphab\u00e9tiquement: A B C <span style=\"text-decoration: underline; color: #ff0000;\"><a href=\"#dihydro\">D<\/a><\/span> E F G <span style=\"text-decoration: underline; color: #ff0000;\"><a href=\"#hypertonic\">H<\/a><\/span> I J K L M N O P Q R S T U V W X Y Z<\/h4>\n<p>&nbsp;<\/p>\n[\/vc_column_text][\/vc_column][\/vc_row][vc_row][vc_column][vc_column_text]\n[\/vc_column_text][\/vc_column][\/vc_row][vc_row][vc_column width=\u00a0\u00bb1\/1&Prime;][vc_column_text]\n<!--\n\n<h1 id=\"diclofenac\" style=\"font-weight: bold; color: #fee558;\">SOLUTION TOPIQUE DE DICLOF\u00c9NAC<\/h1>\n\n\n&#091;\/vc_column_text&#093;&#091;space height=\"20\"&#093;&#091;\/vc_column&#093;&#091;\/vc_row&#093;&#091;vc_row row_bg=\"default\" html_opacity=\"1\" video_opacity=\"1\" video_quality=\"default\" el_class=\"apollo-prod-label\"&#093;&#091;vc_column width=\"1\/6\"&#093;&#091;space height=\"20\"&#093;&#091;vc_column_text&#093;&#091;img_single src=\"\/wp-content\/uploads\/2015\/12\/xdiflonec.png.pagespeed.ic._M3jCl-10N.webp\" img_class=\"attachment-full ptoduct_img\" wrap_class=\"align-left\" target=\"_blank\"&#093;&#091;\/vc_column_text&#093;&#091;\/vc_column&#093;&#091;vc_column width=\"2\/3\" el_class=\"apollo-block\"&#093;&#091;space&#093;&#091;vc_row_inner&#093;&#091;vc_column_inner width=\"1\/3\"&#093;&#091;vc_column_text el_class=\"apollo-left-table\"&#093;&#091;table&#093;\nDIN,\n02434571\n&#091;\/table&#093;&#091;\/vc_column_text&#093;&#091;vc_column_text el_class=\"apollo-left-table\"&#093;&#091;table&#093;\nCODE DU PRODUIT,\nST-BP122\n&#091;\/table&#093;&#091;\/vc_column_text&#093;&#091;\/vc_column_inner&#093;&#091;vc_column_inner width=\"1\/3\" el_class=\"apollo-sizes\"&#093;&#091;vc_column_text&#093;\n\n\n<div class=\"apollo-sizes-title\" style=\"background-color: #e478ac;\">TENEUR<\/div>\n\n\n&#091;\/vc_column_text&#093;&#091;vc_column_text&#093;\n\n\n<div class=\"apollo-sizes-title\" style=\"background-color: #e478ac;\">VOLUME<\/div>\n\n\n&#091;\/vc_column_text&#093;&#091;vc_column_text&#093;\n\n\n<div class=\"apollo-sizes-cell\" style=\"border: 5px solid #E478AC; color: #e478ac;\">1,5 % w\/w\n(60 mL)<\/div>\n\n\n&#091;\/vc_column_text&#093;&#091;vc_column_text&#093;\n\n\n<div class=\"apollo-sizes-cell\" style=\"border: 5px solid #e478ac; color: #e478ac;\">2 \nBout.<\/div>\n\n\n&#091;\/vc_column_text&#093;&#091;space height=\"20\"&#093;&#091;\/vc_column_inner&#093;&#091;vc_column_inner width=\"1\/3\"&#093;&#091;vc_column_text el_class=\"apollo-right-table\"&#093;&#091;table&#093;\nCODES UNITAIRES&#091;\/table&#093;&#091;\/vc_column_text&#093;&#091;vc_column_text el_class=\"apollo-blue-table\"&#093;&#091;table&#093;\nMcKesson:,086873\n&#091;\/table&#093;&#091;\/vc_column_text&#093;&#091;\/vc_column_inner&#093;&#091;\/vc_row_inner&#093;&#091;space height=\"20\"&#093;&#091;vc_column_text el_class=\"apollo-list-product-link\"&#093;<a href=\"\/fr\/products\/other-products\/7151-2\/\">Diclofenac Topical Solution<\/a>&#091;\/vc_column_text&#093;&#091;vc_column_text&#093;\n\n\n<div class=\"apollo-border-color\" style=\"border-color: #fbff22;\">Border color<\/div>\n\n\n&#091;\/vc_column_text&#093;&#091;\/vc_column&#093;&#091;vc_column width=\"1\/6\"&#093;&#091;space height=\"70px\"&#093;&#091;vc_column_text&#093;&#091;img_single src=\"\/wp-content\/uploads\/2014\/12\/Diclofenac.jpg\" img_class=\"attachment-full  ptoduct_barcode\" wrap_class=\"apollo-rotate align-center\" target=\"_blank\" width=\"179\" height=\"59\"&#093;&#091;\/vc_column_text&#093;&#091;\/vc_column&#093;&#091;\/vc_row&#093;&#091;vc_row&#093;&#091;vc_column width=\"1\/1\"&#093;&#091;space&#093;&#091;\/vc_column&#093;&#091;\/vc_row&#093;--><br \/>\n[vc_row][vc_column width=\u00a0\u00bb1\/1&Prime;][vc_column_text]\n<h1 id=\"dihydro\" style=\"font-weight: bold; color: #78c4d6;\">M\u00c9SYLATE DE DIHYDROERGOTAMINE EN VAP. NAS.<\/h1>\n[\/vc_column_text]\t<div id=\"gap-543210922\" class=\"gap-element clearfix\" style=\"display:block; height:auto;\">\r\n\t\t\n<style>\n#gap-543210922 {\n  padding-top: 20;\n}\n<\/style>\n\t<\/div>\r\n\t[\/vc_column][\/vc_row][vc_row row_bg=\u00a0\u00bbdefault\u00a0\u00bb html_opacity=\u00a0\u00bb1&Prime; video_opacity=\u00a0\u00bb1&Prime; video_quality=\u00a0\u00bbdefault\u00a0\u00bb el_class=\u00a0\u00bbapollo-prod-label\u00a0\u00bb][vc_column width=\u00a0\u00bb1\/6&Prime;]\t<div id=\"gap-1453012200\" class=\"gap-element clearfix\" style=\"display:block; height:auto;\">\r\n\t\t\n<style>\n#gap-1453012200 {\n  padding-top: 20;\n}\n<\/style>\n\t<\/div>\r\n\t[vc_column_text][\/vc_column_text][\/vc_column][vc_column width=\u00a0\u00bb2\/3&Prime; el_class=\u00a0\u00bbapollo-block\u00a0\u00bb]\t<div id=\"gap-1237154372\" class=\"gap-element clearfix\" style=\"display:block; height:auto;\">\r\n\t\t\n<style>\n#gap-1237154372 {\n  padding-top: 30px;\n}\n<\/style>\n\t<\/div>\r\n\t[vc_row_inner][vc_column_inner width=\u00a0\u00bb1\/3&Prime;][vc_column_text el_class=\u00a0\u00bbapollo-left-table\u00a0\u00bb]<div class=\"table-responsive\"><table  style=\"width:100%; \"  class=\"easy-table easy-table-default \" border=\"0\">\n<thead>\r\n<tr><th >DIN<\/th>\n<th ><\/th>\n<\/tr>\n<\/thead>\n<tbody>\r\n<tr><td >02228947<\/td>\n<\/tr>\n<\/tbody><\/table><\/div>[\/vc_column_text][vc_column_text el_class=\u00a0\u00bbapollo-left-table\u00a0\u00bb]<div class=\"table-responsive\"><table  style=\"width:100%; \"  class=\"easy-table easy-table-default \" border=\"0\">\n<thead>\r\n<tr><th >CODE DU PRODUIT<\/th>\n<th ><\/th>\n<\/tr>\n<\/thead>\n<tbody>\r\n<tr><td >ST-00600<\/td>\n<\/tr>\n<\/tbody><\/table><\/div>[\/vc_column_text][\/vc_column_inner][vc_column_inner width=\u00a0\u00bb1\/3&Prime; el_class=\u00a0\u00bbapollo-sizes\u00a0\u00bb][vc_column_text]\n<div class=\"apollo-sizes-title\" style=\"background-color: #1e2750;\">TENEUR<\/div>\n[\/vc_column_text][vc_column_text]\n<div class=\"apollo-sizes-title\" style=\"background-color: #1e2750;\">VOLUME<\/div>\n[\/vc_column_text][vc_column_text]\n<div class=\"apollo-sizes-cell\" style=\"border: 5px solid #1E2750; color: #1e2750;\">4 mg \/ mL<br \/>\n(1 mL)<\/div>\n[\/vc_column_text][vc_column_text]\n<div class=\"apollo-sizes-cell\" style=\"border: 5px solid #1e2750; color: #1e2750;\">3<br \/>\nBout.<\/div>\n[\/vc_column_text]\t<div id=\"gap-241071402\" class=\"gap-element clearfix\" style=\"display:block; height:auto;\">\r\n\t\t\n<style>\n#gap-241071402 {\n  padding-top: 20;\n}\n<\/style>\n\t<\/div>\r\n\t[vc_column_text el_class=\u00a0\u00bbapollo-fl-left\u00a0\u00bb]Sans agent de conservation[\/vc_column_text][vc_column_text el_class=\u00a0\u00bbapollo-fl-right\u00a0\u00bb]\n<p style=\"text-align: right; line-height: 1;\">Bouchon sans latex<\/p>\n[\/vc_column_text]\t<div id=\"gap-746888230\" class=\"gap-element clearfix\" style=\"display:block; height:auto;\">\r\n\t\t\n<style>\n#gap-746888230 {\n  padding-top: 20;\n}\n<\/style>\n\t<\/div>\r\n\t[\/vc_column_inner][vc_column_inner width=\u00a0\u00bb1\/3&Prime;][vc_column_text el_class=\u00a0\u00bbapollo-right-table\u00a0\u00bb]<div class=\"table-responsive\"><table  style=\"width:100%; \"  class=\"easy-table easy-table-default \" border=\"0\">\n<thead>\r\n<tr><th >CODES UNITAIRES<\/th>\n<\/tr>\n<\/thead>\n<tbody><\/tbody><\/table><\/div>[\/vc_column_text][vc_column_text el_class=\u00a0\u00bbapollo-blue-table\u00a0\u00bb]<div class=\"table-responsive\"><table  style=\"width:100%; \"  class=\"easy-table easy-table-default \" border=\"0\">\n<thead>\r\n<tr><th >McKesson:<\/th>\n<th >828152<\/th>\n<\/tr>\n<\/thead>\n<tbody>\r\n<tr><td >K&amp;F:<\/td>\n<td >81021<\/td>\n<\/tr>\n\r\n<tr><td >McMahon:<\/td>\n<td >10054772<\/td>\n<\/tr>\n\r\n<tr><td >Lawton&rsquo;s:<\/td>\n<td >935767<\/td>\n<\/tr>\n\r\n<tr><td >Familiprix:<\/td>\n<td >018499<\/td>\n<\/tr>\n\r\n<tr><td >Jean Coutu:<\/td>\n<td >757608<\/td>\n<\/tr>\n\r\n<tr><td >SDM:<\/td>\n<td >834324000060<\/td>\n<\/tr>\n\r\n<tr><td >Unipharm:<\/td>\n<td >00744987<\/td>\n<\/tr>\n\r\n<tr><td >VDMA:<\/td>\n<td >091308<\/td>\n<\/tr>\n<\/tbody><\/table><\/div>[\/vc_column_text][\/vc_column_inner][\/vc_row_inner]\t<div id=\"gap-586566573\" class=\"gap-element clearfix\" style=\"display:block; height:auto;\">\r\n\t\t\n<style>\n#gap-586566573 {\n  padding-top: 20;\n}\n<\/style>\n\t<\/div>\r\n\t[vc_column_text el_class=\u00a0\u00bbapollo-list-product-link\u00a0\u00bb]<a href=\"\/fr\/products\/other-products\/dihydroergotamine-mesylate-nasal-spray\/\">DHE<\/a>[\/vc_column_text][vc_column_text]\n<div class=\"apollo-border-color\" style=\"border-color: #000000;\">Border color<\/div>\n[\/vc_column_text][\/vc_column][vc_column width=\u00a0\u00bb1\/6&Prime;]\t<div id=\"gap-525775760\" class=\"gap-element clearfix\" style=\"display:block; height:auto;\">\r\n\t\t\n<style>\n#gap-525775760 {\n  padding-top: 70px;\n}\n<\/style>\n\t<\/div>\r\n\t[vc_column_text][\/vc_column_text][\/vc_column][\/vc_row][vc_row][vc_column width=\u00a0\u00bb1\/1&Prime;]\t<div id=\"gap-532754648\" class=\"gap-element clearfix\" style=\"display:block; height:auto;\">\r\n\t\t\n<style>\n#gap-532754648 {\n  padding-top: 30px;\n}\n<\/style>\n\t<\/div>\r\n\t[\/vc_column][\/vc_row]\n[vc_row][vc_column width=\u00a0\u00bb1\/1&Prime;][vc_column_text]\n<h1 id=\"hypertonic\" style=\"font-weight: bold; color: #009674;\">SOLUTION DE CHLORURE DE SODIUM HYPERTONIQUE<\/h1>\n[\/vc_column_text]\t<div id=\"gap-570304528\" class=\"gap-element clearfix\" style=\"display:block; height:auto;\">\r\n\t\t\n<style>\n#gap-570304528 {\n  padding-top: 20;\n}\n<\/style>\n\t<\/div>\r\n\t[\/vc_column][\/vc_row][vc_row row_bg=\u00a0\u00bbdefault\u00a0\u00bb html_opacity=\u00a0\u00bb1&Prime; video_opacity=\u00a0\u00bb1&Prime; video_quality=\u00a0\u00bbdefault\u00a0\u00bb el_class=\u00a0\u00bbapollo-prod-label\u00a0\u00bb][vc_column width=\u00a0\u00bb1\/6&Prime;]\t<div id=\"gap-426985156\" class=\"gap-element clearfix\" style=\"display:block; height:auto;\">\r\n\t\t\n<style>\n#gap-426985156 {\n  padding-top: 20;\n}\n<\/style>\n\t<\/div>\r\n\t[vc_column_text][\/vc_column_text][\/vc_column][vc_column width=\u00a0\u00bb2\/3&Prime; el_class=\u00a0\u00bbapollo-block\u00a0\u00bb]\t<div id=\"gap-229324927\" class=\"gap-element clearfix\" style=\"display:block; height:auto;\">\r\n\t\t\n<style>\n#gap-229324927 {\n  padding-top: 30px;\n}\n<\/style>\n\t<\/div>\r\n\t[vc_row_inner][vc_column_inner width=\u00a0\u00bb1\/3&Prime;][vc_column_text el_class=\u00a0\u00bbapollo-left-table\u00a0\u00bb]<div class=\"table-responsive\"><table  style=\"width:100%; \"  class=\"easy-table easy-table-default \" border=\"0\">\n<thead>\r\n<tr><th >NPN<\/th>\n<th ><\/th>\n<\/tr>\n<\/thead>\n<tbody>\r\n<tr><td >80029758<\/td>\n<\/tr>\n<\/tbody><\/table><\/div>[\/vc_column_text][vc_column_text el_class=\u00a0\u00bbapollo-left-table\u00a0\u00bb]<div class=\"table-responsive\"><table  style=\"width:100%; \"  class=\"easy-table easy-table-default \" border=\"0\">\n<thead>\r\n<tr><th >CODE DU PRODUIT<\/th>\n<th ><\/th>\n<\/tr>\n<\/thead>\n<tbody>\r\n<tr><td >ST-BD111<\/td>\n<\/tr>\n<\/tbody><\/table><\/div>[\/vc_column_text][\/vc_column_inner][vc_column_inner width=\u00a0\u00bb1\/3&Prime; el_class=\u00a0\u00bbapollo-sizes\u00a0\u00bb][vc_column_text]\n<div class=\"apollo-sizes-title\" style=\"background-color: #0067b8;\">TENEUR<\/div>\n[\/vc_column_text][vc_column_text]\n<div class=\"apollo-sizes-title\" style=\"background-color: #0067b8;\">VOLUME<\/div>\n[\/vc_column_text][vc_column_text]\n<div class=\"apollo-sizes-cell\" style=\"border: 5px solid #0067B8; color: #0067b8;\">7 %<\/div>\n[\/vc_column_text][vc_column_text]\n<div class=\"apollo-sizes-cell\" style=\"border: 5px solid #0067B8; color: #0067b8;\">60<br \/>\nAmp<\/div>\n[\/vc_column_text]\t<div id=\"gap-858194538\" class=\"gap-element clearfix\" style=\"display:block; height:auto;\">\r\n\t\t\n<style>\n#gap-858194538 {\n  padding-top: 20;\n}\n<\/style>\n\t<\/div>\r\n\t[vc_column_text el_class=\u00a0\u00bbapollo-fl-left\u00a0\u00bb]Sans agent de conservation[\/vc_column_text][vc_column_text el_class=\u00a0\u00bbapollo-fl-right\u00a0\u00bb]Bouchon sans latex[\/vc_column_text][\/vc_column_inner][vc_column_inner width=\u00a0\u00bb1\/3&Prime;][vc_column_text el_class=\u00a0\u00bbapollo-right-table\u00a0\u00bb]<div class=\"table-responsive\"><table  style=\"width:100%; \"  class=\"easy-table easy-table-default \" border=\"0\">\n<thead>\r\n<tr><th >CODES UNITAIRES<\/th>\n<\/tr>\n<\/thead>\n<tbody><\/tbody><\/table><\/div>[\/vc_column_text][vc_column_text el_class=\u00a0\u00bbapollo-blue-table\u00a0\u00bb]<div class=\"table-responsive\"><table  style=\"width:100%; \"  class=\"easy-table easy-table-default \" border=\"0\">\n<thead>\r\n<tr><th >McKesson:<\/th>\n<th >029100<\/th>\n<\/tr>\n<\/thead>\n<tbody>\r\n<tr><td >K&amp;F:<\/td>\n<td >153429<\/td>\n<\/tr>\n\r\n<tr><td >McMahon:<\/td>\n<td >27503501<\/td>\n<\/tr>\n\r\n<tr><td >Familiprix:<\/td>\n<td >002977<\/td>\n<\/tr>\n\r\n<tr><td >Jean Coutu:<\/td>\n<td >756667<\/td>\n<\/tr>\n\r\n<tr><td >Unipharm:<\/td>\n<td >02407641<\/td>\n<\/tr>\n<\/tbody><\/table><\/div>[\/vc_column_text][\/vc_column_inner][\/vc_row_inner]\t<div id=\"gap-306372285\" class=\"gap-element clearfix\" style=\"display:block; height:auto;\">\r\n\t\t\n<style>\n#gap-306372285 {\n  padding-top: 20;\n}\n<\/style>\n\t<\/div>\r\n\t[vc_column_text el_class=\u00a0\u00bbapollo-list-product-link\u00a0\u00bb]<a href=\"\/fr\/products\/other-products\/hypertonic-sodium-chloride-solution\/\">hypertonic<\/a>[\/vc_column_text][vc_column_text]\n<div class=\"apollo-border-color\" style=\"border-color: #00ab8e;\">Border color<\/div>\n[\/vc_column_text][\/vc_column][vc_column width=\u00a0\u00bb1\/6&Prime;]\t<div id=\"gap-1670380731\" class=\"gap-element clearfix\" style=\"display:block; height:auto;\">\r\n\t\t\n<style>\n#gap-1670380731 {\n  padding-top: 70px;\n}\n<\/style>\n\t<\/div>\r\n\t[vc_column_text][\/vc_column_text][\/vc_column][\/vc_row][vc_row][vc_column width=\u00a0\u00bb1\/1&Prime;]\t<div id=\"gap-1881010664\" class=\"gap-element clearfix\" style=\"display:block; height:auto;\">\r\n\t\t\n<style>\n#gap-1881010664 {\n  padding-top: 30px;\n}\n<\/style>\n\t<\/div>\r\n\t[\/vc_column][\/vc_row][vc_row][vc_column width=\u00a0\u00bb1\/1&Prime;][vc_column_text]\n<!--\n\n<h1 id=\"keto\" style=\"font-weight: bold; color: #d5b3c9;\">K\u00c9TOTIF\u00c8NE SOLUTION OPHTALMIQUE<\/h1>\n\n\n&#091;\/vc_column_text&#093;&#091;space height=\"20\"&#093;&#091;\/vc_column&#093;&#091;\/vc_row&#093;&#091;vc_row row_bg=\"default\" html_opacity=\"1\" video_opacity=\"1\" video_quality=\"default\" el_class=\"apollo-prod-label\"&#093;&#091;vc_column width=\"1\/6\"&#093;&#091;space height=\"20\"&#093;&#091;vc_column_text&#093;&#091;img_single src=\"\/wp-content\/uploads\/2014\/09\/ketotifen-0-25mg-300x300.png\" img_class=\"attachment-full ptoduct_img\" wrap_class=\"align-left\" target=\"_blank\"&#093;&#091;\/vc_column_text&#093;&#091;\/vc_column&#093;&#091;vc_column width=\"2\/3\" el_class=\"apollo-block\"&#093;&#091;space&#093;&#091;vc_row_inner&#093;&#091;vc_column_inner width=\"1\/3\"&#093;&#091;vc_column_text el_class=\"apollo-left-table\"&#093;&#091;table&#093;\nDIN,\n02400871\n&#091;\/table&#093;&#091;\/vc_column_text&#093;&#091;vc_column_text el_class=\"apollo-left-table\"&#093;&#091;table&#093;\nCODE DU PRODUIT,\nST-BB111\n&#091;\/table&#093;&#091;\/vc_column_text&#093;&#091;\/vc_column_inner&#093;&#091;vc_column_inner width=\"1\/3\" el_class=\"apollo-sizes\"&#093;&#091;vc_column_text&#093;\n\n\n<div class=\"apollo-sizes-title\" style=\"background-color: #fe8625;\">TENEUR<\/div>\n\n\n&#091;\/vc_column_text&#093;&#091;vc_column_text&#093;\n\n\n<div class=\"apollo-sizes-title\" style=\"background-color: #fe8625;\">VOLUME<\/div>\n\n\n&#091;\/vc_column_text&#093;&#091;vc_column_text&#093;\n\n\n<div class=\"apollo-sizes-cell\" style=\"border: 5px solid #fe8625; color: #fe8625;\">0,25 mg \/ mL<\/div>\n\n\n&#091;\/vc_column_text&#093;&#091;vc_column_text&#093;\n\n\n<div class=\"apollo-sizes-cell\" style=\"border: 5px solid #fe8625; color: #fe8625;\">1\nBout.<\/div>\n\n\n&#091;\/vc_column_text&#093;&#091;space height=\"20\"&#093;&#091;vc_column_text el_class=\"apollo-fl-left\"&#093;Bouchon sans latex&#091;\/vc_column_text&#093;&#091;\/vc_column_inner&#093;&#091;vc_column_inner width=\"1\/3\"&#093;&#091;vc_column_text el_class=\"apollo-right-table\"&#093;&#091;table&#093;\nCODES UNITAIRES&#091;\/table&#093;&#091;\/vc_column_text&#093;&#091;vc_column_text el_class=\"apollo-blue-table\"&#093;&#091;table&#093;\nMcKesson:,038961\nK&amp;F:,150007\nMcMahon:,10066728\nLawton's:,820629\nFamiliprix:,005673\nJean Coutu:,756913\nSDM:,834324000268\nUnipharm:,02413631\nVDMA:,648469\n&#091;\/table&#093;&#091;\/vc_column_text&#093;&#091;\/vc_column_inner&#093;&#091;\/vc_row_inner&#093;&#091;space height=\"20\"&#093;&#091;vc_column_text el_class=\"apollo-list-product-link\"&#093;<a href=\"\/fr\/products\/other-products\/ketotifen-opthalmic-solution\/\">Ketotifen<\/a>&#091;\/vc_column_text&#093;&#091;vc_column_text&#093;\n\n\n<div class=\"apollo-border-color\" style=\"border-color: #cba3d8;\">Border color<\/div>\n\n\n&#091;\/vc_column_text&#093;&#091;\/vc_column&#093;&#091;vc_column width=\"1\/6\"&#093;&#091;space height=\"70px\"&#093;&#091;vc_column_text&#093;&#091;img_single src=\"\/wp-content\/uploads\/2014\/12\/Diclofenac.jpg\" img_class=\"attachment-full  ptoduct_barcode\" wrap_class=\"apollo-rotate align-center\" target=\"_blank\" width=\"179\" height=\"59\"&#093;&#091;\/vc_column_text&#093;&#091;\/vc_column&#093;&#091;\/vc_row&#093;-->[vc_row][vc_column width=\u00a0\u00bb1\/1&Prime;]\t<div id=\"gap-569357349\" class=\"gap-element clearfix\" style=\"display:block; height:auto;\">\r\n\t\t\n<style>\n#gap-569357349 {\n  padding-top: 30px;\n}\n<\/style>\n\t<\/div>\r\n\t[\/vc_column][\/vc_row]\n[vc_row][vc_column width=\u00a0\u00bb1\/4&Prime;][vc_column_text][\/vc_column_text][\/vc_column][vc_column width=\u00a0\u00bb3\/4&Prime;][vc_column_text]\n<div style=\"margin-top: 15px;\">Dans le cadre de notre engagement en faveur de l&rsquo;\u00e9limination responsable des m\u00e9dicaments [et\/ou objets tranchants \u00e0 usage m\u00e9dical], nous sommes fiers de soutenir les programmes de reprise des m\u00e9dicaments [programmes de collecte des objets tranchants] ger\u00e9 par l\u2019Association pour la r\u00e9cup\u00e9ration de produits sant\u00e9. Ces programmes offrent aux consommateurs un moyen s\u00fbr et pratique d\u2019\u00e9liminer des m\u00e9dicaments m\u00e9nagers inutilis\u00e9s ou p\u00e9rim\u00e9s (object tranchants) d&rsquo;une mani\u00e8re respectueuse de l&rsquo;environnement.<br \/>\nPour en savoir plus sur le stockage et la gestion appropri\u00e9s des produits pharmaceutiques [des objets tranchants] ou pour trouver un point de collecte pr\u00e8s de chez vous, nous vous encourageons \u00e0 visiter le site Web de l\u2019ARPS <a style=\"color: #354b96;\" href=\"http:\/\/www.healthsteward.ca\/fr\" target=\"_blank\" rel=\"noopener noreferrer\"><b>www.healthsteward.ca\/fr<\/b> <\/a>.<\/div>\n[\/vc_column_text][\/vc_column][\/vc_row]\n[vc_row][vc_column width=\u00a0\u00bb1\/1&Prime;]\t<div id=\"gap-1155773791\" class=\"gap-element clearfix\" style=\"display:block; height:auto;\">\r\n\t\t\n<style>\n#gap-1155773791 {\n  padding-top: 30px;\n}\n<\/style>\n\t<\/div>\r\n\t[\/vc_column][\/vc_row]\n\t\t<\/div>\n\t\t\t\t\t<\/div>\n\n\t\n<\/div>\n<\/div>","protected":false},"excerpt":{"rendered":"Autres produits [vc_row][vc_column][vc_column_text] [\/vc_column_text][\/vc_column][\/vc_row][vc_row row_bg=\"default\" html_opacity=\"1\" video_opacity=\"1\" video_quality=\"default\" padding_bottom=\"30\"][vc_column width=\"1\/1\"][vc_column_text] Autres produits _____ &nbsp; Parcourir Alphab\u00e9tiquement: A B C D E F G H I J K L M N O P Q R S T U V W X Y Z &nbsp; [\/vc_column_text][\/vc_column][\/vc_row][vc_row][vc_column][vc_column_text] [\/vc_column_text][\/vc_column][\/vc_row][vc_row][vc_column width=\"1\/1\"][vc_column_text] [vc_row][vc_column width=\"1\/1\"][vc_column_text] M\u00c9SYLATE DE DIHYDROERGOTAMINE EN VAP. NAS. [\/vc_column_text] [...]","protected":false},"author":1,"featured_media":0,"parent":2693,"menu_order":0,"comment_status":"closed","ping_status":"closed","template":"page-blank.php","meta":{"footnotes":""},"class_list":["post-2728","page","type-page","status-publish","hentry"],"_links":{"self":[{"href":"https:\/\/sterimaxinc.com\/fr\/wp-json\/wp\/v2\/pages\/2728","targetHints":{"allow":["GET"]}}],"collection":[{"href":"https:\/\/sterimaxinc.com\/fr\/wp-json\/wp\/v2\/pages"}],"about":[{"href":"https:\/\/sterimaxinc.com\/fr\/wp-json\/wp\/v2\/types\/page"}],"author":[{"embeddable":true,"href":"https:\/\/sterimaxinc.com\/fr\/wp-json\/wp\/v2\/users\/1"}],"replies":[{"embeddable":true,"href":"https:\/\/sterimaxinc.com\/fr\/wp-json\/wp\/v2\/comments?post=2728"}],"version-history":[{"count":0,"href":"https:\/\/sterimaxinc.com\/fr\/wp-json\/wp\/v2\/pages\/2728\/revisions"}],"up":[{"embeddable":true,"href":"https:\/\/sterimaxinc.com\/fr\/wp-json\/wp\/v2\/pages\/2693"}],"wp:attachment":[{"href":"https:\/\/sterimaxinc.com\/fr\/wp-json\/wp\/v2\/media?parent=2728"}],"curies":[{"name":"wp","href":"https:\/\/api.w.org\/{rel}","templated":true}]}}