{"id":2565,"date":"2024-05-02T14:27:21","date_gmt":"2024-05-02T14:27:21","guid":{"rendered":"https:\/\/sterimaxinc.com\/?page_id=2565"},"modified":"2024-07-09T21:17:59","modified_gmt":"2024-07-09T21:17:59","slug":"sterimax","status":"publish","type":"page","link":"https:\/\/sterimaxinc.com\/fr\/","title":{"rendered":"Sterimax FR"},"content":{"rendered":"<div class=\"slider-wrapper relative\" id=\"slider-153348304\" style=\"background-color:rgb(255,255,255);\">\n    <div class=\"slider slider-nav-dots-dashes-spaced slider-nav-simple slider-nav-large slider-nav-dark slider-nav-outside slider-style-normal\"\n        data-flickity-options='{\n            \"cellAlign\": \"center\",\n            \"imagesLoaded\": true,\n            \"lazyLoad\": 1,\n            \"freeScroll\": false,\n            \"wrapAround\": true,\n            \"autoPlay\": 6000,\n            \"pauseAutoPlayOnHover\" : true,\n            \"prevNextButtons\": true,\n            \"contain\" : true,\n            \"adaptiveHeight\" : true,\n            \"dragThreshold\" : 10,\n            \"percentPosition\": true,\n            \"pageDots\": false,\n            \"rightToLeft\": false,\n            \"draggable\": true,\n            \"selectedAttraction\": 0.1,\n            \"parallax\" : 0,\n            \"friction\": 0.6        }'\n        >\n        \n\n  <div class=\"banner has-hover\" id=\"banner-870844719\">\n          <div class=\"banner-inner fill\">\n        <div class=\"banner-bg fill\" >\n            <div class=\"bg fill bg-fill \"><\/div>\n                                    \n                    <\/div>\n        <div class=\"banner-layers container\">\n            <div class=\"fill banner-link\"><\/div>            \n   <div id=\"text-box-1230088161\" class=\"text-box banner-layer x50 md-x50 lg-x50 y50 md-y50 lg-y50 res-text\">\n                                <div class=\"text-box-content text dark\">\n              \n              <div class=\"text-inner text-center\">\n                  \n<h2><strong>SteriMax est une soci\u00e9t\u00e9 pharmaceutique <\/strong><\/h2>\n<p style=\"font-size: 22px; line-height: 1.6em;\">sp\u00e9cialis\u00e9e qui s\u2019efforce de maximiser le bien-\u00eatre des Canadiens.<\/p>\n<a href=\"\/our-mission\/\" target=\"_self\" class=\"button secondary\"  style=\"padding:15px 20px 15px 20px;\">\n    <span>QUI SOMMES-NOUS<\/span>\n  <\/a>\n\n              <\/div>\n           <\/div>\n                            \n<style>\n#text-box-1230088161 .text-box-content {\n  background-color: rgba(0, 0, 0, 0.5);\n  font-size: 100%;\n}\n#text-box-1230088161 .text-inner {\n  padding: 60px 40px 60px 40px;\n}\n#text-box-1230088161 {\n  width: 80%;\n}\n<\/style>\n    <\/div>\n \n        <\/div>\n      <\/div>\n\n            \n<style>\n#banner-870844719 {\n  padding-top: 500px;\n}\n#banner-870844719 .bg.bg-loaded {\n  background-image: 144;\n}\n<\/style>\n  <\/div>\n\n\n\n  <div class=\"banner has-hover\" id=\"banner-779143980\">\n          <div class=\"banner-inner fill\">\n        <div class=\"banner-bg fill\" >\n            <div class=\"bg fill bg-fill \"><\/div>\n                                    \n                    <\/div>\n        <div class=\"banner-layers container\">\n            <div class=\"fill banner-link\"><\/div>            \n   <div id=\"text-box-488304039\" class=\"text-box banner-layer x50 md-x50 lg-x50 y50 md-y50 lg-y50 res-text\">\n                                <div class=\"text-box-content text dark\">\n              \n              <div class=\"text-inner text-center\">\n                  \n<h2><strong>Des produits faciles \u00e0 utiliser<\/strong><\/h2>\n<p style=\"font-size: 22px; line-height: 1.6em;\">SteriMax offre une vaste gamme de produits qui r\u00e9pondent <br \/>aux besoins uniques des professionnels de soins de <br \/>sant\u00e9 d\u2019aujourd\u2019hui.<\/p>\n<a href=\"\/quality-product\/\" target=\"_self\" class=\"button secondary\"  style=\"padding:15px 20px 15px 20px;\">\n    <span>QUALITE DES PRODUCTS<\/span>\n  <\/a>\n\n              <\/div>\n           <\/div>\n                            \n<style>\n#text-box-488304039 .text-box-content {\n  background-color: rgba(0, 0, 0, 0.5);\n  font-size: 100%;\n}\n#text-box-488304039 .text-inner {\n  padding: 60px 40px 60px 40px;\n}\n#text-box-488304039 {\n  width: 70%;\n}\n<\/style>\n    <\/div>\n \n        <\/div>\n      <\/div>\n\n            \n<style>\n#banner-779143980 {\n  padding-top: 500px;\n}\n<\/style>\n  <\/div>\n\n\n\n  <div class=\"banner has-hover\" id=\"banner-365017457\">\n          <div class=\"banner-inner fill\">\n        <div class=\"banner-bg fill\" >\n            <div class=\"bg fill bg-fill \"><\/div>\n                                    \n                    <\/div>\n        <div class=\"banner-layers container\">\n            <div class=\"fill banner-link\"><\/div>            \n   <div id=\"text-box-1049714871\" class=\"text-box banner-layer x50 md-x50 lg-x50 y50 md-y50 lg-y50 res-text\">\n                                <div class=\"text-box-content text dark\">\n              \n              <div class=\"text-inner text-center\">\n                  \n<h2><strong>Une cha\u00eene d\u2019approvisionnement fiable<\/strong><\/h2>\n<p style=\"font-size: 22px; line-height: 1.6em;\">SteriMax dispose d\u2019une \u00e9quipe d\u2019experts d\u00e9di\u00e9s \u00e0 la surveillance <br \/>constante du march\u00e9 afin de garantir un approvisionnement<br \/> en produits fiable.<\/p>\n<a href=\"\/reliable-supply-chain\/\" target=\"_self\" class=\"button secondary\"  style=\"padding:15px 20px 15px 20px;\">\n    <span>VOIR COMMENT<\/span>\n  <\/a>\n\n              <\/div>\n           <\/div>\n                            \n<style>\n#text-box-1049714871 .text-box-content {\n  background-color: rgba(0, 0, 0, 0.5);\n  font-size: 100%;\n}\n#text-box-1049714871 .text-inner {\n  padding: 60px 40px 60px 40px;\n}\n#text-box-1049714871 {\n  width: 70%;\n}\n<\/style>\n    <\/div>\n \n        <\/div>\n      <\/div>\n\n            \n<style>\n#banner-365017457 {\n  padding-top: 500px;\n}\n<\/style>\n  <\/div>\n\n\n     <\/div>\n\n     <div class=\"loading-spin dark large centered\"><\/div>\n\n     \t<\/div>\n\n\n<p><!-------------------><\/p>\n<section class=\"bg-white--continue\">\n<div class=\"row\"  id=\"row-511461858\">\n\n\t<div id=\"col-1376481978\" class=\"col medium-4 small-12 large-4\"  >\n\t\t\t\t<div class=\"col-inner\"  >\n\t\t\t\n\t\t\t\n<div class=\"service service-one\">\n<div class=\"s_icon awesome\"><i class=\"fa fa-users\"><\/i><\/div>\n<div class=\"s_info\">\n<h3>Entreprise<\/h3>\n<p>              <a\n                class=\"tbutton small\"\n                href=\"\/company-information\/\"\n                ><span>En Savoir Plus<\/span><\/a\n              ><\/p>\n<p>\n                SteriMax se sp\u00e9cialise dans le d\u00e9veloppement, la production, la commercialisation et la distribution de produits essentiels destin\u00e9s aux h\u00f4pitaux et pharmacies de d\u00e9tail de l\u2019ensemble du march\u00e9 canadien des soins de sant\u00e9.\n              <\/p>\n<\/p><\/div><\/div>\n\t\t<\/div>\n\t\t\t\t\t<\/div>\n\n\t\n\n\t<div id=\"col-1680530903\" class=\"col medium-4 small-12 large-4\"  >\n\t\t\t\t<div class=\"col-inner\"  >\n\t\t\t\n\t\t\t\n<div class=\"service service-one\">\n<div class=\"s_icon awesome\"><i class=\"fa fa-flask\"><\/i><\/div>\n<div class=\"s_info\">\n<h3>Nos produits<\/h3>\n<p>              <a\n                class=\"tbutton small\"\n                href=\"\/products\/\"\n                ><span>Voir Nos Produits<\/span><\/a\n              ><\/p>\n<p>\n                SteriMax offre un portefeuille en expansion rapide de produits g\u00e9n\u00e9riques et de marque. Offrir constamment des solutions st\u00e9riles injectables, des m\u00e9dicaments solides par voie orale et d\u2019autres produits essentiels de haute qualit\u00e9 est au c\u0153ur des activit\u00e9s de SteriMax.\n              <\/p>\n<\/p><\/div><\/div>\n\t\t<\/div>\n\t\t\t\t\t<\/div>\n\n\t\n\n\t<div id=\"col-1665676549\" class=\"col medium-4 small-12 large-4\"  >\n\t\t\t\t<div class=\"col-inner\"  >\n\t\t\t\n\t\t\t\n<div class=\"service service-one\">\n<div class=\"s_icon awesome\"><i class=\"fa fa-stethoscope\"><\/i><\/div>\n<div class=\"s_info\">\n<h3>Notre objectif<\/h3>\n<p>              <a\n                class=\"tbutton small\"\n                href=\"\/our-mission\/\"\n                ><span>En Savoir Plus<\/span><\/a\n              ><\/p>\n<p>\n                Nous croyons que tous les Canadiens ont droit \u00e0 un traitement m\u00e9dical efficace et accessible. Chez SteriMax, nous mettons tout en \u0153uvre pour r\u00e9aliser ce dessein en soutenant les produits de niche essentiels, de fa\u00e7on rentable, disponibles selon le besoin aux moments opportuns et aux endroits voulus.\n              <\/p>\n<\/p><\/div><\/div>\n\t\t<\/div>\n\t\t\t\t\t<\/div>\n\n\t\n<\/div>\n<\/section>\n<p><!-------------------><\/p>\n<section class=\"bg-white--continue\">\n\n  <div class=\"banner has-hover\" id=\"banner-1524872572\">\n          <div class=\"banner-inner fill\">\n        <div class=\"banner-bg fill\" >\n            <div class=\"bg fill bg-fill \"><\/div>\n                                    \n                    <\/div>\n        <div class=\"banner-layers container\">\n            <div class=\"fill banner-link\"><\/div>            \n   <div id=\"text-box-1485209863\" class=\"text-box banner-layer x0 md-x0 lg-x0 y50 md-y50 lg-y50 res-text\">\n                                <div class=\"text-box-content text dark\">\n              \n              <div class=\"text-inner text-center\">\n                  \n<div class=\"row align-center\"  id=\"row-34547307\">\n\n\t<div id=\"col-1541487321\" class=\"col rev small-12 large-12\"  >\n\t\t\t\t<div class=\"col-inner\"  >\n\t\t\t\n\t\t\t\n<h2><strong class=\"rev--a\">D\u00e9sireux de r\u00e9pondre \u00e0 vos attentes <\/strong><\/h2>\n\t\t<\/div>\n\t\t\t\t\t<\/div>\n\n\t\n<\/div>\n<div class=\"row row-small\"  id=\"row-581637084\">\n\n\t<div id=\"col-1819936034\" class=\"col small-12 large-12\"  >\n\t\t\t\t<div class=\"col-inner\" style=\"background-color:rgba(0, 0, 0, 0.5);\" >\n\t\t\t\n\t\t\t\n<div class=\"row align-equal\"  id=\"row-924228230\">\n\n\t<div id=\"col-414901277\" class=\"col medium-3 small-6 large-3\"  >\n\t\t\t\t<div class=\"col-inner text-left\"  >\n\t\t\t\n\t\t\t\n<h3 class=\"b_box\" style=\"font-weight:700; line-height: 1.5rem; margin-left:0\">Des produits de qualit\u00e9<\/h3>\n<p style=\"text-align:left\">Des normes intransigeantes de fabrication, d\u2019emballage et de soutien en mati\u00e8re de produits.<br \/>&nbsp;&nbsp;<\/p>\n<a href=\"\/quality-product\/\" target=\"_self\" class=\"button secondary\"  >\n    <span>DECOUVRIR COMMENT<\/span>\n  <\/a>\n\n\t\t<\/div>\n\t\t\t\t\n<style>\n#col-414901277 > .col-inner {\n  padding: 40px 20px 20px 20px;\n}\n<\/style>\n\t<\/div>\n\n\t\n\n\t<div id=\"col-825740614\" class=\"col medium-3 small-6 large-3\"  >\n\t\t\t\t<div class=\"col-inner text-left\"  >\n\t\t\t\n\t\t\t\n<h3 class=\"b_box\" style=\"font-weight:700; line-height: 1.5rem; margin-left:0\">Un approvisionnement fiable<\/h3>\n<p style=\"text-align:left\">Une performance de travail \u00e9prouv\u00e9e pour assurer une cha\u00eene d\u2019approvisionnement en produits qui est constante et ininterrompue.<\/p>\n<a href=\"\/reliable-supply-chain\/\" target=\"_self\" class=\"button secondary\"  >\n    <span>AGIR DE FACON PROACTIVE<\/span>\n  <\/a>\n\n\t\t<\/div>\n\t\t\t\t\n<style>\n#col-825740614 > .col-inner {\n  padding: 40px 20px 20px 20px;\n}\n<\/style>\n\t<\/div>\n\n\t\n\n\t<div id=\"col-965925868\" class=\"col line--two medium-3 small-6 large-3\"  >\n\t\t\t\t<div class=\"col-inner text-left\"  >\n\t\t\t\n\t\t\t\n<h3 class=\"b_box\" style=\"font-weight:700; line-height: 1.5rem; margin-left:0\">Service de pointe<\/h3>\n<p style=\"text-align:left\">Notre service \u00e0 la client\u00e8le repose sur notre d\u00e9sir sinc\u00e8re de servir nos clients.<br \/>&nbsp;&nbsp;<\/p>\n<a href=\"\/customer-service\/\" target=\"_self\" class=\"button secondary\"  style=\"padding:15px 20px 15px 20px;\">\n    <span>EN SAVOIR PLUS<\/span>\n  <\/a>\n\n\t\t<\/div>\n\t\t\t\t\n<style>\n#col-965925868 > .col-inner {\n  padding: 40px 20px 20px 20px;\n}\n<\/style>\n\t<\/div>\n\n\t\n\n\t<div id=\"col-1885630022\" class=\"col line--two medium-3 small-6 large-3\"  >\n\t\t\t\t<div class=\"col-inner text-left\"  >\n\t\t\t\n\t\t\t\n<h3 class=\"b_box\" style=\"font-weight:700; line-height: 1.5rem; margin-left:0\">Entreprise familiale<\/h3>\n<p style=\"text-align:left; letter-spacing: -0.045em;\">En tant qu\u2019entreprise familiale, nous sommes une entit\u00e9 flexible, d\u00e9cisive et agile.<br \/>&nbsp;&nbsp;<\/p>\n<a href=\"\/our-story\/\" target=\"_self\" class=\"button secondary\"  style=\"padding:15px 20px 15px 20px;\">\n    <span>NOTRE HISTOIRE<\/span>\n  <\/a>\n\n\t\t<\/div>\n\t\t\t\t\n<style>\n#col-1885630022 > .col-inner {\n  padding: 40px 20px 20px 20px;\n}\n<\/style>\n\t<\/div>\n\n\t\n<\/div>\n\t\t<\/div>\n\t\t\t\t\t<\/div>\n\n\t\n<\/div>\n              <\/div>\n           <\/div>\n                            \n<style>\n#text-box-1485209863 {\n  width: 100%;\n}\n#text-box-1485209863 .text-box-content {\n  font-size: 100%;\n}\n<\/style>\n    <\/div>\n \n        <\/div>\n      <\/div>\n\n            \n<style>\n#banner-1524872572 {\n  padding-top: 450px;\n  background-color: rgb(255,255,255);\n}\n#banner-1524872572 .bg.bg-loaded {\n  background-image: url(https:\/\/sterimaxinc.com\/wp-content\/uploads\/2024\/04\/meeting-group.jpg);\n}\n<\/style>\n  <\/div>\n\n\n<\/section>\n<p><!--------><\/p>\n<section class=\"bg-white--continue\">\n<div class=\"row\"  id=\"row-433677339\">\n\n\t<div id=\"col-2129433723\" class=\"col small-12 large-12\"  >\n\t\t\t\t<div class=\"col-inner text-center\"  >\n\t\t\t\n\t\t\t\n<h3 class=\"r\">We are all working together to improve healthcare,<br \/>but it\u2019s how we do it together that makes a difference.<\/h3>\n\t\t<\/div>\n\t\t\t\t\n<style>\n#col-2129433723 > .col-inner {\n  padding: 5% 19.8px 5% 19.8px;\n}\n<\/style>\n\t<\/div>\n\n\t\n<\/div>\n<\/section>\n","protected":false},"excerpt":{"rendered":"SteriMax est une soci\u00e9t\u00e9 pharmaceutique sp\u00e9cialis\u00e9e qui s\u2019efforce de maximiser le bien-\u00eatre des Canadiens. QUI SOMMES-NOUS Des produits faciles \u00e0 utiliserSteriMax offre une vaste gamme de produits qui r\u00e9pondent aux besoins uniques des professionnels de soins de sant\u00e9 d\u2019aujourd\u2019hui. QUALITE DES PRODUCTS Une cha\u00eene d\u2019approvisionnement fiableSteriMax dispose d\u2019une \u00e9quipe d\u2019experts d\u00e9di\u00e9s \u00e0 la surveillance constante [...]","protected":false},"author":1,"featured_media":0,"parent":0,"menu_order":0,"comment_status":"closed","ping_status":"closed","template":"page-blank.php","meta":{"footnotes":""},"class_list":["post-2565","page","type-page","status-publish","hentry"],"_links":{"self":[{"href":"https:\/\/sterimaxinc.com\/fr\/wp-json\/wp\/v2\/pages\/2565","targetHints":{"allow":["GET"]}}],"collection":[{"href":"https:\/\/sterimaxinc.com\/fr\/wp-json\/wp\/v2\/pages"}],"about":[{"href":"https:\/\/sterimaxinc.com\/fr\/wp-json\/wp\/v2\/types\/page"}],"author":[{"embeddable":true,"href":"https:\/\/sterimaxinc.com\/fr\/wp-json\/wp\/v2\/users\/1"}],"replies":[{"embeddable":true,"href":"https:\/\/sterimaxinc.com\/fr\/wp-json\/wp\/v2\/comments?post=2565"}],"version-history":[{"count":0,"href":"https:\/\/sterimaxinc.com\/fr\/wp-json\/wp\/v2\/pages\/2565\/revisions"}],"wp:attachment":[{"href":"https:\/\/sterimaxinc.com\/fr\/wp-json\/wp\/v2\/media?parent=2565"}],"curies":[{"name":"wp","href":"https:\/\/api.w.org\/{rel}","templated":true}]}}